{"id":14755,"date":"2021-08-30T09:35:54","date_gmt":"2021-08-30T07:35:54","guid":{"rendered":"https:\/\/milook.se\/?page_id=14755"},"modified":"2022-02-14T12:45:02","modified_gmt":"2022-02-14T11:45:02","slug":"magasin","status":"publish","type":"page","link":"https:\/\/milook.se\/en\/magasin\/","title":{"rendered":""},"content":{"rendered":"<div class=\"qodef-row-grid-section-wrapper\"><div class=\"qodef-row-grid-section\"><div class=\"vc_row wpb_row vc_row-fluid vc_custom_1634107501309\"><div class=\"wpb_column vc_column_container vc_col-sm-12\"><div class=\"vc_column-inner\"><div class=\"wpb_wrapper\"><div class=\"qodef-portfolio-list-holder qodef-grid-list qodef-pl-gallery qodef-three-columns qodef-large-space qodef-disable-bottom-space qodef-pl-standard-shader  qodef-pl-has-shadow  qodef-pl-pag-no-pagination\" data-type=\"gallery\" data-number-of-columns=\"three\" data-space-between-items=\"large\" data-number-of-items=\"-1\" data-image-proportions=\"full\" data-enable-fixed-proportions=\"no\" data-enable-image-shadow=\"yes\" data-orderby=\"date\" data-order=\"DESC\" data-item-style=\"standard-shader\" data-enable-title=\"yes\" data-title-tag=\"h5\" data-enable-category=\"no\" data-enable-count-images=\"yes\" data-enable-excerpt=\"no\" data-excerpt-length=\"20\" data-pagination-type=\"no-pagination\" data-filter=\"no\" data-filter-order-by=\"name\" data-enable-article-animation=\"no\" data-portfolio-slider-on=\"no\" data-enable-loop=\"yes\" data-enable-autoplay=\"yes\" data-slider-speed=\"5000\" data-slider-speed-animation=\"600\" data-enable-navigation=\"yes\" data-enable-pagination=\"yes\" data-max-num-pages=\"0\" data-next-page=\"2\">\n\t\t<div class=\"qodef-pl-inner qodef-outer-space  clearfix\">\n\t\t<article class=\"qodef-pl-item qodef-item-space  post-67345 portfolio-item type-portfolio-item status-publish has-post-thumbnail hentry portfolio-category-kollektioner\">\n\t<div class=\"qodef-pl-item-inner\">\n\t\t<div class=\"qodef-pli-image\">\n\t<img loading=\"lazy\" decoding=\"async\" width=\"814\" height=\"1080\" src=\"https:\/\/milook.se\/wp-content\/uploads\/2022\/09\/header.jpg\" class=\"attachment-full size-full wp-post-image\" alt=\"\" srcset=\"https:\/\/milook.se\/wp-content\/uploads\/2022\/09\/header.jpg 814w, https:\/\/milook.se\/wp-content\/uploads\/2022\/09\/header-226x300.jpg 226w, https:\/\/milook.se\/wp-content\/uploads\/2022\/09\/header-772x1024.jpg 772w, https:\/\/milook.se\/wp-content\/uploads\/2022\/09\/header-768x1019.jpg 768w, https:\/\/milook.se\/wp-content\/uploads\/2022\/09\/header-9x12.jpg 9w, https:\/\/milook.se\/wp-content\/uploads\/2022\/09\/header-600x796.jpg 600w, https:\/\/milook.se\/wp-content\/uploads\/2022\/09\/header-64x85.jpg 64w\" sizes=\"(max-width: 814px) 100vw, 814px\"><\/div>\n<div class=\"qodef-pli-text-holder\">\n\t<div class=\"qodef-pli-text-wrapper\">\n\t\t<div class=\"qodef-pli-text\">\n\t\t\t\n\t\t\t\t<h5 itemprop=\"name\" class=\"qodef-pli-title entry-title\">\n\t\tAutumn Winter 2022\t<\/h5>\n\n\t\t\t\n\t\t\t\t\t<\/div>\n\t<\/div>\n<\/div>\n\t\t<a itemprop=\"url\" class=\"qodef-pli-link qodef-block-drag-link\" href=\"https:\/\/milook.se\/en\/portfolio-item\/autumn-winter-2022\/\" target=\"_self\"><\/a>\n\t<\/div>\n<\/article><article class=\"qodef-pl-item qodef-item-space  post-65523 portfolio-item type-portfolio-item status-publish has-post-thumbnail hentry portfolio-category-milook\">\n\t<div class=\"qodef-pl-item-inner\">\n\t\t<div class=\"qodef-pli-image\">\n\t<img loading=\"lazy\" decoding=\"async\" width=\"814\" height=\"1080\" src=\"https:\/\/milook.se\/wp-content\/uploads\/2022\/03\/Milook-press.jpg\" class=\"attachment-full size-full wp-post-image\" alt=\"\" srcset=\"https:\/\/milook.se\/wp-content\/uploads\/2022\/03\/Milook-press.jpg 814w, https:\/\/milook.se\/wp-content\/uploads\/2022\/03\/Milook-press-226x300.jpg 226w, https:\/\/milook.se\/wp-content\/uploads\/2022\/03\/Milook-press-772x1024.jpg 772w, https:\/\/milook.se\/wp-content\/uploads\/2022\/03\/Milook-press-768x1019.jpg 768w, https:\/\/milook.se\/wp-content\/uploads\/2022\/03\/Milook-press-9x12.jpg 9w, https:\/\/milook.se\/wp-content\/uploads\/2022\/03\/Milook-press-600x796.jpg 600w, https:\/\/milook.se\/wp-content\/uploads\/2022\/03\/Milook-press-64x85.jpg 64w\" sizes=\"(max-width: 814px) 100vw, 814px\"><\/div>\n<div class=\"qodef-pli-text-holder\">\n\t<div class=\"qodef-pli-text-wrapper\">\n\t\t<div class=\"qodef-pli-text\">\n\t\t\t\n\t\t\t\t<h5 itemprop=\"name\" class=\"qodef-pli-title entry-title\">\n\t\tPress\t<\/h5>\n\n\t\t\t\n\t\t\t\t\t<\/div>\n\t<\/div>\n<\/div>\n\t\t<a itemprop=\"url\" class=\"qodef-pli-link qodef-block-drag-link\" href=\"https:\/\/milook.se\/en\/portfolio-item\/milook-i-press\/\" target=\"_self\"><\/a>\n\t<\/div>\n<\/article><article class=\"qodef-pl-item qodef-item-space  post-41402 portfolio-item type-portfolio-item status-publish has-post-thumbnail hentry portfolio-category-kollektioner\">\n\t<div class=\"qodef-pl-item-inner\">\n\t\t<div class=\"qodef-pli-image\">\n\t<img loading=\"lazy\" decoding=\"async\" width=\"814\" height=\"1080\" src=\"https:\/\/milook.se\/wp-content\/uploads\/2022\/02\/lykke_blue.jpg\" class=\"attachment-full size-full wp-post-image\" alt=\"\" srcset=\"https:\/\/milook.se\/wp-content\/uploads\/2022\/02\/lykke_blue.jpg 814w, https:\/\/milook.se\/wp-content\/uploads\/2022\/02\/lykke_blue-226x300.jpg 226w, https:\/\/milook.se\/wp-content\/uploads\/2022\/02\/lykke_blue-772x1024.jpg 772w, https:\/\/milook.se\/wp-content\/uploads\/2022\/02\/lykke_blue-768x1019.jpg 768w, https:\/\/milook.se\/wp-content\/uploads\/2022\/02\/lykke_blue-9x12.jpg 9w, https:\/\/milook.se\/wp-content\/uploads\/2022\/02\/lykke_blue-600x796.jpg 600w, https:\/\/milook.se\/wp-content\/uploads\/2022\/02\/lykke_blue-64x85.jpg 64w\" sizes=\"(max-width: 814px) 100vw, 814px\"><\/div>\n<div class=\"qodef-pli-text-holder\">\n\t<div class=\"qodef-pli-text-wrapper\">\n\t\t<div class=\"qodef-pli-text\">\n\t\t\t\n\t\t\t\t<h5 itemprop=\"name\" class=\"qodef-pli-title entry-title\">\n\t\tSpring Summer 2022\t<\/h5>\n\n\t\t\t\n\t\t\t\t\t<\/div>\n\t<\/div>\n<\/div>\n\t\t<a itemprop=\"url\" class=\"qodef-pli-link qodef-block-drag-link\" href=\"https:\/\/milook.se\/en\/portfolio-item\/ss22\/\" target=\"_self\"><\/a>\n\t<\/div>\n<\/article><article class=\"qodef-pl-item qodef-item-space  post-39717 portfolio-item type-portfolio-item status-publish has-post-thumbnail hentry portfolio-category-milook\">\n\t<div class=\"qodef-pl-item-inner\">\n\t\t<div class=\"qodef-pli-image\">\n\t<img loading=\"lazy\" decoding=\"async\" width=\"814\" height=\"1080\" src=\"https:\/\/milook.se\/wp-content\/uploads\/2021\/11\/magasin-ha?llbarhet.jpg\" class=\"attachment-full size-full wp-post-image\" alt=\"Milook h\u00e5llbarhet\" srcset=\"https:\/\/milook.se\/wp-content\/uploads\/2021\/11\/magasin-ha?llbarhet.jpg 814w, https:\/\/milook.se\/wp-content\/uploads\/2021\/11\/magasin-ha?llbarhet-226x300.jpg 226w, https:\/\/milook.se\/wp-content\/uploads\/2021\/11\/magasin-ha?llbarhet-772x1024.jpg 772w, https:\/\/milook.se\/wp-content\/uploads\/2021\/11\/magasin-ha?llbarhet-768x1019.jpg 768w, https:\/\/milook.se\/wp-content\/uploads\/2021\/11\/magasin-ha?llbarhet-9x12.jpg 9w, https:\/\/milook.se\/wp-content\/uploads\/2021\/11\/magasin-ha?llbarhet-600x796.jpg 600w, https:\/\/milook.se\/wp-content\/uploads\/2021\/11\/magasin-ha?llbarhet-64x85.jpg 64w\" sizes=\"(max-width: 814px) 100vw, 814px\"><\/div>\n<div class=\"qodef-pli-text-holder\">\n\t<div class=\"qodef-pli-text-wrapper\">\n\t\t<div class=\"qodef-pli-text\">\n\t\t\t\n\t\t\t\t<h5 itemprop=\"name\" class=\"qodef-pli-title entry-title\">\n\t\tH\u00e5llbarhet\t<\/h5>\n\n\t\t\t\n\t\t\t\t\t<\/div>\n\t<\/div>\n<\/div>\n\t\t<a itemprop=\"url\" class=\"qodef-pli-link qodef-block-drag-link\" href=\"https:\/\/milook.se\/en\/portfolio-item\/hallbarhet\/\" target=\"_self\"><\/a>\n\t<\/div>\n<\/article><article class=\"qodef-pl-item qodef-item-space  post-1192 portfolio-item type-portfolio-item status-publish has-post-thumbnail hentry portfolio-category-kollektioner\">\n\t<div class=\"qodef-pl-item-inner\">\n\t\t<div class=\"qodef-pli-image\">\n\t<img loading=\"lazy\" decoding=\"async\" width=\"814\" height=\"1080\" src=\"https:\/\/milook.se\/wp-content\/uploads\/2019\/07\/magasin.jpg\" class=\"attachment-full size-full wp-post-image\" alt=\"\" srcset=\"https:\/\/milook.se\/wp-content\/uploads\/2019\/07\/magasin.jpg 814w, https:\/\/milook.se\/wp-content\/uploads\/2019\/07\/magasin-226x300.jpg 226w, https:\/\/milook.se\/wp-content\/uploads\/2019\/07\/magasin-772x1024.jpg 772w, https:\/\/milook.se\/wp-content\/uploads\/2019\/07\/magasin-768x1019.jpg 768w, https:\/\/milook.se\/wp-content\/uploads\/2019\/07\/magasin-9x12.jpg 9w, https:\/\/milook.se\/wp-content\/uploads\/2019\/07\/magasin-600x796.jpg 600w, https:\/\/milook.se\/wp-content\/uploads\/2019\/07\/magasin-64x85.jpg 64w\" sizes=\"(max-width: 814px) 100vw, 814px\"><\/div>\n<div class=\"qodef-pli-text-holder\">\n\t<div class=\"qodef-pli-text-wrapper\">\n\t\t<div class=\"qodef-pli-text\">\n\t\t\t\n\t\t\t\t<h5 itemprop=\"name\" class=\"qodef-pli-title entry-title\">\n\t\tAutumn Winter 21\t<\/h5>\n\n\t\t\t\n\t\t\t\t\t<\/div>\n\t<\/div>\n<\/div>\n\t\t<a itemprop=\"url\" class=\"qodef-pli-link qodef-block-drag-link\" href=\"https:\/\/milook.se\/en\/portfolio-item\/aw21\/\" target=\"_self\"><\/a>\n\t<\/div>\n<\/article>\t<\/div>\n\t\n\t<\/div><\/div><\/div><\/div><\/div><\/div><\/div>","protected":false},"excerpt":{"rendered":"","protected":false},"author":1,"featured_media":0,"parent":0,"menu_order":0,"comment_status":"closed","ping_status":"closed","template":"full-width.php","meta":{"footnotes":""},"yoast_head":"<!-- This site is optimized with the Yoast SEO plugin v24.5 - https:\/\/yoast.com\/wordpress\/plugins\/seo\/ -->\n<title>Milook - Kl\u00e4der i Kvalit\u00e9 och Design f\u00f6r Kvinnor<\/title>\n<meta name=\"robots\" content=\"index, follow, max-snippet:-1, max-image-preview:large, max-video-preview:-1\" \/>\n<link rel=\"canonical\" href=\"https:\/\/milook.se\/en\/magasin\/\" \/>\n<meta property=\"og:locale\" content=\"en_GB\" \/>\n<meta property=\"og:type\" content=\"article\" \/>\n<meta property=\"og:title\" content=\"Milook - Kl\u00e4der i Kvalit\u00e9 och Design f\u00f6r Kvinnor\" \/>\n<meta property=\"og:url\" content=\"https:\/\/milook.se\/en\/magasin\/\" \/>\n<meta property=\"og:site_name\" content=\"Milook\" \/>\n<meta property=\"article:publisher\" content=\"https:\/\/sv-se.facebook.com\/milooksweden\/\" \/>\n<meta property=\"article:modified_time\" content=\"2022-02-14T11:45:02+00:00\" \/>\n<meta name=\"twitter:card\" content=\"summary_large_image\" \/>\n<meta name=\"twitter:label1\" content=\"Estimated reading time\" \/>\n\t<meta name=\"twitter:data1\" content=\"2 minutes\" \/>\n<script type=\"application\/ld+json\" class=\"yoast-schema-graph\">{\"@context\":\"https:\/\/schema.org\",\"@graph\":[{\"@type\":\"WebPage\",\"@id\":\"https:\/\/milook.se\/magasin\/\",\"url\":\"https:\/\/milook.se\/magasin\/\",\"name\":\"Milook - Kl\u00e4der i Kvalit\u00e9 och Design f\u00f6r Kvinnor\",\"isPartOf\":{\"@id\":\"https:\/\/milook.se\/#website\"},\"datePublished\":\"2021-08-30T07:35:54+00:00\",\"dateModified\":\"2022-02-14T11:45:02+00:00\",\"breadcrumb\":{\"@id\":\"https:\/\/milook.se\/magasin\/#breadcrumb\"},\"inLanguage\":\"en-GB\",\"potentialAction\":[{\"@type\":\"ReadAction\",\"target\":[\"https:\/\/milook.se\/magasin\/\"]}]},{\"@type\":\"BreadcrumbList\",\"@id\":\"https:\/\/milook.se\/magasin\/#breadcrumb\",\"itemListElement\":[{\"@type\":\"ListItem\",\"position\":1,\"name\":\"Hem\",\"item\":\"https:\/\/milook.se\/\"},{\"@type\":\"ListItem\",\"position\":2,\"name\":\"Magasin\"}]},{\"@type\":\"WebSite\",\"@id\":\"https:\/\/milook.se\/#website\",\"url\":\"https:\/\/milook.se\/\",\"name\":\"Milook\",\"description\":\"Kl\u00e4der i Kvalit\u00e9 och Design f\u00f6r Kvinnor\",\"publisher\":{\"@id\":\"https:\/\/milook.se\/#organization\"},\"potentialAction\":[{\"@type\":\"SearchAction\",\"target\":{\"@type\":\"EntryPoint\",\"urlTemplate\":\"https:\/\/milook.se\/?s={search_term_string}\"},\"query-input\":{\"@type\":\"PropertyValueSpecification\",\"valueRequired\":true,\"valueName\":\"search_term_string\"}}],\"inLanguage\":\"en-GB\"},{\"@type\":\"Organization\",\"@id\":\"https:\/\/milook.se\/#organization\",\"name\":\"Milook\",\"url\":\"https:\/\/milook.se\/\",\"logo\":{\"@type\":\"ImageObject\",\"inLanguage\":\"en-GB\",\"@id\":\"https:\/\/milook.se\/#\/schema\/logo\/image\/\",\"url\":\"https:\/\/milook.se\/wp-content\/uploads\/2021\/08\/milook-newlogo.png\",\"contentUrl\":\"https:\/\/milook.se\/wp-content\/uploads\/2021\/08\/milook-newlogo.png\",\"width\":190,\"height\":45,\"caption\":\"Milook\"},\"image\":{\"@id\":\"https:\/\/milook.se\/#\/schema\/logo\/image\/\"},\"sameAs\":[\"https:\/\/sv-se.facebook.com\/milooksweden\/\",\"https:\/\/www.instagram.com\/milookofficial\/\"]}]}<\/script>\n<!-- \/ Yoast SEO plugin. -->","yoast_head_json":{"title":"Milook - Kl\u00e4der i Kvalit\u00e9 och Design f\u00f6r Kvinnor","robots":{"index":"index","follow":"follow","max-snippet":"max-snippet:-1","max-image-preview":"max-image-preview:large","max-video-preview":"max-video-preview:-1"},"canonical":"https:\/\/milook.se\/en\/magasin\/","og_locale":"en_GB","og_type":"article","og_title":"Milook - Kl\u00e4der i Kvalit\u00e9 och Design f\u00f6r Kvinnor","og_url":"https:\/\/milook.se\/en\/magasin\/","og_site_name":"Milook","article_publisher":"https:\/\/sv-se.facebook.com\/milooksweden\/","article_modified_time":"2022-02-14T11:45:02+00:00","twitter_card":"summary_large_image","twitter_misc":{"Estimated reading time":"2 minutes"},"schema":{"@context":"https:\/\/schema.org","@graph":[{"@type":"WebPage","@id":"https:\/\/milook.se\/magasin\/","url":"https:\/\/milook.se\/magasin\/","name":"Milook - Kl\u00e4der i Kvalit\u00e9 och Design f\u00f6r Kvinnor","isPartOf":{"@id":"https:\/\/milook.se\/#website"},"datePublished":"2021-08-30T07:35:54+00:00","dateModified":"2022-02-14T11:45:02+00:00","breadcrumb":{"@id":"https:\/\/milook.se\/magasin\/#breadcrumb"},"inLanguage":"en-GB","potentialAction":[{"@type":"ReadAction","target":["https:\/\/milook.se\/magasin\/"]}]},{"@type":"BreadcrumbList","@id":"https:\/\/milook.se\/magasin\/#breadcrumb","itemListElement":[{"@type":"ListItem","position":1,"name":"Hem","item":"https:\/\/milook.se\/"},{"@type":"ListItem","position":2,"name":"Magasin"}]},{"@type":"WebSite","@id":"https:\/\/milook.se\/#website","url":"https:\/\/milook.se\/","name":"Milook","description":"Kl\u00e4der i Kvalit\u00e9 och Design f\u00f6r Kvinnor","publisher":{"@id":"https:\/\/milook.se\/#organization"},"potentialAction":[{"@type":"SearchAction","target":{"@type":"EntryPoint","urlTemplate":"https:\/\/milook.se\/?s={search_term_string}"},"query-input":{"@type":"PropertyValueSpecification","valueRequired":true,"valueName":"search_term_string"}}],"inLanguage":"en-GB"},{"@type":"Organization","@id":"https:\/\/milook.se\/#organization","name":"Milook","url":"https:\/\/milook.se\/","logo":{"@type":"ImageObject","inLanguage":"en-GB","@id":"https:\/\/milook.se\/#\/schema\/logo\/image\/","url":"https:\/\/milook.se\/wp-content\/uploads\/2021\/08\/milook-newlogo.png","contentUrl":"https:\/\/milook.se\/wp-content\/uploads\/2021\/08\/milook-newlogo.png","width":190,"height":45,"caption":"Milook"},"image":{"@id":"https:\/\/milook.se\/#\/schema\/logo\/image\/"},"sameAs":["https:\/\/sv-se.facebook.com\/milooksweden\/","https:\/\/www.instagram.com\/milookofficial\/"]}]}},"_links":{"self":[{"href":"https:\/\/milook.se\/en\/wp-json\/wp\/v2\/pages\/14755"}],"collection":[{"href":"https:\/\/milook.se\/en\/wp-json\/wp\/v2\/pages"}],"about":[{"href":"https:\/\/milook.se\/en\/wp-json\/wp\/v2\/types\/page"}],"author":[{"embeddable":true,"href":"https:\/\/milook.se\/en\/wp-json\/wp\/v2\/users\/1"}],"replies":[{"embeddable":true,"href":"https:\/\/milook.se\/en\/wp-json\/wp\/v2\/comments?post=14755"}],"version-history":[{"count":49,"href":"https:\/\/milook.se\/en\/wp-json\/wp\/v2\/pages\/14755\/revisions"}],"predecessor-version":[{"id":41426,"href":"https:\/\/milook.se\/en\/wp-json\/wp\/v2\/pages\/14755\/revisions\/41426"}],"wp:attachment":[{"href":"https:\/\/milook.se\/en\/wp-json\/wp\/v2\/media?parent=14755"}],"curies":[{"name":"wp","href":"https:\/\/api.w.org\/{rel}","templated":true}]}}