{"id":38387,"date":"2021-09-22T14:16:13","date_gmt":"2021-09-22T12:16:13","guid":{"rendered":"https:\/\/milook.se\/?post_type=product&#038;p=38387"},"modified":"2025-07-30T17:10:35","modified_gmt":"2025-07-30T15:10:35","slug":"kim-shirt-linen-lightbeige","status":"publish","type":"product","link":"https:\/\/milook.se\/en\/product\/kim-shirt-linen-lightbeige\/","title":{"rendered":""},"content":{"rendered":"<p>H\u00e4rlig 100% linneskjorta i herr-skjortsmodell.<br>\nSkjortan \u00e4r i unisex modell och \u00e4r rej\u00e4lt stor i storleken d\u00e5 den ska vara oversized.<br>\nSkjortan \u00e4r n\u00e5got l\u00e4ngre bak \u00e4n fram och har en mjukt rundad nederkant.<br>\nKnapparna \u00e4r gjorda av \u00e4kta p\u00e4rlemor. Tyget \u00e4r fint och mjukt plaggtv\u00e4ttat.<\/p><p><b>Size &amp; fit:<br>\n<\/b>L\u00e4ngd: 80 cm fr\u00e5n axel bak och 75 cm fr\u00e5n axel fram i storlek M<br>\n<b>Material: <\/b>100% linen<br>\n<b>Tv\u00e4tt:<\/b> 40\u00b0C maskintv\u00e4tt<\/p>","protected":false},"excerpt":{"rendered":"<p>H\u00e4rlig 100% linneskjorta i herr-skjortsmodell.<br>\nSkjortan \u00e4r i unisex modell och \u00e4r rej\u00e4lt stor i storleken d\u00e5 den ska vara oversized.<br>\nSkjortan \u00e4r n\u00e5got l\u00e4ngre bak \u00e4n fram och har en mjukt rundad nederkant.<br>\nKnapparna \u00e4r gjorda av \u00e4kta p\u00e4rlemor. Tyget \u00e4r fint och mjukt plaggtv\u00e4ttat.<\/p><p>\u00a0<\/p><p><b>Size &amp; fit:<br>\n<\/b>L\u00e4ngd: 80 cm fr\u00e5n axel bak och 75 cm fr\u00e5n axel fram i storlek M<br>\n<b>Material: <\/b>100% linen<br>\n<b>Tv\u00e4tt:<\/b> 40\u00b0C maskintv\u00e4tt<\/p>","protected":false},"featured_media":38393,"comment_status":"open","ping_status":"closed","template":"","meta":[],"product_cat":[107],"product_tag":[],"yoast_head":"<!-- This site is optimized with the Yoast SEO plugin v24.5 - https:\/\/yoast.com\/wordpress\/plugins\/seo\/ -->\n<title>Kim Shirt Linen - Light beige - Milook<\/title>\n<meta name=\"robots\" content=\"index, follow, max-snippet:-1, max-image-preview:large, max-video-preview:-1\" \/>\n<link rel=\"canonical\" href=\"https:\/\/milook.se\/en\/product\/kim-shirt-linen-lightbeige\/\" \/>\n<meta property=\"og:locale\" content=\"en_GB\" \/>\n<meta property=\"og:type\" content=\"article\" \/>\n<meta property=\"og:title\" content=\"Kim Shirt Linen - Light beige - Milook\" \/>\n<meta property=\"og:description\" content=\"H\u00e4rlig 100% linneskjorta i herr-skjortsmodell. Skjortan \u00e4r i unisex modell och \u00e4r rej\u00e4lt stor i storleken d\u00e5 den ska vara oversized. Skjortan \u00e4r n\u00e5got l\u00e4ngre bak \u00e4n fram och har en mjukt rundad nederkant. Knapparna \u00e4r gjorda av \u00e4kta p\u00e4rlemor. Tyget \u00e4r fint och mjukt plaggtv\u00e4ttat.  &nbsp;  Storlek &amp; passform: L\u00e4ngd: 80 cm fr\u00e5n axel bak och 75 cm fr\u00e5n axel fram i storlek M Material: 100% linne Tv\u00e4tt: 40\u00b0C maskintv\u00e4tt\" \/>\n<meta property=\"og:url\" content=\"https:\/\/milook.se\/en\/product\/kim-shirt-linen-lightbeige\/\" \/>\n<meta property=\"og:site_name\" content=\"Milook\" \/>\n<meta property=\"article:publisher\" content=\"https:\/\/sv-se.facebook.com\/milooksweden\/\" \/>\n<meta property=\"article:modified_time\" content=\"2025-07-30T15:10:35+00:00\" \/>\n<meta property=\"og:image\" content=\"https:\/\/milook.se\/wp-content\/uploads\/2021\/09\/Kim-Lightbeige-Front.jpg\" \/>\n\t<meta property=\"og:image:width\" content=\"1558\" \/>\n\t<meta property=\"og:image:height\" content=\"1920\" \/>\n\t<meta property=\"og:image:type\" content=\"image\/jpeg\" \/>\n<meta name=\"twitter:card\" content=\"summary_large_image\" \/>\n<script type=\"application\/ld+json\" class=\"yoast-schema-graph\">{\"@context\":\"https:\/\/schema.org\",\"@graph\":[{\"@type\":\"WebPage\",\"@id\":\"https:\/\/milook.se\/product\/kim-shirt-linen-lightbeige\/\",\"url\":\"https:\/\/milook.se\/product\/kim-shirt-linen-lightbeige\/\",\"name\":\"Kim Shirt Linen - Light beige - Milook\",\"isPartOf\":{\"@id\":\"https:\/\/milook.se\/#website\"},\"primaryImageOfPage\":{\"@id\":\"https:\/\/milook.se\/product\/kim-shirt-linen-lightbeige\/#primaryimage\"},\"image\":{\"@id\":\"https:\/\/milook.se\/product\/kim-shirt-linen-lightbeige\/#primaryimage\"},\"thumbnailUrl\":\"https:\/\/milook.se\/wp-content\/uploads\/2021\/09\/Kim-Lightbeige-Front.jpg\",\"datePublished\":\"2021-09-22T12:16:13+00:00\",\"dateModified\":\"2025-07-30T15:10:35+00:00\",\"breadcrumb\":{\"@id\":\"https:\/\/milook.se\/product\/kim-shirt-linen-lightbeige\/#breadcrumb\"},\"inLanguage\":\"en-GB\",\"potentialAction\":[{\"@type\":\"ReadAction\",\"target\":[\"https:\/\/milook.se\/product\/kim-shirt-linen-lightbeige\/\"]}]},{\"@type\":\"ImageObject\",\"inLanguage\":\"en-GB\",\"@id\":\"https:\/\/milook.se\/product\/kim-shirt-linen-lightbeige\/#primaryimage\",\"url\":\"https:\/\/milook.se\/wp-content\/uploads\/2021\/09\/Kim-Lightbeige-Front.jpg\",\"contentUrl\":\"https:\/\/milook.se\/wp-content\/uploads\/2021\/09\/Kim-Lightbeige-Front.jpg\",\"width\":1558,\"height\":1920},{\"@type\":\"BreadcrumbList\",\"@id\":\"https:\/\/milook.se\/product\/kim-shirt-linen-lightbeige\/#breadcrumb\",\"itemListElement\":[{\"@type\":\"ListItem\",\"position\":1,\"name\":\"Hem\",\"item\":\"https:\/\/milook.se\/\"},{\"@type\":\"ListItem\",\"position\":2,\"name\":\"V\u00e5r Webbutik\",\"item\":\"https:\/\/milook.se\/shop\/\"},{\"@type\":\"ListItem\",\"position\":3,\"name\":\"Kim Shirt Linen &#8211; Light beige\"}]},{\"@type\":\"WebSite\",\"@id\":\"https:\/\/milook.se\/#website\",\"url\":\"https:\/\/milook.se\/\",\"name\":\"Milook\",\"description\":\"Kl\u00e4der i Kvalit\u00e9 och Design f\u00f6r Kvinnor\",\"publisher\":{\"@id\":\"https:\/\/milook.se\/#organization\"},\"potentialAction\":[{\"@type\":\"SearchAction\",\"target\":{\"@type\":\"EntryPoint\",\"urlTemplate\":\"https:\/\/milook.se\/?s={search_term_string}\"},\"query-input\":{\"@type\":\"PropertyValueSpecification\",\"valueRequired\":true,\"valueName\":\"search_term_string\"}}],\"inLanguage\":\"en-GB\"},{\"@type\":\"Organization\",\"@id\":\"https:\/\/milook.se\/#organization\",\"name\":\"Milook\",\"url\":\"https:\/\/milook.se\/\",\"logo\":{\"@type\":\"ImageObject\",\"inLanguage\":\"en-GB\",\"@id\":\"https:\/\/milook.se\/#\/schema\/logo\/image\/\",\"url\":\"https:\/\/milook.se\/wp-content\/uploads\/2021\/08\/milook-newlogo.png\",\"contentUrl\":\"https:\/\/milook.se\/wp-content\/uploads\/2021\/08\/milook-newlogo.png\",\"width\":190,\"height\":45,\"caption\":\"Milook\"},\"image\":{\"@id\":\"https:\/\/milook.se\/#\/schema\/logo\/image\/\"},\"sameAs\":[\"https:\/\/sv-se.facebook.com\/milooksweden\/\",\"https:\/\/www.instagram.com\/milookofficial\/\"]}]}<\/script>\n<!-- \/ Yoast SEO plugin. -->","yoast_head_json":{"title":"Kim Shirt Linen - Light beige - Milook","robots":{"index":"index","follow":"follow","max-snippet":"max-snippet:-1","max-image-preview":"max-image-preview:large","max-video-preview":"max-video-preview:-1"},"canonical":"https:\/\/milook.se\/en\/product\/kim-shirt-linen-lightbeige\/","og_locale":"en_GB","og_type":"article","og_title":"Kim Shirt Linen - Light beige - Milook","og_description":"H\u00e4rlig 100% linneskjorta i herr-skjortsmodell. Skjortan \u00e4r i unisex modell och \u00e4r rej\u00e4lt stor i storleken d\u00e5 den ska vara oversized. Skjortan \u00e4r n\u00e5got l\u00e4ngre bak \u00e4n fram och har en mjukt rundad nederkant. Knapparna \u00e4r gjorda av \u00e4kta p\u00e4rlemor. Tyget \u00e4r fint och mjukt plaggtv\u00e4ttat.  &nbsp;  Storlek &amp; passform: L\u00e4ngd: 80 cm fr\u00e5n axel bak och 75 cm fr\u00e5n axel fram i storlek M Material: 100% linne Tv\u00e4tt: 40\u00b0C maskintv\u00e4tt","og_url":"https:\/\/milook.se\/en\/product\/kim-shirt-linen-lightbeige\/","og_site_name":"Milook","article_publisher":"https:\/\/sv-se.facebook.com\/milooksweden\/","article_modified_time":"2025-07-30T15:10:35+00:00","og_image":[{"width":1558,"height":1920,"url":"https:\/\/milook.se\/wp-content\/uploads\/2021\/09\/Kim-Lightbeige-Front.jpg","type":"image\/jpeg"}],"twitter_card":"summary_large_image","schema":{"@context":"https:\/\/schema.org","@graph":[{"@type":"WebPage","@id":"https:\/\/milook.se\/product\/kim-shirt-linen-lightbeige\/","url":"https:\/\/milook.se\/product\/kim-shirt-linen-lightbeige\/","name":"Kim Shirt Linen - Light beige - Milook","isPartOf":{"@id":"https:\/\/milook.se\/#website"},"primaryImageOfPage":{"@id":"https:\/\/milook.se\/product\/kim-shirt-linen-lightbeige\/#primaryimage"},"image":{"@id":"https:\/\/milook.se\/product\/kim-shirt-linen-lightbeige\/#primaryimage"},"thumbnailUrl":"https:\/\/milook.se\/wp-content\/uploads\/2021\/09\/Kim-Lightbeige-Front.jpg","datePublished":"2021-09-22T12:16:13+00:00","dateModified":"2025-07-30T15:10:35+00:00","breadcrumb":{"@id":"https:\/\/milook.se\/product\/kim-shirt-linen-lightbeige\/#breadcrumb"},"inLanguage":"en-GB","potentialAction":[{"@type":"ReadAction","target":["https:\/\/milook.se\/product\/kim-shirt-linen-lightbeige\/"]}]},{"@type":"ImageObject","inLanguage":"en-GB","@id":"https:\/\/milook.se\/product\/kim-shirt-linen-lightbeige\/#primaryimage","url":"https:\/\/milook.se\/wp-content\/uploads\/2021\/09\/Kim-Lightbeige-Front.jpg","contentUrl":"https:\/\/milook.se\/wp-content\/uploads\/2021\/09\/Kim-Lightbeige-Front.jpg","width":1558,"height":1920},{"@type":"BreadcrumbList","@id":"https:\/\/milook.se\/product\/kim-shirt-linen-lightbeige\/#breadcrumb","itemListElement":[{"@type":"ListItem","position":1,"name":"Hem","item":"https:\/\/milook.se\/"},{"@type":"ListItem","position":2,"name":"V\u00e5r Webbutik","item":"https:\/\/milook.se\/shop\/"},{"@type":"ListItem","position":3,"name":"Kim Shirt Linen &#8211; Light beige"}]},{"@type":"WebSite","@id":"https:\/\/milook.se\/#website","url":"https:\/\/milook.se\/","name":"Milook","description":"Kl\u00e4der i Kvalit\u00e9 och Design f\u00f6r Kvinnor","publisher":{"@id":"https:\/\/milook.se\/#organization"},"potentialAction":[{"@type":"SearchAction","target":{"@type":"EntryPoint","urlTemplate":"https:\/\/milook.se\/?s={search_term_string}"},"query-input":{"@type":"PropertyValueSpecification","valueRequired":true,"valueName":"search_term_string"}}],"inLanguage":"en-GB"},{"@type":"Organization","@id":"https:\/\/milook.se\/#organization","name":"Milook","url":"https:\/\/milook.se\/","logo":{"@type":"ImageObject","inLanguage":"en-GB","@id":"https:\/\/milook.se\/#\/schema\/logo\/image\/","url":"https:\/\/milook.se\/wp-content\/uploads\/2021\/08\/milook-newlogo.png","contentUrl":"https:\/\/milook.se\/wp-content\/uploads\/2021\/08\/milook-newlogo.png","width":190,"height":45,"caption":"Milook"},"image":{"@id":"https:\/\/milook.se\/#\/schema\/logo\/image\/"},"sameAs":["https:\/\/sv-se.facebook.com\/milooksweden\/","https:\/\/www.instagram.com\/milookofficial\/"]}]}},"_links":{"self":[{"href":"https:\/\/milook.se\/en\/wp-json\/wp\/v2\/product\/38387"}],"collection":[{"href":"https:\/\/milook.se\/en\/wp-json\/wp\/v2\/product"}],"about":[{"href":"https:\/\/milook.se\/en\/wp-json\/wp\/v2\/types\/product"}],"replies":[{"embeddable":true,"href":"https:\/\/milook.se\/en\/wp-json\/wp\/v2\/comments?post=38387"}],"wp:featuredmedia":[{"embeddable":true,"href":"https:\/\/milook.se\/en\/wp-json\/wp\/v2\/media\/38393"}],"wp:attachment":[{"href":"https:\/\/milook.se\/en\/wp-json\/wp\/v2\/media?parent=38387"}],"wp:term":[{"taxonomy":"product_cat","embeddable":true,"href":"https:\/\/milook.se\/en\/wp-json\/wp\/v2\/product_cat?post=38387"},{"taxonomy":"product_tag","embeddable":true,"href":"https:\/\/milook.se\/en\/wp-json\/wp\/v2\/product_tag?post=38387"}],"curies":[{"name":"wp","href":"https:\/\/api.w.org\/{rel}","templated":true}]}}