{"id":38425,"date":"2021-09-22T14:31:58","date_gmt":"2021-09-22T12:31:58","guid":{"rendered":"https:\/\/milook.se\/?post_type=product&#038;p=38425"},"modified":"2025-07-30T17:10:35","modified_gmt":"2025-07-30T15:10:35","slug":"kim-shirt-poplin-olive","status":"publish","type":"product","link":"https:\/\/milook.se\/en\/product\/kim-shirt-poplin-olive\/","title":{"rendered":""},"content":{"rendered":"<p class=\"p1\">Oversized-skjorta i krispig och stretchig bomullspoplin med knappar \u00e4r gjorda av \u00e4kta p\u00e4rlemor. Skjortan \u00e4r n\u00e5got l\u00e4ngre bak \u00e4n fram och har en mjukt rundad nederkant. En klassiker som aldrig g\u00e5r ur tiden!<\/p><p><b>Size &amp; fit:<br>\n<\/b>L\u00e4ngd: 80 cm fr\u00e5n axel<br>\n<b>Material: <\/b>97% cotton, 3% elastane<br>\n<b>Tv\u00e4tt:<\/b> 40\u00b0C maskintv\u00e4tt<\/p>","protected":false},"excerpt":{"rendered":"<p class=\"p1\">Oversized-skjorta i krispig och stretchig bomullspoplin med knappar \u00e4r gjorda av \u00e4kta p\u00e4rlemor. Skjortan \u00e4r n\u00e5got l\u00e4ngre bak \u00e4n fram och har en mjukt rundad nederkant. En klassiker som aldrig g\u00e5r ur tiden!<\/p><p>\u00a0<\/p><p><b>Size &amp; fit:<br>\n<\/b>L\u00e4ngd: 80 cm fr\u00e5n axel<br>\n<b>Material: <\/b>97% cotton, 3% elastane<br>\n<b>Tv\u00e4tt:<\/b> 40\u00b0C maskintv\u00e4tt<\/p>","protected":false},"featured_media":38434,"comment_status":"open","ping_status":"closed","template":"","meta":[],"product_cat":[229,107],"product_tag":[],"yoast_head":"<!-- This site is optimized with the Yoast SEO plugin v24.5 - https:\/\/yoast.com\/wordpress\/plugins\/seo\/ -->\n<title>Kim Shirt Poplin - Olive - Milook<\/title>\n<meta name=\"robots\" content=\"index, follow, max-snippet:-1, max-image-preview:large, max-video-preview:-1\" \/>\n<link rel=\"canonical\" href=\"https:\/\/milook.se\/en\/product\/kim-shirt-poplin-olive\/\" \/>\n<meta property=\"og:locale\" content=\"en_GB\" \/>\n<meta property=\"og:type\" content=\"article\" \/>\n<meta property=\"og:title\" content=\"Kim Shirt Poplin - Olive - Milook\" \/>\n<meta property=\"og:description\" content=\"Oversized-skjorta i krispig och stretchig bomullspoplin med knappar \u00e4r gjorda av \u00e4kta p\u00e4rlemor. Skjortan \u00e4r n\u00e5got l\u00e4ngre bak \u00e4n fram och har en mjukt rundad nederkant. En klassiker som aldrig g\u00e5r ur tiden! &nbsp;  Storlek &amp; passform: L\u00e4ngd: 80 cm fr\u00e5n axel Material: 97% bomull, 3% elastan Tv\u00e4tt: 40\u00b0C maskintv\u00e4tt\" \/>\n<meta property=\"og:url\" content=\"https:\/\/milook.se\/en\/product\/kim-shirt-poplin-olive\/\" \/>\n<meta property=\"og:site_name\" content=\"Milook\" \/>\n<meta property=\"article:publisher\" content=\"https:\/\/sv-se.facebook.com\/milooksweden\/\" \/>\n<meta property=\"article:modified_time\" content=\"2025-07-30T15:10:35+00:00\" \/>\n<meta property=\"og:image\" content=\"https:\/\/milook.se\/wp-content\/uploads\/2021\/09\/Kim-Olive-Front-1.jpg\" \/>\n\t<meta property=\"og:image:width\" content=\"1558\" \/>\n\t<meta property=\"og:image:height\" content=\"1920\" \/>\n\t<meta property=\"og:image:type\" content=\"image\/jpeg\" \/>\n<meta name=\"twitter:card\" content=\"summary_large_image\" \/>\n<meta name=\"twitter:label1\" content=\"Estimated reading time\" \/>\n\t<meta name=\"twitter:data1\" content=\"1 minute\" \/>\n<script type=\"application\/ld+json\" class=\"yoast-schema-graph\">{\"@context\":\"https:\/\/schema.org\",\"@graph\":[{\"@type\":\"WebPage\",\"@id\":\"https:\/\/milook.se\/product\/kim-shirt-poplin-olive\/\",\"url\":\"https:\/\/milook.se\/product\/kim-shirt-poplin-olive\/\",\"name\":\"Kim Shirt Poplin - Olive - Milook\",\"isPartOf\":{\"@id\":\"https:\/\/milook.se\/#website\"},\"primaryImageOfPage\":{\"@id\":\"https:\/\/milook.se\/product\/kim-shirt-poplin-olive\/#primaryimage\"},\"image\":{\"@id\":\"https:\/\/milook.se\/product\/kim-shirt-poplin-olive\/#primaryimage\"},\"thumbnailUrl\":\"https:\/\/milook.se\/wp-content\/uploads\/2021\/09\/Kim-Olive-Front-1.jpg\",\"datePublished\":\"2021-09-22T12:31:58+00:00\",\"dateModified\":\"2025-07-30T15:10:35+00:00\",\"breadcrumb\":{\"@id\":\"https:\/\/milook.se\/product\/kim-shirt-poplin-olive\/#breadcrumb\"},\"inLanguage\":\"en-GB\",\"potentialAction\":[{\"@type\":\"ReadAction\",\"target\":[\"https:\/\/milook.se\/product\/kim-shirt-poplin-olive\/\"]}]},{\"@type\":\"ImageObject\",\"inLanguage\":\"en-GB\",\"@id\":\"https:\/\/milook.se\/product\/kim-shirt-poplin-olive\/#primaryimage\",\"url\":\"https:\/\/milook.se\/wp-content\/uploads\/2021\/09\/Kim-Olive-Front-1.jpg\",\"contentUrl\":\"https:\/\/milook.se\/wp-content\/uploads\/2021\/09\/Kim-Olive-Front-1.jpg\",\"width\":1558,\"height\":1920},{\"@type\":\"BreadcrumbList\",\"@id\":\"https:\/\/milook.se\/product\/kim-shirt-poplin-olive\/#breadcrumb\",\"itemListElement\":[{\"@type\":\"ListItem\",\"position\":1,\"name\":\"Hem\",\"item\":\"https:\/\/milook.se\/\"},{\"@type\":\"ListItem\",\"position\":2,\"name\":\"V\u00e5r Webbutik\",\"item\":\"https:\/\/milook.se\/shop\/\"},{\"@type\":\"ListItem\",\"position\":3,\"name\":\"Kim Shirt Poplin &#8211; Olive\"}]},{\"@type\":\"WebSite\",\"@id\":\"https:\/\/milook.se\/#website\",\"url\":\"https:\/\/milook.se\/\",\"name\":\"Milook\",\"description\":\"Kl\u00e4der i Kvalit\u00e9 och Design f\u00f6r Kvinnor\",\"publisher\":{\"@id\":\"https:\/\/milook.se\/#organization\"},\"potentialAction\":[{\"@type\":\"SearchAction\",\"target\":{\"@type\":\"EntryPoint\",\"urlTemplate\":\"https:\/\/milook.se\/?s={search_term_string}\"},\"query-input\":{\"@type\":\"PropertyValueSpecification\",\"valueRequired\":true,\"valueName\":\"search_term_string\"}}],\"inLanguage\":\"en-GB\"},{\"@type\":\"Organization\",\"@id\":\"https:\/\/milook.se\/#organization\",\"name\":\"Milook\",\"url\":\"https:\/\/milook.se\/\",\"logo\":{\"@type\":\"ImageObject\",\"inLanguage\":\"en-GB\",\"@id\":\"https:\/\/milook.se\/#\/schema\/logo\/image\/\",\"url\":\"https:\/\/milook.se\/wp-content\/uploads\/2021\/08\/milook-newlogo.png\",\"contentUrl\":\"https:\/\/milook.se\/wp-content\/uploads\/2021\/08\/milook-newlogo.png\",\"width\":190,\"height\":45,\"caption\":\"Milook\"},\"image\":{\"@id\":\"https:\/\/milook.se\/#\/schema\/logo\/image\/\"},\"sameAs\":[\"https:\/\/sv-se.facebook.com\/milooksweden\/\",\"https:\/\/www.instagram.com\/milookofficial\/\"]}]}<\/script>\n<!-- \/ Yoast SEO plugin. -->","yoast_head_json":{"title":"Kim Shirt Poplin - Olive - Milook","robots":{"index":"index","follow":"follow","max-snippet":"max-snippet:-1","max-image-preview":"max-image-preview:large","max-video-preview":"max-video-preview:-1"},"canonical":"https:\/\/milook.se\/en\/product\/kim-shirt-poplin-olive\/","og_locale":"en_GB","og_type":"article","og_title":"Kim Shirt Poplin - Olive - Milook","og_description":"Oversized-skjorta i krispig och stretchig bomullspoplin med knappar \u00e4r gjorda av \u00e4kta p\u00e4rlemor. Skjortan \u00e4r n\u00e5got l\u00e4ngre bak \u00e4n fram och har en mjukt rundad nederkant. En klassiker som aldrig g\u00e5r ur tiden! &nbsp;  Storlek &amp; passform: L\u00e4ngd: 80 cm fr\u00e5n axel Material: 97% bomull, 3% elastan Tv\u00e4tt: 40\u00b0C maskintv\u00e4tt","og_url":"https:\/\/milook.se\/en\/product\/kim-shirt-poplin-olive\/","og_site_name":"Milook","article_publisher":"https:\/\/sv-se.facebook.com\/milooksweden\/","article_modified_time":"2025-07-30T15:10:35+00:00","og_image":[{"width":1558,"height":1920,"url":"https:\/\/milook.se\/wp-content\/uploads\/2021\/09\/Kim-Olive-Front-1.jpg","type":"image\/jpeg"}],"twitter_card":"summary_large_image","twitter_misc":{"Estimated reading time":"1 minute"},"schema":{"@context":"https:\/\/schema.org","@graph":[{"@type":"WebPage","@id":"https:\/\/milook.se\/product\/kim-shirt-poplin-olive\/","url":"https:\/\/milook.se\/product\/kim-shirt-poplin-olive\/","name":"Kim Shirt Poplin - Olive - Milook","isPartOf":{"@id":"https:\/\/milook.se\/#website"},"primaryImageOfPage":{"@id":"https:\/\/milook.se\/product\/kim-shirt-poplin-olive\/#primaryimage"},"image":{"@id":"https:\/\/milook.se\/product\/kim-shirt-poplin-olive\/#primaryimage"},"thumbnailUrl":"https:\/\/milook.se\/wp-content\/uploads\/2021\/09\/Kim-Olive-Front-1.jpg","datePublished":"2021-09-22T12:31:58+00:00","dateModified":"2025-07-30T15:10:35+00:00","breadcrumb":{"@id":"https:\/\/milook.se\/product\/kim-shirt-poplin-olive\/#breadcrumb"},"inLanguage":"en-GB","potentialAction":[{"@type":"ReadAction","target":["https:\/\/milook.se\/product\/kim-shirt-poplin-olive\/"]}]},{"@type":"ImageObject","inLanguage":"en-GB","@id":"https:\/\/milook.se\/product\/kim-shirt-poplin-olive\/#primaryimage","url":"https:\/\/milook.se\/wp-content\/uploads\/2021\/09\/Kim-Olive-Front-1.jpg","contentUrl":"https:\/\/milook.se\/wp-content\/uploads\/2021\/09\/Kim-Olive-Front-1.jpg","width":1558,"height":1920},{"@type":"BreadcrumbList","@id":"https:\/\/milook.se\/product\/kim-shirt-poplin-olive\/#breadcrumb","itemListElement":[{"@type":"ListItem","position":1,"name":"Hem","item":"https:\/\/milook.se\/"},{"@type":"ListItem","position":2,"name":"V\u00e5r Webbutik","item":"https:\/\/milook.se\/shop\/"},{"@type":"ListItem","position":3,"name":"Kim Shirt Poplin &#8211; Olive"}]},{"@type":"WebSite","@id":"https:\/\/milook.se\/#website","url":"https:\/\/milook.se\/","name":"Milook","description":"Kl\u00e4der i Kvalit\u00e9 och Design f\u00f6r Kvinnor","publisher":{"@id":"https:\/\/milook.se\/#organization"},"potentialAction":[{"@type":"SearchAction","target":{"@type":"EntryPoint","urlTemplate":"https:\/\/milook.se\/?s={search_term_string}"},"query-input":{"@type":"PropertyValueSpecification","valueRequired":true,"valueName":"search_term_string"}}],"inLanguage":"en-GB"},{"@type":"Organization","@id":"https:\/\/milook.se\/#organization","name":"Milook","url":"https:\/\/milook.se\/","logo":{"@type":"ImageObject","inLanguage":"en-GB","@id":"https:\/\/milook.se\/#\/schema\/logo\/image\/","url":"https:\/\/milook.se\/wp-content\/uploads\/2021\/08\/milook-newlogo.png","contentUrl":"https:\/\/milook.se\/wp-content\/uploads\/2021\/08\/milook-newlogo.png","width":190,"height":45,"caption":"Milook"},"image":{"@id":"https:\/\/milook.se\/#\/schema\/logo\/image\/"},"sameAs":["https:\/\/sv-se.facebook.com\/milooksweden\/","https:\/\/www.instagram.com\/milookofficial\/"]}]}},"_links":{"self":[{"href":"https:\/\/milook.se\/en\/wp-json\/wp\/v2\/product\/38425"}],"collection":[{"href":"https:\/\/milook.se\/en\/wp-json\/wp\/v2\/product"}],"about":[{"href":"https:\/\/milook.se\/en\/wp-json\/wp\/v2\/types\/product"}],"replies":[{"embeddable":true,"href":"https:\/\/milook.se\/en\/wp-json\/wp\/v2\/comments?post=38425"}],"wp:featuredmedia":[{"embeddable":true,"href":"https:\/\/milook.se\/en\/wp-json\/wp\/v2\/media\/38434"}],"wp:attachment":[{"href":"https:\/\/milook.se\/en\/wp-json\/wp\/v2\/media?parent=38425"}],"wp:term":[{"taxonomy":"product_cat","embeddable":true,"href":"https:\/\/milook.se\/en\/wp-json\/wp\/v2\/product_cat?post=38425"},{"taxonomy":"product_tag","embeddable":true,"href":"https:\/\/milook.se\/en\/wp-json\/wp\/v2\/product_tag?post=38425"}],"curies":[{"name":"wp","href":"https:\/\/api.w.org\/{rel}","templated":true}]}}