{"id":38682,"date":"2021-09-23T13:45:25","date_gmt":"2021-09-23T11:45:25","guid":{"rendered":"https:\/\/milook.se\/?post_type=product&#038;p=38682"},"modified":"2025-07-08T09:36:02","modified_gmt":"2025-07-08T07:36:02","slug":"aysha-dress-ljusbla","status":"publish","type":"product","link":"https:\/\/milook.se\/en\/product\/aysha-dress-ljusbla\/","title":{"rendered":""},"content":{"rendered":"<div class=\"\">\n<div class=\"\"><span class=\"\">Ljuvlig kl\u00e4nning i 100% bomullsbatist.<br>\n<\/span><span class=\"\">L\u00e5ng\u00e4rmad med fodrad \u00f6verdel och kjol i samma tyg som yttertyget.<br>\n<\/span><span class=\"\">Kl\u00e4nningen \u00e4r handf\u00e4rgad med sk. dip dyed metod, en form av batikf\u00e4rgning. Varje plagg \u00e4r unik i f\u00e4rgen och kan d\u00e4rf\u00f6r skilja sig aningen fr\u00e5n bilderna.<\/span><\/div>\n<div><\/div>\n<div><b>Size &amp; fit:<br>\n<\/b>L\u00e4ngd: 134 cm fr\u00e5n axel i storlek S-L<br>\nBystm\u00e5tt: 102 cm i storlek M<br>\n<b>Material:\u00a0<\/b>100% linen<br>\n<b>Tv\u00e4tt:<\/b>\u00a0Handtv\u00e4tt<\/div>\n<\/div>","protected":false},"excerpt":{"rendered":"<div class=\"\">\n<div class=\"\">\n<div class=\"\"><span class=\"\">Ljuvlig kl\u00e4nning i 100% bomullsbatist.<br>\n<\/span><span class=\"\">L\u00e5ng\u00e4rmad med fodrad \u00f6verdel och kjol i samma tyg som yttertyget.<br>\n<\/span><span class=\"\">Kl\u00e4nningen \u00e4r handf\u00e4rgad med sk. dip dyed metod, en form av batikf\u00e4rgning. Varje plagg \u00e4r unik i f\u00e4rgen och kan d\u00e4rf\u00f6r skilja sig aningen fr\u00e5n bilderna.<\/span><\/div>\n<div><\/div>\n<div class=\"\"><b><br>\nSize &amp; fit:<br>\n<\/b>L\u00e4ngd: 134 cm fr\u00e5n axel i storlek S-L<br>\nBystm\u00e5tt: 102 cm i storlek M<br>\n<b>Material:\u00a0<\/b>100% linen<br>\n<b>Tv\u00e4tt:<\/b>\u00a0Handtv\u00e4tt<\/div>\n<\/div>\n<\/div>","protected":false},"featured_media":38686,"comment_status":"open","ping_status":"closed","template":"","meta":[],"product_cat":[229,103],"product_tag":[],"yoast_head":"<!-- This site is optimized with the Yoast SEO plugin v24.5 - https:\/\/yoast.com\/wordpress\/plugins\/seo\/ -->\n<title>Aysha Dress - Ljusbl\u00e5 - Milook<\/title>\n<meta name=\"robots\" content=\"index, follow, max-snippet:-1, max-image-preview:large, max-video-preview:-1\" \/>\n<link rel=\"canonical\" href=\"https:\/\/milook.se\/en\/product\/aysha-dress-ljusbla\/\" \/>\n<meta property=\"og:locale\" content=\"en_GB\" \/>\n<meta property=\"og:type\" content=\"article\" \/>\n<meta property=\"og:title\" content=\"Aysha Dress - Ljusbl\u00e5 - Milook\" \/>\n<meta property=\"og:description\" content=\"Ljuvlig kl\u00e4nning i 100% bomullsbatist. L\u00e5ng\u00e4rmad med fodrad \u00f6verdel och kjol i samma tyg som yttertyget. Kl\u00e4nningen \u00e4r handf\u00e4rgad med sk. dip dyed metod, en form av batikf\u00e4rgning. Varje plagg \u00e4r unik i f\u00e4rgen och kan d\u00e4rf\u00f6r skilja sig aningen fr\u00e5n bilderna.   Storlek &amp; passform: L\u00e4ngd: 134 cm fr\u00e5n axel i storlek S-L Bystm\u00e5tt: 102 cm i storlek M Material:\u00a0100% bomull Tv\u00e4tt:\u00a0Handtv\u00e4tt\" \/>\n<meta property=\"og:url\" content=\"https:\/\/milook.se\/en\/product\/aysha-dress-ljusbla\/\" \/>\n<meta property=\"og:site_name\" content=\"Milook\" \/>\n<meta property=\"article:publisher\" content=\"https:\/\/sv-se.facebook.com\/milooksweden\/\" \/>\n<meta property=\"article:modified_time\" content=\"2025-07-08T07:36:02+00:00\" \/>\n<meta property=\"og:image\" content=\"https:\/\/milook.se\/wp-content\/uploads\/2021\/09\/Aysha-Light-Front.jpg\" \/>\n\t<meta property=\"og:image:width\" content=\"1558\" \/>\n\t<meta property=\"og:image:height\" content=\"1920\" \/>\n\t<meta property=\"og:image:type\" content=\"image\/jpeg\" \/>\n<meta name=\"twitter:card\" content=\"summary_large_image\" \/>\n<script type=\"application\/ld+json\" class=\"yoast-schema-graph\">{\"@context\":\"https:\/\/schema.org\",\"@graph\":[{\"@type\":\"WebPage\",\"@id\":\"https:\/\/milook.se\/product\/aysha-dress-ljusbla\/\",\"url\":\"https:\/\/milook.se\/product\/aysha-dress-ljusbla\/\",\"name\":\"Aysha Dress - Ljusbl\u00e5 - Milook\",\"isPartOf\":{\"@id\":\"https:\/\/milook.se\/#website\"},\"primaryImageOfPage\":{\"@id\":\"https:\/\/milook.se\/product\/aysha-dress-ljusbla\/#primaryimage\"},\"image\":{\"@id\":\"https:\/\/milook.se\/product\/aysha-dress-ljusbla\/#primaryimage\"},\"thumbnailUrl\":\"https:\/\/milook.se\/wp-content\/uploads\/2021\/09\/Aysha-Light-Front.jpg\",\"datePublished\":\"2021-09-23T11:45:25+00:00\",\"dateModified\":\"2025-07-08T07:36:02+00:00\",\"breadcrumb\":{\"@id\":\"https:\/\/milook.se\/product\/aysha-dress-ljusbla\/#breadcrumb\"},\"inLanguage\":\"en-GB\",\"potentialAction\":[{\"@type\":\"ReadAction\",\"target\":[\"https:\/\/milook.se\/product\/aysha-dress-ljusbla\/\"]}]},{\"@type\":\"ImageObject\",\"inLanguage\":\"en-GB\",\"@id\":\"https:\/\/milook.se\/product\/aysha-dress-ljusbla\/#primaryimage\",\"url\":\"https:\/\/milook.se\/wp-content\/uploads\/2021\/09\/Aysha-Light-Front.jpg\",\"contentUrl\":\"https:\/\/milook.se\/wp-content\/uploads\/2021\/09\/Aysha-Light-Front.jpg\",\"width\":1558,\"height\":1920},{\"@type\":\"BreadcrumbList\",\"@id\":\"https:\/\/milook.se\/product\/aysha-dress-ljusbla\/#breadcrumb\",\"itemListElement\":[{\"@type\":\"ListItem\",\"position\":1,\"name\":\"Hem\",\"item\":\"https:\/\/milook.se\/\"},{\"@type\":\"ListItem\",\"position\":2,\"name\":\"V\u00e5r Webbutik\",\"item\":\"https:\/\/milook.se\/shop\/\"},{\"@type\":\"ListItem\",\"position\":3,\"name\":\"Aysha Dress &#8211; Ljusbl\u00e5\"}]},{\"@type\":\"WebSite\",\"@id\":\"https:\/\/milook.se\/#website\",\"url\":\"https:\/\/milook.se\/\",\"name\":\"Milook\",\"description\":\"Kl\u00e4der i Kvalit\u00e9 och Design f\u00f6r Kvinnor\",\"publisher\":{\"@id\":\"https:\/\/milook.se\/#organization\"},\"potentialAction\":[{\"@type\":\"SearchAction\",\"target\":{\"@type\":\"EntryPoint\",\"urlTemplate\":\"https:\/\/milook.se\/?s={search_term_string}\"},\"query-input\":{\"@type\":\"PropertyValueSpecification\",\"valueRequired\":true,\"valueName\":\"search_term_string\"}}],\"inLanguage\":\"en-GB\"},{\"@type\":\"Organization\",\"@id\":\"https:\/\/milook.se\/#organization\",\"name\":\"Milook\",\"url\":\"https:\/\/milook.se\/\",\"logo\":{\"@type\":\"ImageObject\",\"inLanguage\":\"en-GB\",\"@id\":\"https:\/\/milook.se\/#\/schema\/logo\/image\/\",\"url\":\"https:\/\/milook.se\/wp-content\/uploads\/2021\/08\/milook-newlogo.png\",\"contentUrl\":\"https:\/\/milook.se\/wp-content\/uploads\/2021\/08\/milook-newlogo.png\",\"width\":190,\"height\":45,\"caption\":\"Milook\"},\"image\":{\"@id\":\"https:\/\/milook.se\/#\/schema\/logo\/image\/\"},\"sameAs\":[\"https:\/\/sv-se.facebook.com\/milooksweden\/\",\"https:\/\/www.instagram.com\/milookofficial\/\"]}]}<\/script>\n<!-- \/ Yoast SEO plugin. -->","yoast_head_json":{"title":"Aysha Dress - Ljusbl\u00e5 - Milook","robots":{"index":"index","follow":"follow","max-snippet":"max-snippet:-1","max-image-preview":"max-image-preview:large","max-video-preview":"max-video-preview:-1"},"canonical":"https:\/\/milook.se\/en\/product\/aysha-dress-ljusbla\/","og_locale":"en_GB","og_type":"article","og_title":"Aysha Dress - Ljusbl\u00e5 - Milook","og_description":"Ljuvlig kl\u00e4nning i 100% bomullsbatist. L\u00e5ng\u00e4rmad med fodrad \u00f6verdel och kjol i samma tyg som yttertyget. Kl\u00e4nningen \u00e4r handf\u00e4rgad med sk. dip dyed metod, en form av batikf\u00e4rgning. Varje plagg \u00e4r unik i f\u00e4rgen och kan d\u00e4rf\u00f6r skilja sig aningen fr\u00e5n bilderna.   Storlek &amp; passform: L\u00e4ngd: 134 cm fr\u00e5n axel i storlek S-L Bystm\u00e5tt: 102 cm i storlek M Material:\u00a0100% bomull Tv\u00e4tt:\u00a0Handtv\u00e4tt","og_url":"https:\/\/milook.se\/en\/product\/aysha-dress-ljusbla\/","og_site_name":"Milook","article_publisher":"https:\/\/sv-se.facebook.com\/milooksweden\/","article_modified_time":"2025-07-08T07:36:02+00:00","og_image":[{"width":1558,"height":1920,"url":"https:\/\/milook.se\/wp-content\/uploads\/2021\/09\/Aysha-Light-Front.jpg","type":"image\/jpeg"}],"twitter_card":"summary_large_image","schema":{"@context":"https:\/\/schema.org","@graph":[{"@type":"WebPage","@id":"https:\/\/milook.se\/product\/aysha-dress-ljusbla\/","url":"https:\/\/milook.se\/product\/aysha-dress-ljusbla\/","name":"Aysha Dress - Ljusbl\u00e5 - Milook","isPartOf":{"@id":"https:\/\/milook.se\/#website"},"primaryImageOfPage":{"@id":"https:\/\/milook.se\/product\/aysha-dress-ljusbla\/#primaryimage"},"image":{"@id":"https:\/\/milook.se\/product\/aysha-dress-ljusbla\/#primaryimage"},"thumbnailUrl":"https:\/\/milook.se\/wp-content\/uploads\/2021\/09\/Aysha-Light-Front.jpg","datePublished":"2021-09-23T11:45:25+00:00","dateModified":"2025-07-08T07:36:02+00:00","breadcrumb":{"@id":"https:\/\/milook.se\/product\/aysha-dress-ljusbla\/#breadcrumb"},"inLanguage":"en-GB","potentialAction":[{"@type":"ReadAction","target":["https:\/\/milook.se\/product\/aysha-dress-ljusbla\/"]}]},{"@type":"ImageObject","inLanguage":"en-GB","@id":"https:\/\/milook.se\/product\/aysha-dress-ljusbla\/#primaryimage","url":"https:\/\/milook.se\/wp-content\/uploads\/2021\/09\/Aysha-Light-Front.jpg","contentUrl":"https:\/\/milook.se\/wp-content\/uploads\/2021\/09\/Aysha-Light-Front.jpg","width":1558,"height":1920},{"@type":"BreadcrumbList","@id":"https:\/\/milook.se\/product\/aysha-dress-ljusbla\/#breadcrumb","itemListElement":[{"@type":"ListItem","position":1,"name":"Hem","item":"https:\/\/milook.se\/"},{"@type":"ListItem","position":2,"name":"V\u00e5r Webbutik","item":"https:\/\/milook.se\/shop\/"},{"@type":"ListItem","position":3,"name":"Aysha Dress &#8211; Ljusbl\u00e5"}]},{"@type":"WebSite","@id":"https:\/\/milook.se\/#website","url":"https:\/\/milook.se\/","name":"Milook","description":"Kl\u00e4der i Kvalit\u00e9 och Design f\u00f6r Kvinnor","publisher":{"@id":"https:\/\/milook.se\/#organization"},"potentialAction":[{"@type":"SearchAction","target":{"@type":"EntryPoint","urlTemplate":"https:\/\/milook.se\/?s={search_term_string}"},"query-input":{"@type":"PropertyValueSpecification","valueRequired":true,"valueName":"search_term_string"}}],"inLanguage":"en-GB"},{"@type":"Organization","@id":"https:\/\/milook.se\/#organization","name":"Milook","url":"https:\/\/milook.se\/","logo":{"@type":"ImageObject","inLanguage":"en-GB","@id":"https:\/\/milook.se\/#\/schema\/logo\/image\/","url":"https:\/\/milook.se\/wp-content\/uploads\/2021\/08\/milook-newlogo.png","contentUrl":"https:\/\/milook.se\/wp-content\/uploads\/2021\/08\/milook-newlogo.png","width":190,"height":45,"caption":"Milook"},"image":{"@id":"https:\/\/milook.se\/#\/schema\/logo\/image\/"},"sameAs":["https:\/\/sv-se.facebook.com\/milooksweden\/","https:\/\/www.instagram.com\/milookofficial\/"]}]}},"_links":{"self":[{"href":"https:\/\/milook.se\/en\/wp-json\/wp\/v2\/product\/38682"}],"collection":[{"href":"https:\/\/milook.se\/en\/wp-json\/wp\/v2\/product"}],"about":[{"href":"https:\/\/milook.se\/en\/wp-json\/wp\/v2\/types\/product"}],"replies":[{"embeddable":true,"href":"https:\/\/milook.se\/en\/wp-json\/wp\/v2\/comments?post=38682"}],"wp:featuredmedia":[{"embeddable":true,"href":"https:\/\/milook.se\/en\/wp-json\/wp\/v2\/media\/38686"}],"wp:attachment":[{"href":"https:\/\/milook.se\/en\/wp-json\/wp\/v2\/media?parent=38682"}],"wp:term":[{"taxonomy":"product_cat","embeddable":true,"href":"https:\/\/milook.se\/en\/wp-json\/wp\/v2\/product_cat?post=38682"},{"taxonomy":"product_tag","embeddable":true,"href":"https:\/\/milook.se\/en\/wp-json\/wp\/v2\/product_tag?post=38682"}],"curies":[{"name":"wp","href":"https:\/\/api.w.org\/{rel}","templated":true}]}}