{"id":39060,"date":"2021-10-04T12:24:14","date_gmt":"2021-10-04T10:24:14","guid":{"rendered":"https:\/\/milook.se\/?post_type=product&#038;p=39060"},"modified":"2025-07-30T09:34:56","modified_gmt":"2025-07-30T07:34:56","slug":"svea-top-offwhite","status":"publish","type":"product","link":"https:\/\/milook.se\/en\/product\/svea-top-offwhite\/","title":{"rendered":""},"content":{"rendered":"<p>Klassisk topp med shaping-effekt. Toppen \u00e4r sydd i dubbelt material f\u00f6r att skapa maximal passform. Halsringningen g\u00e5r att anv\u00e4nda fr\u00e5n b\u00e5da h\u00e5ll f\u00f6r att uppn\u00e5 fler anv\u00e4ndningsomr\u00e5den.<br>\nSupersnygg att anv\u00e4nda under exempelvis kavaj eller bara som den \u00e4r. Passar \u00e4ven bra som tr\u00e4ningstopp och yoga eller liknande aktiviteter.<\/p><p><strong>Size &amp; fit:<br>\n<\/strong>\u2013 L\u00e4ngd: 60 cm fr\u00e5n axel i storlek M<br>\n\u2013 Toppen \u00e4r \u00e5tstramande och ska sitta tight mot kroppen.<br>\n<strong>Material: <\/strong>82% Polyamide, 18% Elastan<br>\n<strong>Tv\u00e4tt:<\/strong> 40\u00b0C maskintv\u00e4tt<\/p><p><strong>Toppen kan upplevas som liten i storleken, s\u00e5 vi rekommenderar att ta en st\u00f6rre storlek \u00e4n vanligt.<\/strong><\/p><p>\u00a0<\/p>","protected":false},"excerpt":{"rendered":"<p>Klassisk topp med shaping-effekt. Toppen \u00e4r sydd i dubbelt material f\u00f6r att skapa maximal passform. Halsringningen g\u00e5r att anv\u00e4nda fr\u00e5n b\u00e5da h\u00e5ll f\u00f6r att uppn\u00e5 fler anv\u00e4ndningsomr\u00e5den.<br>\nSupersnygg att anv\u00e4nda under exempelvis kavaj eller bara som den \u00e4r. Passar \u00e4ven bra som tr\u00e4ningstopp och yoga eller liknande aktiviteter.<\/p><p>\u00a0<\/p><p><strong>Size &amp; fit:<br>\n<\/strong>\u2013 L\u00e4ngd: 60 cm fr\u00e5n axel i storlek M<br>\n\u2013 Toppen \u00e4r \u00e5tstramande och ska sitta tight mot kroppen.<br>\n<strong>Material: <\/strong>82% Polyamide, 18% Elastan<br>\n<strong>Tv\u00e4tt:<\/strong> 40\u00b0C maskintv\u00e4tt<\/p><p>\u00a0<\/p><p><strong>Toppen kan upplevas som liten i storleken, s\u00e5 vi rekommenderar att ta en st\u00f6rre storlek \u00e4n vanligt.<\/strong><\/p><p>\u00a0<\/p>","protected":false},"featured_media":39064,"comment_status":"open","ping_status":"closed","template":"","meta":[],"product_cat":[229,108],"product_tag":[],"yoast_head":"<!-- This site is optimized with the Yoast SEO plugin v24.5 - https:\/\/yoast.com\/wordpress\/plugins\/seo\/ -->\n<title>Svea Top - Offwhite - Milook<\/title>\n<meta name=\"robots\" content=\"index, follow, max-snippet:-1, max-image-preview:large, max-video-preview:-1\" \/>\n<link rel=\"canonical\" href=\"https:\/\/milook.se\/en\/product\/svea-top-offwhite\/\" \/>\n<meta property=\"og:locale\" content=\"en_GB\" \/>\n<meta property=\"og:type\" content=\"article\" \/>\n<meta property=\"og:title\" content=\"Svea Top - Offwhite - Milook\" \/>\n<meta property=\"og:description\" content=\"Klassisk topp med shaping-effekt. Toppen \u00e4r sydd i dubbelt material f\u00f6r att skapa maximal passform. Halsringningen g\u00e5r att anv\u00e4nda fr\u00e5n b\u00e5da h\u00e5ll f\u00f6r att uppn\u00e5 fler anv\u00e4ndningsomr\u00e5den. Supersnygg att anv\u00e4nda under exempelvis kavaj eller bara som den \u00e4r. Passar \u00e4ven bra som tr\u00e4ningstopp och yoga eller liknande aktiviteter.  &nbsp;  Storlek &amp; passform: - L\u00e4ngd: 60 cm fr\u00e5n axel i storlek M - Toppen \u00e4r \u00e5tstramande och ska sitta tight mot kroppen. Material: 82% Polyamid, 18% Elastan Tv\u00e4tt: 40\u00b0C maskintv\u00e4tt  &nbsp;  Toppen kan upplevas som liten i storleken, s\u00e5 vi rekommenderar att ta en st\u00f6rre storlek \u00e4n vanligt.  &nbsp;\" \/>\n<meta property=\"og:url\" content=\"https:\/\/milook.se\/en\/product\/svea-top-offwhite\/\" \/>\n<meta property=\"og:site_name\" content=\"Milook\" \/>\n<meta property=\"article:publisher\" content=\"https:\/\/sv-se.facebook.com\/milooksweden\/\" \/>\n<meta property=\"article:modified_time\" content=\"2025-07-30T07:34:56+00:00\" \/>\n<meta property=\"og:image\" content=\"https:\/\/milook.se\/wp-content\/uploads\/2021\/10\/Svea-Offwhite.jpg\" \/>\n\t<meta property=\"og:image:width\" content=\"1558\" \/>\n\t<meta property=\"og:image:height\" content=\"1920\" \/>\n\t<meta property=\"og:image:type\" content=\"image\/jpeg\" \/>\n<meta name=\"twitter:card\" content=\"summary_large_image\" \/>\n<meta name=\"twitter:label1\" content=\"Estimated reading time\" \/>\n\t<meta name=\"twitter:data1\" content=\"1 minute\" \/>\n<script type=\"application\/ld+json\" class=\"yoast-schema-graph\">{\"@context\":\"https:\/\/schema.org\",\"@graph\":[{\"@type\":\"WebPage\",\"@id\":\"https:\/\/milook.se\/product\/svea-top-offwhite\/\",\"url\":\"https:\/\/milook.se\/product\/svea-top-offwhite\/\",\"name\":\"Svea Top - Offwhite - Milook\",\"isPartOf\":{\"@id\":\"https:\/\/milook.se\/#website\"},\"primaryImageOfPage\":{\"@id\":\"https:\/\/milook.se\/product\/svea-top-offwhite\/#primaryimage\"},\"image\":{\"@id\":\"https:\/\/milook.se\/product\/svea-top-offwhite\/#primaryimage\"},\"thumbnailUrl\":\"https:\/\/milook.se\/wp-content\/uploads\/2021\/10\/Svea-Offwhite.jpg\",\"datePublished\":\"2021-10-04T10:24:14+00:00\",\"dateModified\":\"2025-07-30T07:34:56+00:00\",\"breadcrumb\":{\"@id\":\"https:\/\/milook.se\/product\/svea-top-offwhite\/#breadcrumb\"},\"inLanguage\":\"en-GB\",\"potentialAction\":[{\"@type\":\"ReadAction\",\"target\":[\"https:\/\/milook.se\/product\/svea-top-offwhite\/\"]}]},{\"@type\":\"ImageObject\",\"inLanguage\":\"en-GB\",\"@id\":\"https:\/\/milook.se\/product\/svea-top-offwhite\/#primaryimage\",\"url\":\"https:\/\/milook.se\/wp-content\/uploads\/2021\/10\/Svea-Offwhite.jpg\",\"contentUrl\":\"https:\/\/milook.se\/wp-content\/uploads\/2021\/10\/Svea-Offwhite.jpg\",\"width\":1558,\"height\":1920},{\"@type\":\"BreadcrumbList\",\"@id\":\"https:\/\/milook.se\/product\/svea-top-offwhite\/#breadcrumb\",\"itemListElement\":[{\"@type\":\"ListItem\",\"position\":1,\"name\":\"Hem\",\"item\":\"https:\/\/milook.se\/\"},{\"@type\":\"ListItem\",\"position\":2,\"name\":\"V\u00e5r Webbutik\",\"item\":\"https:\/\/milook.se\/shop\/\"},{\"@type\":\"ListItem\",\"position\":3,\"name\":\"Svea Top &#8211; Offwhite\"}]},{\"@type\":\"WebSite\",\"@id\":\"https:\/\/milook.se\/#website\",\"url\":\"https:\/\/milook.se\/\",\"name\":\"Milook\",\"description\":\"Kl\u00e4der i Kvalit\u00e9 och Design f\u00f6r Kvinnor\",\"publisher\":{\"@id\":\"https:\/\/milook.se\/#organization\"},\"potentialAction\":[{\"@type\":\"SearchAction\",\"target\":{\"@type\":\"EntryPoint\",\"urlTemplate\":\"https:\/\/milook.se\/?s={search_term_string}\"},\"query-input\":{\"@type\":\"PropertyValueSpecification\",\"valueRequired\":true,\"valueName\":\"search_term_string\"}}],\"inLanguage\":\"en-GB\"},{\"@type\":\"Organization\",\"@id\":\"https:\/\/milook.se\/#organization\",\"name\":\"Milook\",\"url\":\"https:\/\/milook.se\/\",\"logo\":{\"@type\":\"ImageObject\",\"inLanguage\":\"en-GB\",\"@id\":\"https:\/\/milook.se\/#\/schema\/logo\/image\/\",\"url\":\"https:\/\/milook.se\/wp-content\/uploads\/2021\/08\/milook-newlogo.png\",\"contentUrl\":\"https:\/\/milook.se\/wp-content\/uploads\/2021\/08\/milook-newlogo.png\",\"width\":190,\"height\":45,\"caption\":\"Milook\"},\"image\":{\"@id\":\"https:\/\/milook.se\/#\/schema\/logo\/image\/\"},\"sameAs\":[\"https:\/\/sv-se.facebook.com\/milooksweden\/\",\"https:\/\/www.instagram.com\/milookofficial\/\"]}]}<\/script>\n<!-- \/ Yoast SEO plugin. -->","yoast_head_json":{"title":"Svea Top - Offwhite - Milook","robots":{"index":"index","follow":"follow","max-snippet":"max-snippet:-1","max-image-preview":"max-image-preview:large","max-video-preview":"max-video-preview:-1"},"canonical":"https:\/\/milook.se\/en\/product\/svea-top-offwhite\/","og_locale":"en_GB","og_type":"article","og_title":"Svea Top - Offwhite - Milook","og_description":"Klassisk topp med shaping-effekt. Toppen \u00e4r sydd i dubbelt material f\u00f6r att skapa maximal passform. Halsringningen g\u00e5r att anv\u00e4nda fr\u00e5n b\u00e5da h\u00e5ll f\u00f6r att uppn\u00e5 fler anv\u00e4ndningsomr\u00e5den. Supersnygg att anv\u00e4nda under exempelvis kavaj eller bara som den \u00e4r. Passar \u00e4ven bra som tr\u00e4ningstopp och yoga eller liknande aktiviteter.  &nbsp;  Storlek &amp; passform: - L\u00e4ngd: 60 cm fr\u00e5n axel i storlek M - Toppen \u00e4r \u00e5tstramande och ska sitta tight mot kroppen. Material: 82% Polyamid, 18% Elastan Tv\u00e4tt: 40\u00b0C maskintv\u00e4tt  &nbsp;  Toppen kan upplevas som liten i storleken, s\u00e5 vi rekommenderar att ta en st\u00f6rre storlek \u00e4n vanligt.  &nbsp;","og_url":"https:\/\/milook.se\/en\/product\/svea-top-offwhite\/","og_site_name":"Milook","article_publisher":"https:\/\/sv-se.facebook.com\/milooksweden\/","article_modified_time":"2025-07-30T07:34:56+00:00","og_image":[{"width":1558,"height":1920,"url":"https:\/\/milook.se\/wp-content\/uploads\/2021\/10\/Svea-Offwhite.jpg","type":"image\/jpeg"}],"twitter_card":"summary_large_image","twitter_misc":{"Estimated reading time":"1 minute"},"schema":{"@context":"https:\/\/schema.org","@graph":[{"@type":"WebPage","@id":"https:\/\/milook.se\/product\/svea-top-offwhite\/","url":"https:\/\/milook.se\/product\/svea-top-offwhite\/","name":"Svea Top - Offwhite - Milook","isPartOf":{"@id":"https:\/\/milook.se\/#website"},"primaryImageOfPage":{"@id":"https:\/\/milook.se\/product\/svea-top-offwhite\/#primaryimage"},"image":{"@id":"https:\/\/milook.se\/product\/svea-top-offwhite\/#primaryimage"},"thumbnailUrl":"https:\/\/milook.se\/wp-content\/uploads\/2021\/10\/Svea-Offwhite.jpg","datePublished":"2021-10-04T10:24:14+00:00","dateModified":"2025-07-30T07:34:56+00:00","breadcrumb":{"@id":"https:\/\/milook.se\/product\/svea-top-offwhite\/#breadcrumb"},"inLanguage":"en-GB","potentialAction":[{"@type":"ReadAction","target":["https:\/\/milook.se\/product\/svea-top-offwhite\/"]}]},{"@type":"ImageObject","inLanguage":"en-GB","@id":"https:\/\/milook.se\/product\/svea-top-offwhite\/#primaryimage","url":"https:\/\/milook.se\/wp-content\/uploads\/2021\/10\/Svea-Offwhite.jpg","contentUrl":"https:\/\/milook.se\/wp-content\/uploads\/2021\/10\/Svea-Offwhite.jpg","width":1558,"height":1920},{"@type":"BreadcrumbList","@id":"https:\/\/milook.se\/product\/svea-top-offwhite\/#breadcrumb","itemListElement":[{"@type":"ListItem","position":1,"name":"Hem","item":"https:\/\/milook.se\/"},{"@type":"ListItem","position":2,"name":"V\u00e5r Webbutik","item":"https:\/\/milook.se\/shop\/"},{"@type":"ListItem","position":3,"name":"Svea Top &#8211; Offwhite"}]},{"@type":"WebSite","@id":"https:\/\/milook.se\/#website","url":"https:\/\/milook.se\/","name":"Milook","description":"Kl\u00e4der i Kvalit\u00e9 och Design f\u00f6r Kvinnor","publisher":{"@id":"https:\/\/milook.se\/#organization"},"potentialAction":[{"@type":"SearchAction","target":{"@type":"EntryPoint","urlTemplate":"https:\/\/milook.se\/?s={search_term_string}"},"query-input":{"@type":"PropertyValueSpecification","valueRequired":true,"valueName":"search_term_string"}}],"inLanguage":"en-GB"},{"@type":"Organization","@id":"https:\/\/milook.se\/#organization","name":"Milook","url":"https:\/\/milook.se\/","logo":{"@type":"ImageObject","inLanguage":"en-GB","@id":"https:\/\/milook.se\/#\/schema\/logo\/image\/","url":"https:\/\/milook.se\/wp-content\/uploads\/2021\/08\/milook-newlogo.png","contentUrl":"https:\/\/milook.se\/wp-content\/uploads\/2021\/08\/milook-newlogo.png","width":190,"height":45,"caption":"Milook"},"image":{"@id":"https:\/\/milook.se\/#\/schema\/logo\/image\/"},"sameAs":["https:\/\/sv-se.facebook.com\/milooksweden\/","https:\/\/www.instagram.com\/milookofficial\/"]}]}},"_links":{"self":[{"href":"https:\/\/milook.se\/en\/wp-json\/wp\/v2\/product\/39060"}],"collection":[{"href":"https:\/\/milook.se\/en\/wp-json\/wp\/v2\/product"}],"about":[{"href":"https:\/\/milook.se\/en\/wp-json\/wp\/v2\/types\/product"}],"replies":[{"embeddable":true,"href":"https:\/\/milook.se\/en\/wp-json\/wp\/v2\/comments?post=39060"}],"wp:featuredmedia":[{"embeddable":true,"href":"https:\/\/milook.se\/en\/wp-json\/wp\/v2\/media\/39064"}],"wp:attachment":[{"href":"https:\/\/milook.se\/en\/wp-json\/wp\/v2\/media?parent=39060"}],"wp:term":[{"taxonomy":"product_cat","embeddable":true,"href":"https:\/\/milook.se\/en\/wp-json\/wp\/v2\/product_cat?post=39060"},{"taxonomy":"product_tag","embeddable":true,"href":"https:\/\/milook.se\/en\/wp-json\/wp\/v2\/product_tag?post=39060"}],"curies":[{"name":"wp","href":"https:\/\/api.w.org\/{rel}","templated":true}]}}