{"id":39342,"date":"2021-10-14T11:22:37","date_gmt":"2021-10-14T09:22:37","guid":{"rendered":"https:\/\/milook.se\/?post_type=product&#038;p=39342"},"modified":"2025-07-30T17:08:52","modified_gmt":"2025-07-30T15:08:52","slug":"fanny-top-light-blue","status":"publish","type":"product","link":"https:\/\/milook.se\/en\/product\/fanny-top-light-blue\/","title":{"rendered":""},"content":{"rendered":"<p>\u00c4rml\u00f6s topp i 100% linne.<br>\nToppen har V-hals fram och rund hals bak som g\u00e5r att v\u00e4nda s\u00e5 att man anv\u00e4nder den runda ringningen fram.<br>\nBlusen \u00e4r skuren p\u00e5 skr\u00e5dden vilket inneb\u00e4r att den f\u00e5r en stretcheffekt och d\u00e4rmed mycket bra passform.<\/p><p><b>Size &amp; fit:<br>\n<\/b>L\u00e4ngd: 65 cm i storlek M<br>\n<b>Material:\u00a0<\/b>100% linen<br>\n<b>Tv\u00e4tt:<\/b>\u00a040\u00b0C maskintv\u00e4tt<\/p>","protected":false},"excerpt":{"rendered":"<p>\u00c4rml\u00f6s topp i 100% linne.<br>\nToppen har V-hals fram och rund hals bak som g\u00e5r att v\u00e4nda s\u00e5 att man anv\u00e4nder den runda ringningen fram.<br>\nBlusen \u00e4r skuren p\u00e5 skr\u00e5dden vilket inneb\u00e4r att den f\u00e5r en stretcheffekt och d\u00e4rmed mycket bra passform.<\/p><p>\u00a0<\/p><p><b>Size &amp; fit:<br>\n<\/b>L\u00e4ngd: 65 cm i storlek M<br>\n<b>Material:\u00a0<\/b>100% linen<br>\n<b>Tv\u00e4tt:<\/b>\u00a040\u00b0C maskintv\u00e4tt<\/p>","protected":false},"featured_media":65907,"comment_status":"open","ping_status":"closed","template":"","meta":[],"product_cat":[229,107],"product_tag":[],"yoast_head":"<!-- This site is optimized with the Yoast SEO plugin v24.5 - https:\/\/yoast.com\/wordpress\/plugins\/seo\/ -->\n<title>Fanny Top - Light blue - Milook<\/title>\n<meta name=\"robots\" content=\"index, follow, max-snippet:-1, max-image-preview:large, max-video-preview:-1\" \/>\n<link rel=\"canonical\" href=\"https:\/\/milook.se\/en\/product\/fanny-top-light-blue\/\" \/>\n<meta property=\"og:locale\" content=\"en_GB\" \/>\n<meta property=\"og:type\" content=\"article\" \/>\n<meta property=\"og:title\" content=\"Fanny Top - Light blue - Milook\" \/>\n<meta property=\"og:description\" content=\"\u00c4rml\u00f6s topp i 100% linne. Toppen har V-hals fram och rund hals bak som g\u00e5r att v\u00e4nda s\u00e5 att man anv\u00e4nder den runda ringningen fram. Blusen \u00e4r skuren p\u00e5 skr\u00e5dden vilket inneb\u00e4r att den f\u00e5r en stretcheffekt och d\u00e4rmed mycket bra passform.  &nbsp;  Storlek &amp; passform: L\u00e4ngd: 65 cm i storlek M Material:\u00a0100% linne Tv\u00e4tt:\u00a040\u00b0C maskintv\u00e4tt\" \/>\n<meta property=\"og:url\" content=\"https:\/\/milook.se\/en\/product\/fanny-top-light-blue\/\" \/>\n<meta property=\"og:site_name\" content=\"Milook\" \/>\n<meta property=\"article:publisher\" content=\"https:\/\/sv-se.facebook.com\/milooksweden\/\" \/>\n<meta property=\"article:modified_time\" content=\"2025-07-30T15:08:52+00:00\" \/>\n<meta property=\"og:image\" content=\"https:\/\/milook.se\/wp-content\/uploads\/2021\/10\/Fanny_Lightblue1.jpg\" \/>\n\t<meta property=\"og:image:width\" content=\"1558\" \/>\n\t<meta property=\"og:image:height\" content=\"1920\" \/>\n\t<meta property=\"og:image:type\" content=\"image\/jpeg\" \/>\n<meta name=\"twitter:card\" content=\"summary_large_image\" \/>\n<meta name=\"twitter:label1\" content=\"Estimated reading time\" \/>\n\t<meta name=\"twitter:data1\" content=\"1 minute\" \/>\n<script type=\"application\/ld+json\" class=\"yoast-schema-graph\">{\"@context\":\"https:\/\/schema.org\",\"@graph\":[{\"@type\":\"WebPage\",\"@id\":\"https:\/\/milook.se\/product\/fanny-top-light-blue\/\",\"url\":\"https:\/\/milook.se\/product\/fanny-top-light-blue\/\",\"name\":\"Fanny Top - Light blue - Milook\",\"isPartOf\":{\"@id\":\"https:\/\/milook.se\/#website\"},\"primaryImageOfPage\":{\"@id\":\"https:\/\/milook.se\/product\/fanny-top-light-blue\/#primaryimage\"},\"image\":{\"@id\":\"https:\/\/milook.se\/product\/fanny-top-light-blue\/#primaryimage\"},\"thumbnailUrl\":\"https:\/\/milook.se\/wp-content\/uploads\/2021\/10\/Fanny_Lightblue1.jpg\",\"datePublished\":\"2021-10-14T09:22:37+00:00\",\"dateModified\":\"2025-07-30T15:08:52+00:00\",\"breadcrumb\":{\"@id\":\"https:\/\/milook.se\/product\/fanny-top-light-blue\/#breadcrumb\"},\"inLanguage\":\"en-GB\",\"potentialAction\":[{\"@type\":\"ReadAction\",\"target\":[\"https:\/\/milook.se\/product\/fanny-top-light-blue\/\"]}]},{\"@type\":\"ImageObject\",\"inLanguage\":\"en-GB\",\"@id\":\"https:\/\/milook.se\/product\/fanny-top-light-blue\/#primaryimage\",\"url\":\"https:\/\/milook.se\/wp-content\/uploads\/2021\/10\/Fanny_Lightblue1.jpg\",\"contentUrl\":\"https:\/\/milook.se\/wp-content\/uploads\/2021\/10\/Fanny_Lightblue1.jpg\",\"width\":1558,\"height\":1920},{\"@type\":\"BreadcrumbList\",\"@id\":\"https:\/\/milook.se\/product\/fanny-top-light-blue\/#breadcrumb\",\"itemListElement\":[{\"@type\":\"ListItem\",\"position\":1,\"name\":\"Hem\",\"item\":\"https:\/\/milook.se\/\"},{\"@type\":\"ListItem\",\"position\":2,\"name\":\"V\u00e5r Webbutik\",\"item\":\"https:\/\/milook.se\/shop\/\"},{\"@type\":\"ListItem\",\"position\":3,\"name\":\"Fanny Top &#8211; Light blue\"}]},{\"@type\":\"WebSite\",\"@id\":\"https:\/\/milook.se\/#website\",\"url\":\"https:\/\/milook.se\/\",\"name\":\"Milook\",\"description\":\"Kl\u00e4der i Kvalit\u00e9 och Design f\u00f6r Kvinnor\",\"publisher\":{\"@id\":\"https:\/\/milook.se\/#organization\"},\"potentialAction\":[{\"@type\":\"SearchAction\",\"target\":{\"@type\":\"EntryPoint\",\"urlTemplate\":\"https:\/\/milook.se\/?s={search_term_string}\"},\"query-input\":{\"@type\":\"PropertyValueSpecification\",\"valueRequired\":true,\"valueName\":\"search_term_string\"}}],\"inLanguage\":\"en-GB\"},{\"@type\":\"Organization\",\"@id\":\"https:\/\/milook.se\/#organization\",\"name\":\"Milook\",\"url\":\"https:\/\/milook.se\/\",\"logo\":{\"@type\":\"ImageObject\",\"inLanguage\":\"en-GB\",\"@id\":\"https:\/\/milook.se\/#\/schema\/logo\/image\/\",\"url\":\"https:\/\/milook.se\/wp-content\/uploads\/2021\/08\/milook-newlogo.png\",\"contentUrl\":\"https:\/\/milook.se\/wp-content\/uploads\/2021\/08\/milook-newlogo.png\",\"width\":190,\"height\":45,\"caption\":\"Milook\"},\"image\":{\"@id\":\"https:\/\/milook.se\/#\/schema\/logo\/image\/\"},\"sameAs\":[\"https:\/\/sv-se.facebook.com\/milooksweden\/\",\"https:\/\/www.instagram.com\/milookofficial\/\"]}]}<\/script>\n<!-- \/ Yoast SEO plugin. -->","yoast_head_json":{"title":"Fanny Top - Light blue - Milook","robots":{"index":"index","follow":"follow","max-snippet":"max-snippet:-1","max-image-preview":"max-image-preview:large","max-video-preview":"max-video-preview:-1"},"canonical":"https:\/\/milook.se\/en\/product\/fanny-top-light-blue\/","og_locale":"en_GB","og_type":"article","og_title":"Fanny Top - Light blue - Milook","og_description":"\u00c4rml\u00f6s topp i 100% linne. Toppen har V-hals fram och rund hals bak som g\u00e5r att v\u00e4nda s\u00e5 att man anv\u00e4nder den runda ringningen fram. Blusen \u00e4r skuren p\u00e5 skr\u00e5dden vilket inneb\u00e4r att den f\u00e5r en stretcheffekt och d\u00e4rmed mycket bra passform.  &nbsp;  Storlek &amp; passform: L\u00e4ngd: 65 cm i storlek M Material:\u00a0100% linne Tv\u00e4tt:\u00a040\u00b0C maskintv\u00e4tt","og_url":"https:\/\/milook.se\/en\/product\/fanny-top-light-blue\/","og_site_name":"Milook","article_publisher":"https:\/\/sv-se.facebook.com\/milooksweden\/","article_modified_time":"2025-07-30T15:08:52+00:00","og_image":[{"width":1558,"height":1920,"url":"https:\/\/milook.se\/wp-content\/uploads\/2021\/10\/Fanny_Lightblue1.jpg","type":"image\/jpeg"}],"twitter_card":"summary_large_image","twitter_misc":{"Estimated reading time":"1 minute"},"schema":{"@context":"https:\/\/schema.org","@graph":[{"@type":"WebPage","@id":"https:\/\/milook.se\/product\/fanny-top-light-blue\/","url":"https:\/\/milook.se\/product\/fanny-top-light-blue\/","name":"Fanny Top - Light blue - Milook","isPartOf":{"@id":"https:\/\/milook.se\/#website"},"primaryImageOfPage":{"@id":"https:\/\/milook.se\/product\/fanny-top-light-blue\/#primaryimage"},"image":{"@id":"https:\/\/milook.se\/product\/fanny-top-light-blue\/#primaryimage"},"thumbnailUrl":"https:\/\/milook.se\/wp-content\/uploads\/2021\/10\/Fanny_Lightblue1.jpg","datePublished":"2021-10-14T09:22:37+00:00","dateModified":"2025-07-30T15:08:52+00:00","breadcrumb":{"@id":"https:\/\/milook.se\/product\/fanny-top-light-blue\/#breadcrumb"},"inLanguage":"en-GB","potentialAction":[{"@type":"ReadAction","target":["https:\/\/milook.se\/product\/fanny-top-light-blue\/"]}]},{"@type":"ImageObject","inLanguage":"en-GB","@id":"https:\/\/milook.se\/product\/fanny-top-light-blue\/#primaryimage","url":"https:\/\/milook.se\/wp-content\/uploads\/2021\/10\/Fanny_Lightblue1.jpg","contentUrl":"https:\/\/milook.se\/wp-content\/uploads\/2021\/10\/Fanny_Lightblue1.jpg","width":1558,"height":1920},{"@type":"BreadcrumbList","@id":"https:\/\/milook.se\/product\/fanny-top-light-blue\/#breadcrumb","itemListElement":[{"@type":"ListItem","position":1,"name":"Hem","item":"https:\/\/milook.se\/"},{"@type":"ListItem","position":2,"name":"V\u00e5r Webbutik","item":"https:\/\/milook.se\/shop\/"},{"@type":"ListItem","position":3,"name":"Fanny Top &#8211; Light blue"}]},{"@type":"WebSite","@id":"https:\/\/milook.se\/#website","url":"https:\/\/milook.se\/","name":"Milook","description":"Kl\u00e4der i Kvalit\u00e9 och Design f\u00f6r Kvinnor","publisher":{"@id":"https:\/\/milook.se\/#organization"},"potentialAction":[{"@type":"SearchAction","target":{"@type":"EntryPoint","urlTemplate":"https:\/\/milook.se\/?s={search_term_string}"},"query-input":{"@type":"PropertyValueSpecification","valueRequired":true,"valueName":"search_term_string"}}],"inLanguage":"en-GB"},{"@type":"Organization","@id":"https:\/\/milook.se\/#organization","name":"Milook","url":"https:\/\/milook.se\/","logo":{"@type":"ImageObject","inLanguage":"en-GB","@id":"https:\/\/milook.se\/#\/schema\/logo\/image\/","url":"https:\/\/milook.se\/wp-content\/uploads\/2021\/08\/milook-newlogo.png","contentUrl":"https:\/\/milook.se\/wp-content\/uploads\/2021\/08\/milook-newlogo.png","width":190,"height":45,"caption":"Milook"},"image":{"@id":"https:\/\/milook.se\/#\/schema\/logo\/image\/"},"sameAs":["https:\/\/sv-se.facebook.com\/milooksweden\/","https:\/\/www.instagram.com\/milookofficial\/"]}]}},"_links":{"self":[{"href":"https:\/\/milook.se\/en\/wp-json\/wp\/v2\/product\/39342"}],"collection":[{"href":"https:\/\/milook.se\/en\/wp-json\/wp\/v2\/product"}],"about":[{"href":"https:\/\/milook.se\/en\/wp-json\/wp\/v2\/types\/product"}],"replies":[{"embeddable":true,"href":"https:\/\/milook.se\/en\/wp-json\/wp\/v2\/comments?post=39342"}],"wp:featuredmedia":[{"embeddable":true,"href":"https:\/\/milook.se\/en\/wp-json\/wp\/v2\/media\/65907"}],"wp:attachment":[{"href":"https:\/\/milook.se\/en\/wp-json\/wp\/v2\/media?parent=39342"}],"wp:term":[{"taxonomy":"product_cat","embeddable":true,"href":"https:\/\/milook.se\/en\/wp-json\/wp\/v2\/product_cat?post=39342"},{"taxonomy":"product_tag","embeddable":true,"href":"https:\/\/milook.se\/en\/wp-json\/wp\/v2\/product_tag?post=39342"}],"curies":[{"name":"wp","href":"https:\/\/api.w.org\/{rel}","templated":true}]}}