{"id":65332,"date":"2022-02-23T09:40:02","date_gmt":"2022-02-23T08:40:02","guid":{"rendered":"https:\/\/milook.se\/?post_type=product&#038;p=65332"},"modified":"2025-07-30T17:06:03","modified_gmt":"2025-07-30T15:06:03","slug":"amanda-blouse-linen-pastelgreen","status":"publish","type":"product","link":"https:\/\/milook.se\/en\/product\/amanda-blouse-linen-pastelgreen\/","title":{"rendered":""},"content":{"rendered":"<p class=\"p1\">Feminin V-ringad blus i tunt 100% lin med fin twillstruktur. Amanda \u00e4r l\u00e4tt A-linjeformad och har puffiga \u00e4rmar med manschett. Den tidl\u00f6sa designen g\u00f6r blusen anv\u00e4ndbar \u00e5ret om och till m\u00e5nga olika tillf\u00e4llen.<\/p><p><b>Size &amp; fit:<br>\n<\/b>L\u00e4ngd: 70 cm fr\u00e5n axel i storlek M<br>\n<b>Material: <\/b>100% linen<br>\n<b>Tv\u00e4tt:<\/b> 40\u00b0C maskintv\u00e4tt<\/p>","protected":false},"excerpt":{"rendered":"<p class=\"p1\">Feminin V-ringad blus i tunt 100% lin med fin twillstruktur. Amanda \u00e4r l\u00e4tt A-linjeformad och har puffiga \u00e4rmar med manschett. Den tidl\u00f6sa designen g\u00f6r blusen anv\u00e4ndbar \u00e5ret om och till m\u00e5nga olika tillf\u00e4llen.<\/p><p>\u00a0<\/p><p><b>Size &amp; fit:<br>\n<\/b>L\u00e4ngd: 70 cm fr\u00e5n axel i storlek M<br>\n<b>Material: <\/b>100% linen<br>\n<b>Tv\u00e4tt:<\/b> 40\u00b0C maskintv\u00e4tt<\/p>","protected":false},"featured_media":66013,"comment_status":"open","ping_status":"closed","template":"","meta":[],"product_cat":[206,107],"product_tag":[],"yoast_head":"<!-- This site is optimized with the Yoast SEO plugin v24.5 - https:\/\/yoast.com\/wordpress\/plugins\/seo\/ -->\n<title>Amanda Blouse Linen - Pastel green - Milook<\/title>\n<meta name=\"description\" content=\"Feminin V-ringad blus i tunt 100% lin med fin twillstruktur. Amanda \u00e4r l\u00e4tt A-linjeformad och har puffiga \u00e4rmar med manschett. Den tidl\u00f6sa designen g\u00f6r blusen anv\u00e4ndbar \u00e5ret om och till m\u00e5nga olika tillf\u00e4llen.\" \/>\n<meta name=\"robots\" content=\"index, follow, max-snippet:-1, max-image-preview:large, max-video-preview:-1\" \/>\n<link rel=\"canonical\" href=\"https:\/\/milook.se\/en\/product\/amanda-blouse-linen-pastelgreen\/\" \/>\n<meta property=\"og:locale\" content=\"en_GB\" \/>\n<meta property=\"og:type\" content=\"article\" \/>\n<meta property=\"og:title\" content=\"Amanda Blouse Linen - Pastel green - Milook\" \/>\n<meta property=\"og:description\" content=\"Feminin V-ringad blus i tunt 100% lin med fin twillstruktur. Amanda \u00e4r l\u00e4tt A-linjeformad och har puffiga \u00e4rmar med manschett. Den tidl\u00f6sa designen g\u00f6r blusen anv\u00e4ndbar \u00e5ret om och till m\u00e5nga olika tillf\u00e4llen.\" \/>\n<meta property=\"og:url\" content=\"https:\/\/milook.se\/en\/product\/amanda-blouse-linen-pastelgreen\/\" \/>\n<meta property=\"og:site_name\" content=\"Milook\" \/>\n<meta property=\"article:publisher\" content=\"https:\/\/sv-se.facebook.com\/milooksweden\/\" \/>\n<meta property=\"article:modified_time\" content=\"2025-07-30T15:06:03+00:00\" \/>\n<meta property=\"og:image\" content=\"https:\/\/milook.se\/wp-content\/uploads\/2022\/02\/Amanda_Pastel.jpg\" \/>\n\t<meta property=\"og:image:width\" content=\"1558\" \/>\n\t<meta property=\"og:image:height\" content=\"1920\" \/>\n\t<meta property=\"og:image:type\" content=\"image\/jpeg\" \/>\n<meta name=\"twitter:card\" content=\"summary_large_image\" \/>\n<meta name=\"twitter:label1\" content=\"Estimated reading time\" \/>\n\t<meta name=\"twitter:data1\" content=\"1 minute\" \/>\n<script type=\"application\/ld+json\" class=\"yoast-schema-graph\">{\"@context\":\"https:\/\/schema.org\",\"@graph\":[{\"@type\":\"WebPage\",\"@id\":\"https:\/\/milook.se\/product\/amanda-blouse-linen-pastelgreen\/\",\"url\":\"https:\/\/milook.se\/product\/amanda-blouse-linen-pastelgreen\/\",\"name\":\"Amanda Blouse Linen - Pastel green - Milook\",\"isPartOf\":{\"@id\":\"https:\/\/milook.se\/#website\"},\"primaryImageOfPage\":{\"@id\":\"https:\/\/milook.se\/product\/amanda-blouse-linen-pastelgreen\/#primaryimage\"},\"image\":{\"@id\":\"https:\/\/milook.se\/product\/amanda-blouse-linen-pastelgreen\/#primaryimage\"},\"thumbnailUrl\":\"https:\/\/milook.se\/wp-content\/uploads\/2022\/02\/Amanda_Pastel.jpg\",\"datePublished\":\"2022-02-23T08:40:02+00:00\",\"dateModified\":\"2025-07-30T15:06:03+00:00\",\"description\":\"Feminin V-ringad blus i tunt 100% lin med fin twillstruktur. Amanda \u00e4r l\u00e4tt A-linjeformad och har puffiga \u00e4rmar med manschett. Den tidl\u00f6sa designen g\u00f6r blusen anv\u00e4ndbar \u00e5ret om och till m\u00e5nga olika tillf\u00e4llen.\",\"breadcrumb\":{\"@id\":\"https:\/\/milook.se\/product\/amanda-blouse-linen-pastelgreen\/#breadcrumb\"},\"inLanguage\":\"en-GB\",\"potentialAction\":[{\"@type\":\"ReadAction\",\"target\":[\"https:\/\/milook.se\/product\/amanda-blouse-linen-pastelgreen\/\"]}]},{\"@type\":\"ImageObject\",\"inLanguage\":\"en-GB\",\"@id\":\"https:\/\/milook.se\/product\/amanda-blouse-linen-pastelgreen\/#primaryimage\",\"url\":\"https:\/\/milook.se\/wp-content\/uploads\/2022\/02\/Amanda_Pastel.jpg\",\"contentUrl\":\"https:\/\/milook.se\/wp-content\/uploads\/2022\/02\/Amanda_Pastel.jpg\",\"width\":1558,\"height\":1920},{\"@type\":\"BreadcrumbList\",\"@id\":\"https:\/\/milook.se\/product\/amanda-blouse-linen-pastelgreen\/#breadcrumb\",\"itemListElement\":[{\"@type\":\"ListItem\",\"position\":1,\"name\":\"Hem\",\"item\":\"https:\/\/milook.se\/\"},{\"@type\":\"ListItem\",\"position\":2,\"name\":\"V\u00e5r Webbutik\",\"item\":\"https:\/\/milook.se\/shop\/\"},{\"@type\":\"ListItem\",\"position\":3,\"name\":\"Amanda Blouse Linen &#8211; Pastel green\"}]},{\"@type\":\"WebSite\",\"@id\":\"https:\/\/milook.se\/#website\",\"url\":\"https:\/\/milook.se\/\",\"name\":\"Milook\",\"description\":\"Kl\u00e4der i Kvalit\u00e9 och Design f\u00f6r Kvinnor\",\"publisher\":{\"@id\":\"https:\/\/milook.se\/#organization\"},\"potentialAction\":[{\"@type\":\"SearchAction\",\"target\":{\"@type\":\"EntryPoint\",\"urlTemplate\":\"https:\/\/milook.se\/?s={search_term_string}\"},\"query-input\":{\"@type\":\"PropertyValueSpecification\",\"valueRequired\":true,\"valueName\":\"search_term_string\"}}],\"inLanguage\":\"en-GB\"},{\"@type\":\"Organization\",\"@id\":\"https:\/\/milook.se\/#organization\",\"name\":\"Milook\",\"url\":\"https:\/\/milook.se\/\",\"logo\":{\"@type\":\"ImageObject\",\"inLanguage\":\"en-GB\",\"@id\":\"https:\/\/milook.se\/#\/schema\/logo\/image\/\",\"url\":\"https:\/\/milook.se\/wp-content\/uploads\/2021\/08\/milook-newlogo.png\",\"contentUrl\":\"https:\/\/milook.se\/wp-content\/uploads\/2021\/08\/milook-newlogo.png\",\"width\":190,\"height\":45,\"caption\":\"Milook\"},\"image\":{\"@id\":\"https:\/\/milook.se\/#\/schema\/logo\/image\/\"},\"sameAs\":[\"https:\/\/sv-se.facebook.com\/milooksweden\/\",\"https:\/\/www.instagram.com\/milookofficial\/\"]}]}<\/script>\n<!-- \/ Yoast SEO plugin. -->","yoast_head_json":{"title":"Amanda Blouse Linen - Pastel green - Milook","description":"Feminin V-ringad blus i tunt 100% lin med fin twillstruktur. Amanda \u00e4r l\u00e4tt A-linjeformad och har puffiga \u00e4rmar med manschett. Den tidl\u00f6sa designen g\u00f6r blusen anv\u00e4ndbar \u00e5ret om och till m\u00e5nga olika tillf\u00e4llen.","robots":{"index":"index","follow":"follow","max-snippet":"max-snippet:-1","max-image-preview":"max-image-preview:large","max-video-preview":"max-video-preview:-1"},"canonical":"https:\/\/milook.se\/en\/product\/amanda-blouse-linen-pastelgreen\/","og_locale":"en_GB","og_type":"article","og_title":"Amanda Blouse Linen - Pastel green - Milook","og_description":"Feminin V-ringad blus i tunt 100% lin med fin twillstruktur. Amanda \u00e4r l\u00e4tt A-linjeformad och har puffiga \u00e4rmar med manschett. Den tidl\u00f6sa designen g\u00f6r blusen anv\u00e4ndbar \u00e5ret om och till m\u00e5nga olika tillf\u00e4llen.","og_url":"https:\/\/milook.se\/en\/product\/amanda-blouse-linen-pastelgreen\/","og_site_name":"Milook","article_publisher":"https:\/\/sv-se.facebook.com\/milooksweden\/","article_modified_time":"2025-07-30T15:06:03+00:00","og_image":[{"width":1558,"height":1920,"url":"https:\/\/milook.se\/wp-content\/uploads\/2022\/02\/Amanda_Pastel.jpg","type":"image\/jpeg"}],"twitter_card":"summary_large_image","twitter_misc":{"Estimated reading time":"1 minute"},"schema":{"@context":"https:\/\/schema.org","@graph":[{"@type":"WebPage","@id":"https:\/\/milook.se\/product\/amanda-blouse-linen-pastelgreen\/","url":"https:\/\/milook.se\/product\/amanda-blouse-linen-pastelgreen\/","name":"Amanda Blouse Linen - Pastel green - Milook","isPartOf":{"@id":"https:\/\/milook.se\/#website"},"primaryImageOfPage":{"@id":"https:\/\/milook.se\/product\/amanda-blouse-linen-pastelgreen\/#primaryimage"},"image":{"@id":"https:\/\/milook.se\/product\/amanda-blouse-linen-pastelgreen\/#primaryimage"},"thumbnailUrl":"https:\/\/milook.se\/wp-content\/uploads\/2022\/02\/Amanda_Pastel.jpg","datePublished":"2022-02-23T08:40:02+00:00","dateModified":"2025-07-30T15:06:03+00:00","description":"Feminin V-ringad blus i tunt 100% lin med fin twillstruktur. Amanda \u00e4r l\u00e4tt A-linjeformad och har puffiga \u00e4rmar med manschett. Den tidl\u00f6sa designen g\u00f6r blusen anv\u00e4ndbar \u00e5ret om och till m\u00e5nga olika tillf\u00e4llen.","breadcrumb":{"@id":"https:\/\/milook.se\/product\/amanda-blouse-linen-pastelgreen\/#breadcrumb"},"inLanguage":"en-GB","potentialAction":[{"@type":"ReadAction","target":["https:\/\/milook.se\/product\/amanda-blouse-linen-pastelgreen\/"]}]},{"@type":"ImageObject","inLanguage":"en-GB","@id":"https:\/\/milook.se\/product\/amanda-blouse-linen-pastelgreen\/#primaryimage","url":"https:\/\/milook.se\/wp-content\/uploads\/2022\/02\/Amanda_Pastel.jpg","contentUrl":"https:\/\/milook.se\/wp-content\/uploads\/2022\/02\/Amanda_Pastel.jpg","width":1558,"height":1920},{"@type":"BreadcrumbList","@id":"https:\/\/milook.se\/product\/amanda-blouse-linen-pastelgreen\/#breadcrumb","itemListElement":[{"@type":"ListItem","position":1,"name":"Hem","item":"https:\/\/milook.se\/"},{"@type":"ListItem","position":2,"name":"V\u00e5r Webbutik","item":"https:\/\/milook.se\/shop\/"},{"@type":"ListItem","position":3,"name":"Amanda Blouse Linen &#8211; Pastel green"}]},{"@type":"WebSite","@id":"https:\/\/milook.se\/#website","url":"https:\/\/milook.se\/","name":"Milook","description":"Kl\u00e4der i Kvalit\u00e9 och Design f\u00f6r Kvinnor","publisher":{"@id":"https:\/\/milook.se\/#organization"},"potentialAction":[{"@type":"SearchAction","target":{"@type":"EntryPoint","urlTemplate":"https:\/\/milook.se\/?s={search_term_string}"},"query-input":{"@type":"PropertyValueSpecification","valueRequired":true,"valueName":"search_term_string"}}],"inLanguage":"en-GB"},{"@type":"Organization","@id":"https:\/\/milook.se\/#organization","name":"Milook","url":"https:\/\/milook.se\/","logo":{"@type":"ImageObject","inLanguage":"en-GB","@id":"https:\/\/milook.se\/#\/schema\/logo\/image\/","url":"https:\/\/milook.se\/wp-content\/uploads\/2021\/08\/milook-newlogo.png","contentUrl":"https:\/\/milook.se\/wp-content\/uploads\/2021\/08\/milook-newlogo.png","width":190,"height":45,"caption":"Milook"},"image":{"@id":"https:\/\/milook.se\/#\/schema\/logo\/image\/"},"sameAs":["https:\/\/sv-se.facebook.com\/milooksweden\/","https:\/\/www.instagram.com\/milookofficial\/"]}]}},"_links":{"self":[{"href":"https:\/\/milook.se\/en\/wp-json\/wp\/v2\/product\/65332"}],"collection":[{"href":"https:\/\/milook.se\/en\/wp-json\/wp\/v2\/product"}],"about":[{"href":"https:\/\/milook.se\/en\/wp-json\/wp\/v2\/types\/product"}],"replies":[{"embeddable":true,"href":"https:\/\/milook.se\/en\/wp-json\/wp\/v2\/comments?post=65332"}],"wp:featuredmedia":[{"embeddable":true,"href":"https:\/\/milook.se\/en\/wp-json\/wp\/v2\/media\/66013"}],"wp:attachment":[{"href":"https:\/\/milook.se\/en\/wp-json\/wp\/v2\/media?parent=65332"}],"wp:term":[{"taxonomy":"product_cat","embeddable":true,"href":"https:\/\/milook.se\/en\/wp-json\/wp\/v2\/product_cat?post=65332"},{"taxonomy":"product_tag","embeddable":true,"href":"https:\/\/milook.se\/en\/wp-json\/wp\/v2\/product_tag?post=65332"}],"curies":[{"name":"wp","href":"https:\/\/api.w.org\/{rel}","templated":true}]}}