{"id":65543,"date":"2022-03-08T11:56:20","date_gmt":"2022-03-08T10:56:20","guid":{"rendered":"https:\/\/milook.se\/?post_type=product&#038;p=65543"},"modified":"2025-07-08T09:40:50","modified_gmt":"2025-07-08T07:40:50","slug":"johanna-kaftan-orange","status":"publish","type":"product","link":"https:\/\/milook.se\/en\/product\/johanna-kaftan-orange\/","title":{"rendered":""},"content":{"rendered":"<p class=\"p1\">L\u00e5ng kl\u00e4nning\/kaftan i 100% linne. Johanna har fickor i sidan och kn\u00e4ppning fram.<\/p><p class=\"p1\"><b>Size &amp; fit:<br>\n<\/b>L\u00e4ngd: 130 cm fr\u00e5n axel i storlek M<br>\n<b>Material:\u00a0<\/b>100% linen<br>\n<b>Tv\u00e4tt:<\/b>\u00a040\u00b0C maskintv\u00e4tt<\/p>","protected":false},"excerpt":{"rendered":"<p class=\"p1\">L\u00e5ng kl\u00e4nning\/kaftan i 100% linne. Johanna har fickor i sidan och kn\u00e4ppning fram.<\/p><p>\u00a0<\/p><p><b>Size &amp; fit:<br>\n<\/b>L\u00e4ngd: 130 cm fr\u00e5n axel i storlek M<br>\n<b>Material:\u00a0<\/b>100% linen<br>\n<b>Tv\u00e4tt:<\/b>\u00a040\u00b0C maskintv\u00e4tt<\/p>","protected":false},"featured_media":65719,"comment_status":"open","ping_status":"closed","template":"","meta":[],"product_cat":[206,103],"product_tag":[],"yoast_head":"<!-- This site is optimized with the Yoast SEO plugin v24.5 - https:\/\/yoast.com\/wordpress\/plugins\/seo\/ -->\n<title>Johanna Kaftan - Orange - Milook<\/title>\n<meta name=\"robots\" content=\"index, follow, max-snippet:-1, max-image-preview:large, max-video-preview:-1\" \/>\n<link rel=\"canonical\" href=\"https:\/\/milook.se\/en\/product\/johanna-kaftan-orange\/\" \/>\n<meta property=\"og:locale\" content=\"en_GB\" \/>\n<meta property=\"og:type\" content=\"article\" \/>\n<meta property=\"og:title\" content=\"Johanna Kaftan - Orange - Milook\" \/>\n<meta property=\"og:description\" content=\"L\u00e5ng kl\u00e4nning\/kaftan i 100% linne. Johanna har fickor i sidan och kn\u00e4ppning fram. &nbsp;  Storlek &amp; passform: L\u00e4ngd: 130 cm fr\u00e5n axel i storlek M Material:\u00a0100% linne Tv\u00e4tt:\u00a040\u00b0C maskintv\u00e4tt\" \/>\n<meta property=\"og:url\" content=\"https:\/\/milook.se\/en\/product\/johanna-kaftan-orange\/\" \/>\n<meta property=\"og:site_name\" content=\"Milook\" \/>\n<meta property=\"article:publisher\" content=\"https:\/\/sv-se.facebook.com\/milooksweden\/\" \/>\n<meta property=\"article:modified_time\" content=\"2025-07-08T07:40:50+00:00\" \/>\n<meta property=\"og:image\" content=\"https:\/\/milook.se\/wp-content\/uploads\/2022\/03\/johanna-orange.jpg\" \/>\n\t<meta property=\"og:image:width\" content=\"1558\" \/>\n\t<meta property=\"og:image:height\" content=\"1920\" \/>\n\t<meta property=\"og:image:type\" content=\"image\/jpeg\" \/>\n<meta name=\"twitter:card\" content=\"summary_large_image\" \/>\n<meta name=\"twitter:label1\" content=\"Estimated reading time\" \/>\n\t<meta name=\"twitter:data1\" content=\"1 minute\" \/>\n<script type=\"application\/ld+json\" class=\"yoast-schema-graph\">{\"@context\":\"https:\/\/schema.org\",\"@graph\":[{\"@type\":\"WebPage\",\"@id\":\"https:\/\/milook.se\/product\/johanna-kaftan-orange\/\",\"url\":\"https:\/\/milook.se\/product\/johanna-kaftan-orange\/\",\"name\":\"Johanna Kaftan - Orange - Milook\",\"isPartOf\":{\"@id\":\"https:\/\/milook.se\/#website\"},\"primaryImageOfPage\":{\"@id\":\"https:\/\/milook.se\/product\/johanna-kaftan-orange\/#primaryimage\"},\"image\":{\"@id\":\"https:\/\/milook.se\/product\/johanna-kaftan-orange\/#primaryimage\"},\"thumbnailUrl\":\"https:\/\/milook.se\/wp-content\/uploads\/2022\/03\/johanna-orange.jpg\",\"datePublished\":\"2022-03-08T10:56:20+00:00\",\"dateModified\":\"2025-07-08T07:40:50+00:00\",\"breadcrumb\":{\"@id\":\"https:\/\/milook.se\/product\/johanna-kaftan-orange\/#breadcrumb\"},\"inLanguage\":\"en-GB\",\"potentialAction\":[{\"@type\":\"ReadAction\",\"target\":[\"https:\/\/milook.se\/product\/johanna-kaftan-orange\/\"]}]},{\"@type\":\"ImageObject\",\"inLanguage\":\"en-GB\",\"@id\":\"https:\/\/milook.se\/product\/johanna-kaftan-orange\/#primaryimage\",\"url\":\"https:\/\/milook.se\/wp-content\/uploads\/2022\/03\/johanna-orange.jpg\",\"contentUrl\":\"https:\/\/milook.se\/wp-content\/uploads\/2022\/03\/johanna-orange.jpg\",\"width\":1558,\"height\":1920},{\"@type\":\"BreadcrumbList\",\"@id\":\"https:\/\/milook.se\/product\/johanna-kaftan-orange\/#breadcrumb\",\"itemListElement\":[{\"@type\":\"ListItem\",\"position\":1,\"name\":\"Hem\",\"item\":\"https:\/\/milook.se\/\"},{\"@type\":\"ListItem\",\"position\":2,\"name\":\"V\u00e5r Webbutik\",\"item\":\"https:\/\/milook.se\/shop\/\"},{\"@type\":\"ListItem\",\"position\":3,\"name\":\"Johanna Kaftan &#8211; Orange\"}]},{\"@type\":\"WebSite\",\"@id\":\"https:\/\/milook.se\/#website\",\"url\":\"https:\/\/milook.se\/\",\"name\":\"Milook\",\"description\":\"Kl\u00e4der i Kvalit\u00e9 och Design f\u00f6r Kvinnor\",\"publisher\":{\"@id\":\"https:\/\/milook.se\/#organization\"},\"potentialAction\":[{\"@type\":\"SearchAction\",\"target\":{\"@type\":\"EntryPoint\",\"urlTemplate\":\"https:\/\/milook.se\/?s={search_term_string}\"},\"query-input\":{\"@type\":\"PropertyValueSpecification\",\"valueRequired\":true,\"valueName\":\"search_term_string\"}}],\"inLanguage\":\"en-GB\"},{\"@type\":\"Organization\",\"@id\":\"https:\/\/milook.se\/#organization\",\"name\":\"Milook\",\"url\":\"https:\/\/milook.se\/\",\"logo\":{\"@type\":\"ImageObject\",\"inLanguage\":\"en-GB\",\"@id\":\"https:\/\/milook.se\/#\/schema\/logo\/image\/\",\"url\":\"https:\/\/milook.se\/wp-content\/uploads\/2021\/08\/milook-newlogo.png\",\"contentUrl\":\"https:\/\/milook.se\/wp-content\/uploads\/2021\/08\/milook-newlogo.png\",\"width\":190,\"height\":45,\"caption\":\"Milook\"},\"image\":{\"@id\":\"https:\/\/milook.se\/#\/schema\/logo\/image\/\"},\"sameAs\":[\"https:\/\/sv-se.facebook.com\/milooksweden\/\",\"https:\/\/www.instagram.com\/milookofficial\/\"]}]}<\/script>\n<!-- \/ Yoast SEO plugin. -->","yoast_head_json":{"title":"Johanna Kaftan - Orange - Milook","robots":{"index":"index","follow":"follow","max-snippet":"max-snippet:-1","max-image-preview":"max-image-preview:large","max-video-preview":"max-video-preview:-1"},"canonical":"https:\/\/milook.se\/en\/product\/johanna-kaftan-orange\/","og_locale":"en_GB","og_type":"article","og_title":"Johanna Kaftan - Orange - Milook","og_description":"L\u00e5ng kl\u00e4nning\/kaftan i 100% linne. Johanna har fickor i sidan och kn\u00e4ppning fram. &nbsp;  Storlek &amp; passform: L\u00e4ngd: 130 cm fr\u00e5n axel i storlek M Material:\u00a0100% linne Tv\u00e4tt:\u00a040\u00b0C maskintv\u00e4tt","og_url":"https:\/\/milook.se\/en\/product\/johanna-kaftan-orange\/","og_site_name":"Milook","article_publisher":"https:\/\/sv-se.facebook.com\/milooksweden\/","article_modified_time":"2025-07-08T07:40:50+00:00","og_image":[{"width":1558,"height":1920,"url":"https:\/\/milook.se\/wp-content\/uploads\/2022\/03\/johanna-orange.jpg","type":"image\/jpeg"}],"twitter_card":"summary_large_image","twitter_misc":{"Estimated reading time":"1 minute"},"schema":{"@context":"https:\/\/schema.org","@graph":[{"@type":"WebPage","@id":"https:\/\/milook.se\/product\/johanna-kaftan-orange\/","url":"https:\/\/milook.se\/product\/johanna-kaftan-orange\/","name":"Johanna Kaftan - Orange - Milook","isPartOf":{"@id":"https:\/\/milook.se\/#website"},"primaryImageOfPage":{"@id":"https:\/\/milook.se\/product\/johanna-kaftan-orange\/#primaryimage"},"image":{"@id":"https:\/\/milook.se\/product\/johanna-kaftan-orange\/#primaryimage"},"thumbnailUrl":"https:\/\/milook.se\/wp-content\/uploads\/2022\/03\/johanna-orange.jpg","datePublished":"2022-03-08T10:56:20+00:00","dateModified":"2025-07-08T07:40:50+00:00","breadcrumb":{"@id":"https:\/\/milook.se\/product\/johanna-kaftan-orange\/#breadcrumb"},"inLanguage":"en-GB","potentialAction":[{"@type":"ReadAction","target":["https:\/\/milook.se\/product\/johanna-kaftan-orange\/"]}]},{"@type":"ImageObject","inLanguage":"en-GB","@id":"https:\/\/milook.se\/product\/johanna-kaftan-orange\/#primaryimage","url":"https:\/\/milook.se\/wp-content\/uploads\/2022\/03\/johanna-orange.jpg","contentUrl":"https:\/\/milook.se\/wp-content\/uploads\/2022\/03\/johanna-orange.jpg","width":1558,"height":1920},{"@type":"BreadcrumbList","@id":"https:\/\/milook.se\/product\/johanna-kaftan-orange\/#breadcrumb","itemListElement":[{"@type":"ListItem","position":1,"name":"Hem","item":"https:\/\/milook.se\/"},{"@type":"ListItem","position":2,"name":"V\u00e5r Webbutik","item":"https:\/\/milook.se\/shop\/"},{"@type":"ListItem","position":3,"name":"Johanna Kaftan &#8211; Orange"}]},{"@type":"WebSite","@id":"https:\/\/milook.se\/#website","url":"https:\/\/milook.se\/","name":"Milook","description":"Kl\u00e4der i Kvalit\u00e9 och Design f\u00f6r Kvinnor","publisher":{"@id":"https:\/\/milook.se\/#organization"},"potentialAction":[{"@type":"SearchAction","target":{"@type":"EntryPoint","urlTemplate":"https:\/\/milook.se\/?s={search_term_string}"},"query-input":{"@type":"PropertyValueSpecification","valueRequired":true,"valueName":"search_term_string"}}],"inLanguage":"en-GB"},{"@type":"Organization","@id":"https:\/\/milook.se\/#organization","name":"Milook","url":"https:\/\/milook.se\/","logo":{"@type":"ImageObject","inLanguage":"en-GB","@id":"https:\/\/milook.se\/#\/schema\/logo\/image\/","url":"https:\/\/milook.se\/wp-content\/uploads\/2021\/08\/milook-newlogo.png","contentUrl":"https:\/\/milook.se\/wp-content\/uploads\/2021\/08\/milook-newlogo.png","width":190,"height":45,"caption":"Milook"},"image":{"@id":"https:\/\/milook.se\/#\/schema\/logo\/image\/"},"sameAs":["https:\/\/sv-se.facebook.com\/milooksweden\/","https:\/\/www.instagram.com\/milookofficial\/"]}]}},"_links":{"self":[{"href":"https:\/\/milook.se\/en\/wp-json\/wp\/v2\/product\/65543"}],"collection":[{"href":"https:\/\/milook.se\/en\/wp-json\/wp\/v2\/product"}],"about":[{"href":"https:\/\/milook.se\/en\/wp-json\/wp\/v2\/types\/product"}],"replies":[{"embeddable":true,"href":"https:\/\/milook.se\/en\/wp-json\/wp\/v2\/comments?post=65543"}],"wp:featuredmedia":[{"embeddable":true,"href":"https:\/\/milook.se\/en\/wp-json\/wp\/v2\/media\/65719"}],"wp:attachment":[{"href":"https:\/\/milook.se\/en\/wp-json\/wp\/v2\/media?parent=65543"}],"wp:term":[{"taxonomy":"product_cat","embeddable":true,"href":"https:\/\/milook.se\/en\/wp-json\/wp\/v2\/product_cat?post=65543"},{"taxonomy":"product_tag","embeddable":true,"href":"https:\/\/milook.se\/en\/wp-json\/wp\/v2\/product_tag?post=65543"}],"curies":[{"name":"wp","href":"https:\/\/api.w.org\/{rel}","templated":true}]}}