{"id":65714,"date":"2022-03-31T11:32:20","date_gmt":"2022-03-31T09:32:20","guid":{"rendered":"https:\/\/milook.se\/?post_type=product&#038;p=65714"},"modified":"2025-07-30T09:34:56","modified_gmt":"2025-07-30T07:34:56","slug":"shapemi-tunic","status":"publish","type":"product","link":"https:\/\/milook.se\/en\/product\/shapemi-tunic\/","title":{"rendered":""},"content":{"rendered":"<p class=\"p1\">Stretchig underkl\u00e4nning som h\u00e5ller in och formar p\u00e5 ett sk\u00f6nt s\u00e4tt. Shapemi har en smal gummikant nedtill f\u00f6r att h\u00e5lla kl\u00e4nningen p\u00e5 plats!<\/p><p class=\"p1\"><b>Material:\u00a0<\/b>82% Polyamide, 18% Elastan<br>\n<b>Tv\u00e4tt:<\/b>\u00a040\u00b0C maskintv\u00e4tt<\/p><p>\u00a0<\/p>","protected":false},"excerpt":{"rendered":"<p>Underkl\u00e4nning\/linne som h\u00e5ller in och formar p\u00e5 ett sk\u00f6nt s\u00e4tt. Shapemi \u00e4r mycket stretchig och slutar strax nedanf\u00f6r rumpan och har en smal gummikant nedtill f\u00f6r att h\u00e5lla kl\u00e4nningen p\u00e5 plats!<\/p><p>\u00a0<\/p><p class=\"p1\"><b>Material:\u00a0<\/b>82% Polyamide, 18% Elastan<br>\n<b>Tv\u00e4tt:<\/b>\u00a040\u00b0C maskintv\u00e4tt<\/p><p>\u00a0<\/p>","protected":false},"featured_media":65728,"comment_status":"open","ping_status":"closed","template":"","meta":[],"product_cat":[229,108],"product_tag":[],"yoast_head":"<!-- This site is optimized with the Yoast SEO plugin v24.5 - https:\/\/yoast.com\/wordpress\/plugins\/seo\/ -->\n<title>Shapemi Tunic - White - Milook<\/title>\n<meta name=\"robots\" content=\"index, follow, max-snippet:-1, max-image-preview:large, max-video-preview:-1\" \/>\n<link rel=\"canonical\" href=\"https:\/\/milook.se\/en\/product\/shapemi-tunic\/\" \/>\n<meta property=\"og:locale\" content=\"en_GB\" \/>\n<meta property=\"og:type\" content=\"article\" \/>\n<meta property=\"og:title\" content=\"Shapemi Tunic - White - Milook\" \/>\n<meta property=\"og:description\" content=\"Underkl\u00e4nning\/linne som h\u00e5ller in och formar p\u00e5 ett sk\u00f6nt s\u00e4tt. Shapemi \u00e4r mycket stretchig och slutar strax nedanf\u00f6r rumpan och har en smal gummikant nedtill f\u00f6r att h\u00e5lla kl\u00e4nningen p\u00e5 plats!  &nbsp; Material:\u00a082% Polyamid, 18% Elastan Tv\u00e4tt:\u00a040\u00b0C maskintv\u00e4tt &nbsp;\" \/>\n<meta property=\"og:url\" content=\"https:\/\/milook.se\/en\/product\/shapemi-tunic\/\" \/>\n<meta property=\"og:site_name\" content=\"Milook\" \/>\n<meta property=\"article:publisher\" content=\"https:\/\/sv-se.facebook.com\/milooksweden\/\" \/>\n<meta property=\"article:modified_time\" content=\"2025-07-30T07:34:56+00:00\" \/>\n<meta property=\"og:image\" content=\"https:\/\/milook.se\/wp-content\/uploads\/2022\/03\/shapemi.jpg\" \/>\n\t<meta property=\"og:image:width\" content=\"1339\" \/>\n\t<meta property=\"og:image:height\" content=\"1650\" \/>\n\t<meta property=\"og:image:type\" content=\"image\/jpeg\" \/>\n<meta name=\"twitter:card\" content=\"summary_large_image\" \/>\n<script type=\"application\/ld+json\" class=\"yoast-schema-graph\">{\"@context\":\"https:\/\/schema.org\",\"@graph\":[{\"@type\":\"WebPage\",\"@id\":\"https:\/\/milook.se\/product\/shapemi-tunic\/\",\"url\":\"https:\/\/milook.se\/product\/shapemi-tunic\/\",\"name\":\"Shapemi Tunic - White - Milook\",\"isPartOf\":{\"@id\":\"https:\/\/milook.se\/#website\"},\"primaryImageOfPage\":{\"@id\":\"https:\/\/milook.se\/product\/shapemi-tunic\/#primaryimage\"},\"image\":{\"@id\":\"https:\/\/milook.se\/product\/shapemi-tunic\/#primaryimage\"},\"thumbnailUrl\":\"https:\/\/milook.se\/wp-content\/uploads\/2022\/03\/shapemi.jpg\",\"datePublished\":\"2022-03-31T09:32:20+00:00\",\"dateModified\":\"2025-07-30T07:34:56+00:00\",\"breadcrumb\":{\"@id\":\"https:\/\/milook.se\/product\/shapemi-tunic\/#breadcrumb\"},\"inLanguage\":\"en-GB\",\"potentialAction\":[{\"@type\":\"ReadAction\",\"target\":[\"https:\/\/milook.se\/product\/shapemi-tunic\/\"]}]},{\"@type\":\"ImageObject\",\"inLanguage\":\"en-GB\",\"@id\":\"https:\/\/milook.se\/product\/shapemi-tunic\/#primaryimage\",\"url\":\"https:\/\/milook.se\/wp-content\/uploads\/2022\/03\/shapemi.jpg\",\"contentUrl\":\"https:\/\/milook.se\/wp-content\/uploads\/2022\/03\/shapemi.jpg\",\"width\":1339,\"height\":1650},{\"@type\":\"BreadcrumbList\",\"@id\":\"https:\/\/milook.se\/product\/shapemi-tunic\/#breadcrumb\",\"itemListElement\":[{\"@type\":\"ListItem\",\"position\":1,\"name\":\"Hem\",\"item\":\"https:\/\/milook.se\/\"},{\"@type\":\"ListItem\",\"position\":2,\"name\":\"V\u00e5r Webbutik\",\"item\":\"https:\/\/milook.se\/shop\/\"},{\"@type\":\"ListItem\",\"position\":3,\"name\":\"Shapemi Tunic &#8211; White\"}]},{\"@type\":\"WebSite\",\"@id\":\"https:\/\/milook.se\/#website\",\"url\":\"https:\/\/milook.se\/\",\"name\":\"Milook\",\"description\":\"Kl\u00e4der i Kvalit\u00e9 och Design f\u00f6r Kvinnor\",\"publisher\":{\"@id\":\"https:\/\/milook.se\/#organization\"},\"potentialAction\":[{\"@type\":\"SearchAction\",\"target\":{\"@type\":\"EntryPoint\",\"urlTemplate\":\"https:\/\/milook.se\/?s={search_term_string}\"},\"query-input\":{\"@type\":\"PropertyValueSpecification\",\"valueRequired\":true,\"valueName\":\"search_term_string\"}}],\"inLanguage\":\"en-GB\"},{\"@type\":\"Organization\",\"@id\":\"https:\/\/milook.se\/#organization\",\"name\":\"Milook\",\"url\":\"https:\/\/milook.se\/\",\"logo\":{\"@type\":\"ImageObject\",\"inLanguage\":\"en-GB\",\"@id\":\"https:\/\/milook.se\/#\/schema\/logo\/image\/\",\"url\":\"https:\/\/milook.se\/wp-content\/uploads\/2021\/08\/milook-newlogo.png\",\"contentUrl\":\"https:\/\/milook.se\/wp-content\/uploads\/2021\/08\/milook-newlogo.png\",\"width\":190,\"height\":45,\"caption\":\"Milook\"},\"image\":{\"@id\":\"https:\/\/milook.se\/#\/schema\/logo\/image\/\"},\"sameAs\":[\"https:\/\/sv-se.facebook.com\/milooksweden\/\",\"https:\/\/www.instagram.com\/milookofficial\/\"]}]}<\/script>\n<!-- \/ Yoast SEO plugin. -->","yoast_head_json":{"title":"Shapemi Tunic - White - Milook","robots":{"index":"index","follow":"follow","max-snippet":"max-snippet:-1","max-image-preview":"max-image-preview:large","max-video-preview":"max-video-preview:-1"},"canonical":"https:\/\/milook.se\/en\/product\/shapemi-tunic\/","og_locale":"en_GB","og_type":"article","og_title":"Shapemi Tunic - White - Milook","og_description":"Underkl\u00e4nning\/linne som h\u00e5ller in och formar p\u00e5 ett sk\u00f6nt s\u00e4tt. Shapemi \u00e4r mycket stretchig och slutar strax nedanf\u00f6r rumpan och har en smal gummikant nedtill f\u00f6r att h\u00e5lla kl\u00e4nningen p\u00e5 plats!  &nbsp; Material:\u00a082% Polyamid, 18% Elastan Tv\u00e4tt:\u00a040\u00b0C maskintv\u00e4tt &nbsp;","og_url":"https:\/\/milook.se\/en\/product\/shapemi-tunic\/","og_site_name":"Milook","article_publisher":"https:\/\/sv-se.facebook.com\/milooksweden\/","article_modified_time":"2025-07-30T07:34:56+00:00","og_image":[{"width":1339,"height":1650,"url":"https:\/\/milook.se\/wp-content\/uploads\/2022\/03\/shapemi.jpg","type":"image\/jpeg"}],"twitter_card":"summary_large_image","schema":{"@context":"https:\/\/schema.org","@graph":[{"@type":"WebPage","@id":"https:\/\/milook.se\/product\/shapemi-tunic\/","url":"https:\/\/milook.se\/product\/shapemi-tunic\/","name":"Shapemi Tunic - White - Milook","isPartOf":{"@id":"https:\/\/milook.se\/#website"},"primaryImageOfPage":{"@id":"https:\/\/milook.se\/product\/shapemi-tunic\/#primaryimage"},"image":{"@id":"https:\/\/milook.se\/product\/shapemi-tunic\/#primaryimage"},"thumbnailUrl":"https:\/\/milook.se\/wp-content\/uploads\/2022\/03\/shapemi.jpg","datePublished":"2022-03-31T09:32:20+00:00","dateModified":"2025-07-30T07:34:56+00:00","breadcrumb":{"@id":"https:\/\/milook.se\/product\/shapemi-tunic\/#breadcrumb"},"inLanguage":"en-GB","potentialAction":[{"@type":"ReadAction","target":["https:\/\/milook.se\/product\/shapemi-tunic\/"]}]},{"@type":"ImageObject","inLanguage":"en-GB","@id":"https:\/\/milook.se\/product\/shapemi-tunic\/#primaryimage","url":"https:\/\/milook.se\/wp-content\/uploads\/2022\/03\/shapemi.jpg","contentUrl":"https:\/\/milook.se\/wp-content\/uploads\/2022\/03\/shapemi.jpg","width":1339,"height":1650},{"@type":"BreadcrumbList","@id":"https:\/\/milook.se\/product\/shapemi-tunic\/#breadcrumb","itemListElement":[{"@type":"ListItem","position":1,"name":"Hem","item":"https:\/\/milook.se\/"},{"@type":"ListItem","position":2,"name":"V\u00e5r Webbutik","item":"https:\/\/milook.se\/shop\/"},{"@type":"ListItem","position":3,"name":"Shapemi Tunic &#8211; White"}]},{"@type":"WebSite","@id":"https:\/\/milook.se\/#website","url":"https:\/\/milook.se\/","name":"Milook","description":"Kl\u00e4der i Kvalit\u00e9 och Design f\u00f6r Kvinnor","publisher":{"@id":"https:\/\/milook.se\/#organization"},"potentialAction":[{"@type":"SearchAction","target":{"@type":"EntryPoint","urlTemplate":"https:\/\/milook.se\/?s={search_term_string}"},"query-input":{"@type":"PropertyValueSpecification","valueRequired":true,"valueName":"search_term_string"}}],"inLanguage":"en-GB"},{"@type":"Organization","@id":"https:\/\/milook.se\/#organization","name":"Milook","url":"https:\/\/milook.se\/","logo":{"@type":"ImageObject","inLanguage":"en-GB","@id":"https:\/\/milook.se\/#\/schema\/logo\/image\/","url":"https:\/\/milook.se\/wp-content\/uploads\/2021\/08\/milook-newlogo.png","contentUrl":"https:\/\/milook.se\/wp-content\/uploads\/2021\/08\/milook-newlogo.png","width":190,"height":45,"caption":"Milook"},"image":{"@id":"https:\/\/milook.se\/#\/schema\/logo\/image\/"},"sameAs":["https:\/\/sv-se.facebook.com\/milooksweden\/","https:\/\/www.instagram.com\/milookofficial\/"]}]}},"_links":{"self":[{"href":"https:\/\/milook.se\/en\/wp-json\/wp\/v2\/product\/65714"}],"collection":[{"href":"https:\/\/milook.se\/en\/wp-json\/wp\/v2\/product"}],"about":[{"href":"https:\/\/milook.se\/en\/wp-json\/wp\/v2\/types\/product"}],"replies":[{"embeddable":true,"href":"https:\/\/milook.se\/en\/wp-json\/wp\/v2\/comments?post=65714"}],"wp:featuredmedia":[{"embeddable":true,"href":"https:\/\/milook.se\/en\/wp-json\/wp\/v2\/media\/65728"}],"wp:attachment":[{"href":"https:\/\/milook.se\/en\/wp-json\/wp\/v2\/media?parent=65714"}],"wp:term":[{"taxonomy":"product_cat","embeddable":true,"href":"https:\/\/milook.se\/en\/wp-json\/wp\/v2\/product_cat?post=65714"},{"taxonomy":"product_tag","embeddable":true,"href":"https:\/\/milook.se\/en\/wp-json\/wp\/v2\/product_tag?post=65714"}],"curies":[{"name":"wp","href":"https:\/\/api.w.org\/{rel}","templated":true}]}}