{"id":67307,"date":"2022-09-08T12:28:59","date_gmt":"2022-09-08T10:28:59","guid":{"rendered":"https:\/\/milook.se\/?post_type=product&#038;p=67307"},"modified":"2025-07-08T09:38:43","modified_gmt":"2025-07-08T07:38:43","slug":"lisa-blouse-camel","status":"publish","type":"product","link":"https:\/\/milook.se\/en\/product\/lisa-blouse-camel\/","title":{"rendered":""},"content":{"rendered":"<p>L\u00e5ng\u00e4rmad knytblus i 100% viskos med h\u00f6g hals och puffiga \u00e4rmar. Bandet p\u00e5 blusen \u00e4r avtagbart s\u00e5 du sj\u00e4lv kan v\u00e4lja om du vill b\u00e4ra den med eller utan knut. Perfekt f\u00f6r en kv\u00e4ll p\u00e5 stan eller en dag p\u00e5 kontoret!<\/p><p>Modellen \u00e4r 177 cm och b\u00e4r storlek S<\/p><p><strong>Size &amp; fit:<\/strong><br>\nL\u00e4ngd: 70 cm fr\u00e5n axel i storlek M<br>\n<strong>Material:<\/strong> 100% viscose<br>\n<strong>Tv\u00e4tt:<\/strong> 40\u00b0C maskintv\u00e4tt<\/p>","protected":false},"excerpt":{"rendered":"<p>L\u00e5ng\u00e4rmad knytblus i 100% viskos med h\u00f6g hals och puffiga \u00e4rmar. Bandet p\u00e5 blusen \u00e4r avtagbart s\u00e5 du sj\u00e4lv kan v\u00e4lja om du vill b\u00e4ra den med eller utan knut. Perfekt f\u00f6r en kv\u00e4ll p\u00e5 stan eller en dag p\u00e5 kontoret!<\/p><p>\u00a0<\/p><p>Modellen \u00e4r 177 cm och b\u00e4r storlek S<\/p><p>\u00a0<\/p><p><b>Size &amp; fit:<br>\n<\/b>L\u00e4ngd: 70 cm fr\u00e5n axel i storlek M<br>\n<b>Material:\u00a0<\/b>100% viscose<br>\n<b><\/b><b>Tv\u00e4tt:<\/b> 40\u00b0C maskintv\u00e4tt<\/p><p>\u00a0<\/p><p>Tillverkad i Turkiet<\/p>","protected":false},"featured_media":67313,"comment_status":"open","ping_status":"closed","template":"","meta":[],"product_cat":[193,107],"product_tag":[],"yoast_head":"<!-- This site is optimized with the Yoast SEO plugin v24.5 - https:\/\/yoast.com\/wordpress\/plugins\/seo\/ -->\n<title>Lisa Blouse - Camel - Milook<\/title>\n<meta name=\"robots\" content=\"index, follow, max-snippet:-1, max-image-preview:large, max-video-preview:-1\" \/>\n<link rel=\"canonical\" href=\"https:\/\/milook.se\/en\/product\/lisa-blouse-camel\/\" \/>\n<meta property=\"og:locale\" content=\"en_GB\" \/>\n<meta property=\"og:type\" content=\"article\" \/>\n<meta property=\"og:title\" content=\"Lisa Blouse - Camel - Milook\" \/>\n<meta property=\"og:description\" content=\"L\u00e5ng\u00e4rmad knytblus i 100% viskos med h\u00f6g hals och puffiga \u00e4rmar. Bandet p\u00e5 blusen \u00e4r avtagbart s\u00e5 du sj\u00e4lv kan v\u00e4lja om du vill b\u00e4ra den med eller utan knut. Perfekt f\u00f6r en kv\u00e4ll p\u00e5 stan eller en dag p\u00e5 kontoret!  &nbsp;  Modellen \u00e4r 177 cm och b\u00e4r storlek S  &nbsp;  Storlek &amp; passform: L\u00e4ngd: 70 cm fr\u00e5n axel i storlek M Material:\u00a0100% viskos Tv\u00e4tt: 40\u00b0C maskintv\u00e4tt  &nbsp;  Tillverkad i Turkiet\" \/>\n<meta property=\"og:url\" content=\"https:\/\/milook.se\/en\/product\/lisa-blouse-camel\/\" \/>\n<meta property=\"og:site_name\" content=\"Milook\" \/>\n<meta property=\"article:publisher\" content=\"https:\/\/sv-se.facebook.com\/milooksweden\/\" \/>\n<meta property=\"article:modified_time\" content=\"2025-07-08T07:38:43+00:00\" \/>\n<meta property=\"og:image\" content=\"https:\/\/milook.se\/wp-content\/uploads\/2022\/09\/Lisa-camel1.jpg\" \/>\n\t<meta property=\"og:image:width\" content=\"1558\" \/>\n\t<meta property=\"og:image:height\" content=\"1920\" \/>\n\t<meta property=\"og:image:type\" content=\"image\/jpeg\" \/>\n<meta name=\"twitter:card\" content=\"summary_large_image\" \/>\n<meta name=\"twitter:label1\" content=\"Estimated reading time\" \/>\n\t<meta name=\"twitter:data1\" content=\"1 minute\" \/>\n<script type=\"application\/ld+json\" class=\"yoast-schema-graph\">{\"@context\":\"https:\/\/schema.org\",\"@graph\":[{\"@type\":\"WebPage\",\"@id\":\"https:\/\/milook.se\/product\/lisa-blouse-camel\/\",\"url\":\"https:\/\/milook.se\/product\/lisa-blouse-camel\/\",\"name\":\"Lisa Blouse - Camel - Milook\",\"isPartOf\":{\"@id\":\"https:\/\/milook.se\/#website\"},\"primaryImageOfPage\":{\"@id\":\"https:\/\/milook.se\/product\/lisa-blouse-camel\/#primaryimage\"},\"image\":{\"@id\":\"https:\/\/milook.se\/product\/lisa-blouse-camel\/#primaryimage\"},\"thumbnailUrl\":\"https:\/\/milook.se\/wp-content\/uploads\/2022\/09\/Lisa-camel1.jpg\",\"datePublished\":\"2022-09-08T10:28:59+00:00\",\"dateModified\":\"2025-07-08T07:38:43+00:00\",\"breadcrumb\":{\"@id\":\"https:\/\/milook.se\/product\/lisa-blouse-camel\/#breadcrumb\"},\"inLanguage\":\"en-GB\",\"potentialAction\":[{\"@type\":\"ReadAction\",\"target\":[\"https:\/\/milook.se\/product\/lisa-blouse-camel\/\"]}]},{\"@type\":\"ImageObject\",\"inLanguage\":\"en-GB\",\"@id\":\"https:\/\/milook.se\/product\/lisa-blouse-camel\/#primaryimage\",\"url\":\"https:\/\/milook.se\/wp-content\/uploads\/2022\/09\/Lisa-camel1.jpg\",\"contentUrl\":\"https:\/\/milook.se\/wp-content\/uploads\/2022\/09\/Lisa-camel1.jpg\",\"width\":1558,\"height\":1920},{\"@type\":\"BreadcrumbList\",\"@id\":\"https:\/\/milook.se\/product\/lisa-blouse-camel\/#breadcrumb\",\"itemListElement\":[{\"@type\":\"ListItem\",\"position\":1,\"name\":\"Hem\",\"item\":\"https:\/\/milook.se\/\"},{\"@type\":\"ListItem\",\"position\":2,\"name\":\"V\u00e5r Webbutik\",\"item\":\"https:\/\/milook.se\/shop\/\"},{\"@type\":\"ListItem\",\"position\":3,\"name\":\"Lisa Blouse &#8211; Camel\"}]},{\"@type\":\"WebSite\",\"@id\":\"https:\/\/milook.se\/#website\",\"url\":\"https:\/\/milook.se\/\",\"name\":\"Milook\",\"description\":\"Kl\u00e4der i Kvalit\u00e9 och Design f\u00f6r Kvinnor\",\"publisher\":{\"@id\":\"https:\/\/milook.se\/#organization\"},\"potentialAction\":[{\"@type\":\"SearchAction\",\"target\":{\"@type\":\"EntryPoint\",\"urlTemplate\":\"https:\/\/milook.se\/?s={search_term_string}\"},\"query-input\":{\"@type\":\"PropertyValueSpecification\",\"valueRequired\":true,\"valueName\":\"search_term_string\"}}],\"inLanguage\":\"en-GB\"},{\"@type\":\"Organization\",\"@id\":\"https:\/\/milook.se\/#organization\",\"name\":\"Milook\",\"url\":\"https:\/\/milook.se\/\",\"logo\":{\"@type\":\"ImageObject\",\"inLanguage\":\"en-GB\",\"@id\":\"https:\/\/milook.se\/#\/schema\/logo\/image\/\",\"url\":\"https:\/\/milook.se\/wp-content\/uploads\/2021\/08\/milook-newlogo.png\",\"contentUrl\":\"https:\/\/milook.se\/wp-content\/uploads\/2021\/08\/milook-newlogo.png\",\"width\":190,\"height\":45,\"caption\":\"Milook\"},\"image\":{\"@id\":\"https:\/\/milook.se\/#\/schema\/logo\/image\/\"},\"sameAs\":[\"https:\/\/sv-se.facebook.com\/milooksweden\/\",\"https:\/\/www.instagram.com\/milookofficial\/\"]}]}<\/script>\n<!-- \/ Yoast SEO plugin. -->","yoast_head_json":{"title":"Lisa Blouse - Camel - Milook","robots":{"index":"index","follow":"follow","max-snippet":"max-snippet:-1","max-image-preview":"max-image-preview:large","max-video-preview":"max-video-preview:-1"},"canonical":"https:\/\/milook.se\/en\/product\/lisa-blouse-camel\/","og_locale":"en_GB","og_type":"article","og_title":"Lisa Blouse - Camel - Milook","og_description":"L\u00e5ng\u00e4rmad knytblus i 100% viskos med h\u00f6g hals och puffiga \u00e4rmar. Bandet p\u00e5 blusen \u00e4r avtagbart s\u00e5 du sj\u00e4lv kan v\u00e4lja om du vill b\u00e4ra den med eller utan knut. Perfekt f\u00f6r en kv\u00e4ll p\u00e5 stan eller en dag p\u00e5 kontoret!  &nbsp;  Modellen \u00e4r 177 cm och b\u00e4r storlek S  &nbsp;  Storlek &amp; passform: L\u00e4ngd: 70 cm fr\u00e5n axel i storlek M Material:\u00a0100% viskos Tv\u00e4tt: 40\u00b0C maskintv\u00e4tt  &nbsp;  Tillverkad i Turkiet","og_url":"https:\/\/milook.se\/en\/product\/lisa-blouse-camel\/","og_site_name":"Milook","article_publisher":"https:\/\/sv-se.facebook.com\/milooksweden\/","article_modified_time":"2025-07-08T07:38:43+00:00","og_image":[{"width":1558,"height":1920,"url":"https:\/\/milook.se\/wp-content\/uploads\/2022\/09\/Lisa-camel1.jpg","type":"image\/jpeg"}],"twitter_card":"summary_large_image","twitter_misc":{"Estimated reading time":"1 minute"},"schema":{"@context":"https:\/\/schema.org","@graph":[{"@type":"WebPage","@id":"https:\/\/milook.se\/product\/lisa-blouse-camel\/","url":"https:\/\/milook.se\/product\/lisa-blouse-camel\/","name":"Lisa Blouse - Camel - Milook","isPartOf":{"@id":"https:\/\/milook.se\/#website"},"primaryImageOfPage":{"@id":"https:\/\/milook.se\/product\/lisa-blouse-camel\/#primaryimage"},"image":{"@id":"https:\/\/milook.se\/product\/lisa-blouse-camel\/#primaryimage"},"thumbnailUrl":"https:\/\/milook.se\/wp-content\/uploads\/2022\/09\/Lisa-camel1.jpg","datePublished":"2022-09-08T10:28:59+00:00","dateModified":"2025-07-08T07:38:43+00:00","breadcrumb":{"@id":"https:\/\/milook.se\/product\/lisa-blouse-camel\/#breadcrumb"},"inLanguage":"en-GB","potentialAction":[{"@type":"ReadAction","target":["https:\/\/milook.se\/product\/lisa-blouse-camel\/"]}]},{"@type":"ImageObject","inLanguage":"en-GB","@id":"https:\/\/milook.se\/product\/lisa-blouse-camel\/#primaryimage","url":"https:\/\/milook.se\/wp-content\/uploads\/2022\/09\/Lisa-camel1.jpg","contentUrl":"https:\/\/milook.se\/wp-content\/uploads\/2022\/09\/Lisa-camel1.jpg","width":1558,"height":1920},{"@type":"BreadcrumbList","@id":"https:\/\/milook.se\/product\/lisa-blouse-camel\/#breadcrumb","itemListElement":[{"@type":"ListItem","position":1,"name":"Hem","item":"https:\/\/milook.se\/"},{"@type":"ListItem","position":2,"name":"V\u00e5r Webbutik","item":"https:\/\/milook.se\/shop\/"},{"@type":"ListItem","position":3,"name":"Lisa Blouse &#8211; Camel"}]},{"@type":"WebSite","@id":"https:\/\/milook.se\/#website","url":"https:\/\/milook.se\/","name":"Milook","description":"Kl\u00e4der i Kvalit\u00e9 och Design f\u00f6r Kvinnor","publisher":{"@id":"https:\/\/milook.se\/#organization"},"potentialAction":[{"@type":"SearchAction","target":{"@type":"EntryPoint","urlTemplate":"https:\/\/milook.se\/?s={search_term_string}"},"query-input":{"@type":"PropertyValueSpecification","valueRequired":true,"valueName":"search_term_string"}}],"inLanguage":"en-GB"},{"@type":"Organization","@id":"https:\/\/milook.se\/#organization","name":"Milook","url":"https:\/\/milook.se\/","logo":{"@type":"ImageObject","inLanguage":"en-GB","@id":"https:\/\/milook.se\/#\/schema\/logo\/image\/","url":"https:\/\/milook.se\/wp-content\/uploads\/2021\/08\/milook-newlogo.png","contentUrl":"https:\/\/milook.se\/wp-content\/uploads\/2021\/08\/milook-newlogo.png","width":190,"height":45,"caption":"Milook"},"image":{"@id":"https:\/\/milook.se\/#\/schema\/logo\/image\/"},"sameAs":["https:\/\/sv-se.facebook.com\/milooksweden\/","https:\/\/www.instagram.com\/milookofficial\/"]}]}},"_links":{"self":[{"href":"https:\/\/milook.se\/en\/wp-json\/wp\/v2\/product\/67307"}],"collection":[{"href":"https:\/\/milook.se\/en\/wp-json\/wp\/v2\/product"}],"about":[{"href":"https:\/\/milook.se\/en\/wp-json\/wp\/v2\/types\/product"}],"replies":[{"embeddable":true,"href":"https:\/\/milook.se\/en\/wp-json\/wp\/v2\/comments?post=67307"}],"wp:featuredmedia":[{"embeddable":true,"href":"https:\/\/milook.se\/en\/wp-json\/wp\/v2\/media\/67313"}],"wp:attachment":[{"href":"https:\/\/milook.se\/en\/wp-json\/wp\/v2\/media?parent=67307"}],"wp:term":[{"taxonomy":"product_cat","embeddable":true,"href":"https:\/\/milook.se\/en\/wp-json\/wp\/v2\/product_cat?post=67307"},{"taxonomy":"product_tag","embeddable":true,"href":"https:\/\/milook.se\/en\/wp-json\/wp\/v2\/product_tag?post=67307"}],"curies":[{"name":"wp","href":"https:\/\/api.w.org\/{rel}","templated":true}]}}