{"id":68885,"date":"2022-11-19T14:37:42","date_gmt":"2022-11-19T13:37:42","guid":{"rendered":"https:\/\/milook.se\/product\/anna-slipdress\/"},"modified":"2025-07-08T09:37:21","modified_gmt":"2025-07-08T07:37:21","slug":"anna-slipdress","status":"publish","type":"product","link":"https:\/\/milook.se\/en\/product\/anna-slipdress\/","title":{"rendered":""},"content":{"rendered":"<p>Ljuvlig feminin underkl&auml;nning\/nattlinne med V-hals formad ringning. Runt hals och &auml;rm ligger en mjuk spets som f&ouml;ljer armringningen p&aring; ett fint s&auml;tt.<\/p><p>Kl&auml;nningen &auml;r avskuren i midjan f&ouml;r att skapa en fin l&auml;tt utst&auml;lld form.<\/p><p>L&auml;ngd i storlek M: 90cm fr&aring;n axel.<\/p><p>Materialet &auml;r h&auml;rligt mjukt och stretchigt.<br>Tv&auml;tt: 40&deg; C<\/p>","protected":false},"excerpt":{"rendered":"<p>Ljuvlig feminin underkl\u00e4nning\/nattlinne med V-hals formad ringning. Runt hals och \u00e4rm ligger en mjuk spets som f\u00f6ljer armringningen p\u00e5 ett fint s\u00e4tt.<\/p><p>Kl\u00e4nningen \u00e4r avskuren i midjan f\u00f6r att skapa en fin l\u00e4tt utst\u00e4lld form.<\/p>","protected":false},"featured_media":68879,"comment_status":"open","ping_status":"closed","template":"","meta":[],"product_cat":[105],"product_tag":[],"yoast_head":"<!-- This site is optimized with the Yoast SEO plugin v24.5 - https:\/\/yoast.com\/wordpress\/plugins\/seo\/ -->\n<title>Anna slipdress - Milook<\/title>\n<meta name=\"robots\" content=\"index, follow, max-snippet:-1, max-image-preview:large, max-video-preview:-1\" \/>\n<link rel=\"canonical\" href=\"https:\/\/milook.se\/en\/product\/anna-slipdress\/\" \/>\n<meta property=\"og:locale\" content=\"en_GB\" \/>\n<meta property=\"og:type\" content=\"article\" \/>\n<meta property=\"og:title\" content=\"Anna slipdress - Milook\" \/>\n<meta property=\"og:description\" content=\"Ljuvlig feminin underkl\u00e4nning\/nattlinne med V-hals formad ringning. Runt hals och \u00e4rm ligger en mjuk spets som f\u00f6ljer armringningen p\u00e5 ett fint s\u00e4tt.Kl\u00e4nningen \u00e4r avskuren i midjan f\u00f6r att skapa en fin l\u00e4tt utst\u00e4lld form.\" \/>\n<meta property=\"og:url\" content=\"https:\/\/milook.se\/en\/product\/anna-slipdress\/\" \/>\n<meta property=\"og:site_name\" content=\"Milook\" \/>\n<meta property=\"article:publisher\" content=\"https:\/\/sv-se.facebook.com\/milooksweden\/\" \/>\n<meta property=\"article:modified_time\" content=\"2025-07-08T07:37:21+00:00\" \/>\n<meta property=\"og:image\" content=\"https:\/\/milook.se\/wp-content\/uploads\/2022\/11\/52455866d76def41193065ae40c2522d0213b710.jpg\" \/>\n\t<meta property=\"og:image:width\" content=\"800\" \/>\n\t<meta property=\"og:image:height\" content=\"800\" \/>\n\t<meta property=\"og:image:type\" content=\"image\/jpeg\" \/>\n<meta name=\"twitter:card\" content=\"summary_large_image\" \/>\n<script type=\"application\/ld+json\" class=\"yoast-schema-graph\">{\"@context\":\"https:\/\/schema.org\",\"@graph\":[{\"@type\":\"WebPage\",\"@id\":\"https:\/\/milook.se\/product\/anna-slipdress\/\",\"url\":\"https:\/\/milook.se\/product\/anna-slipdress\/\",\"name\":\"Anna slipdress - Milook\",\"isPartOf\":{\"@id\":\"https:\/\/milook.se\/#website\"},\"primaryImageOfPage\":{\"@id\":\"https:\/\/milook.se\/product\/anna-slipdress\/#primaryimage\"},\"image\":{\"@id\":\"https:\/\/milook.se\/product\/anna-slipdress\/#primaryimage\"},\"thumbnailUrl\":\"https:\/\/milook.se\/wp-content\/uploads\/2022\/11\/52455866d76def41193065ae40c2522d0213b710.jpg\",\"datePublished\":\"2022-11-19T13:37:42+00:00\",\"dateModified\":\"2025-07-08T07:37:21+00:00\",\"breadcrumb\":{\"@id\":\"https:\/\/milook.se\/product\/anna-slipdress\/#breadcrumb\"},\"inLanguage\":\"en-GB\",\"potentialAction\":[{\"@type\":\"ReadAction\",\"target\":[\"https:\/\/milook.se\/product\/anna-slipdress\/\"]}]},{\"@type\":\"ImageObject\",\"inLanguage\":\"en-GB\",\"@id\":\"https:\/\/milook.se\/product\/anna-slipdress\/#primaryimage\",\"url\":\"https:\/\/milook.se\/wp-content\/uploads\/2022\/11\/52455866d76def41193065ae40c2522d0213b710.jpg\",\"contentUrl\":\"https:\/\/milook.se\/wp-content\/uploads\/2022\/11\/52455866d76def41193065ae40c2522d0213b710.jpg\",\"width\":800,\"height\":800,\"caption\":\"Anna slipdress\"},{\"@type\":\"BreadcrumbList\",\"@id\":\"https:\/\/milook.se\/product\/anna-slipdress\/#breadcrumb\",\"itemListElement\":[{\"@type\":\"ListItem\",\"position\":1,\"name\":\"Hem\",\"item\":\"https:\/\/milook.se\/\"},{\"@type\":\"ListItem\",\"position\":2,\"name\":\"V\u00e5r Webbutik\",\"item\":\"https:\/\/milook.se\/shop\/\"},{\"@type\":\"ListItem\",\"position\":3,\"name\":\"Anna slipdress\"}]},{\"@type\":\"WebSite\",\"@id\":\"https:\/\/milook.se\/#website\",\"url\":\"https:\/\/milook.se\/\",\"name\":\"Milook\",\"description\":\"Kl\u00e4der i Kvalit\u00e9 och Design f\u00f6r Kvinnor\",\"publisher\":{\"@id\":\"https:\/\/milook.se\/#organization\"},\"potentialAction\":[{\"@type\":\"SearchAction\",\"target\":{\"@type\":\"EntryPoint\",\"urlTemplate\":\"https:\/\/milook.se\/?s={search_term_string}\"},\"query-input\":{\"@type\":\"PropertyValueSpecification\",\"valueRequired\":true,\"valueName\":\"search_term_string\"}}],\"inLanguage\":\"en-GB\"},{\"@type\":\"Organization\",\"@id\":\"https:\/\/milook.se\/#organization\",\"name\":\"Milook\",\"url\":\"https:\/\/milook.se\/\",\"logo\":{\"@type\":\"ImageObject\",\"inLanguage\":\"en-GB\",\"@id\":\"https:\/\/milook.se\/#\/schema\/logo\/image\/\",\"url\":\"https:\/\/milook.se\/wp-content\/uploads\/2021\/08\/milook-newlogo.png\",\"contentUrl\":\"https:\/\/milook.se\/wp-content\/uploads\/2021\/08\/milook-newlogo.png\",\"width\":190,\"height\":45,\"caption\":\"Milook\"},\"image\":{\"@id\":\"https:\/\/milook.se\/#\/schema\/logo\/image\/\"},\"sameAs\":[\"https:\/\/sv-se.facebook.com\/milooksweden\/\",\"https:\/\/www.instagram.com\/milookofficial\/\"]}]}<\/script>\n<!-- \/ Yoast SEO plugin. -->","yoast_head_json":{"title":"Anna slipdress - Milook","robots":{"index":"index","follow":"follow","max-snippet":"max-snippet:-1","max-image-preview":"max-image-preview:large","max-video-preview":"max-video-preview:-1"},"canonical":"https:\/\/milook.se\/en\/product\/anna-slipdress\/","og_locale":"en_GB","og_type":"article","og_title":"Anna slipdress - Milook","og_description":"Ljuvlig feminin underkl\u00e4nning\/nattlinne med V-hals formad ringning. Runt hals och \u00e4rm ligger en mjuk spets som f\u00f6ljer armringningen p\u00e5 ett fint s\u00e4tt.Kl\u00e4nningen \u00e4r avskuren i midjan f\u00f6r att skapa en fin l\u00e4tt utst\u00e4lld form.","og_url":"https:\/\/milook.se\/en\/product\/anna-slipdress\/","og_site_name":"Milook","article_publisher":"https:\/\/sv-se.facebook.com\/milooksweden\/","article_modified_time":"2025-07-08T07:37:21+00:00","og_image":[{"width":800,"height":800,"url":"https:\/\/milook.se\/wp-content\/uploads\/2022\/11\/52455866d76def41193065ae40c2522d0213b710.jpg","type":"image\/jpeg"}],"twitter_card":"summary_large_image","schema":{"@context":"https:\/\/schema.org","@graph":[{"@type":"WebPage","@id":"https:\/\/milook.se\/product\/anna-slipdress\/","url":"https:\/\/milook.se\/product\/anna-slipdress\/","name":"Anna slipdress - Milook","isPartOf":{"@id":"https:\/\/milook.se\/#website"},"primaryImageOfPage":{"@id":"https:\/\/milook.se\/product\/anna-slipdress\/#primaryimage"},"image":{"@id":"https:\/\/milook.se\/product\/anna-slipdress\/#primaryimage"},"thumbnailUrl":"https:\/\/milook.se\/wp-content\/uploads\/2022\/11\/52455866d76def41193065ae40c2522d0213b710.jpg","datePublished":"2022-11-19T13:37:42+00:00","dateModified":"2025-07-08T07:37:21+00:00","breadcrumb":{"@id":"https:\/\/milook.se\/product\/anna-slipdress\/#breadcrumb"},"inLanguage":"en-GB","potentialAction":[{"@type":"ReadAction","target":["https:\/\/milook.se\/product\/anna-slipdress\/"]}]},{"@type":"ImageObject","inLanguage":"en-GB","@id":"https:\/\/milook.se\/product\/anna-slipdress\/#primaryimage","url":"https:\/\/milook.se\/wp-content\/uploads\/2022\/11\/52455866d76def41193065ae40c2522d0213b710.jpg","contentUrl":"https:\/\/milook.se\/wp-content\/uploads\/2022\/11\/52455866d76def41193065ae40c2522d0213b710.jpg","width":800,"height":800,"caption":"Anna slipdress"},{"@type":"BreadcrumbList","@id":"https:\/\/milook.se\/product\/anna-slipdress\/#breadcrumb","itemListElement":[{"@type":"ListItem","position":1,"name":"Hem","item":"https:\/\/milook.se\/"},{"@type":"ListItem","position":2,"name":"V\u00e5r Webbutik","item":"https:\/\/milook.se\/shop\/"},{"@type":"ListItem","position":3,"name":"Anna slipdress"}]},{"@type":"WebSite","@id":"https:\/\/milook.se\/#website","url":"https:\/\/milook.se\/","name":"Milook","description":"Kl\u00e4der i Kvalit\u00e9 och Design f\u00f6r Kvinnor","publisher":{"@id":"https:\/\/milook.se\/#organization"},"potentialAction":[{"@type":"SearchAction","target":{"@type":"EntryPoint","urlTemplate":"https:\/\/milook.se\/?s={search_term_string}"},"query-input":{"@type":"PropertyValueSpecification","valueRequired":true,"valueName":"search_term_string"}}],"inLanguage":"en-GB"},{"@type":"Organization","@id":"https:\/\/milook.se\/#organization","name":"Milook","url":"https:\/\/milook.se\/","logo":{"@type":"ImageObject","inLanguage":"en-GB","@id":"https:\/\/milook.se\/#\/schema\/logo\/image\/","url":"https:\/\/milook.se\/wp-content\/uploads\/2021\/08\/milook-newlogo.png","contentUrl":"https:\/\/milook.se\/wp-content\/uploads\/2021\/08\/milook-newlogo.png","width":190,"height":45,"caption":"Milook"},"image":{"@id":"https:\/\/milook.se\/#\/schema\/logo\/image\/"},"sameAs":["https:\/\/sv-se.facebook.com\/milooksweden\/","https:\/\/www.instagram.com\/milookofficial\/"]}]}},"_links":{"self":[{"href":"https:\/\/milook.se\/en\/wp-json\/wp\/v2\/product\/68885"}],"collection":[{"href":"https:\/\/milook.se\/en\/wp-json\/wp\/v2\/product"}],"about":[{"href":"https:\/\/milook.se\/en\/wp-json\/wp\/v2\/types\/product"}],"replies":[{"embeddable":true,"href":"https:\/\/milook.se\/en\/wp-json\/wp\/v2\/comments?post=68885"}],"wp:featuredmedia":[{"embeddable":true,"href":"https:\/\/milook.se\/en\/wp-json\/wp\/v2\/media\/68879"}],"wp:attachment":[{"href":"https:\/\/milook.se\/en\/wp-json\/wp\/v2\/media?parent=68885"}],"wp:term":[{"taxonomy":"product_cat","embeddable":true,"href":"https:\/\/milook.se\/en\/wp-json\/wp\/v2\/product_cat?post=68885"},{"taxonomy":"product_tag","embeddable":true,"href":"https:\/\/milook.se\/en\/wp-json\/wp\/v2\/product_tag?post=68885"}],"curies":[{"name":"wp","href":"https:\/\/api.w.org\/{rel}","templated":true}]}}