{"id":69097,"date":"2022-12-01T17:44:38","date_gmt":"2022-12-01T16:44:38","guid":{"rendered":"https:\/\/milook.se\/product\/hilma-top\/"},"modified":"2025-07-08T09:37:21","modified_gmt":"2025-07-08T07:37:21","slug":"hilma-top","status":"publish","type":"product","link":"https:\/\/milook.se\/en\/product\/hilma-top\/","title":{"rendered":""},"content":{"rendered":"<p>Linne\/top med shaping-effekt och spetsdetalj &ouml;ver byst. Justerbara axelband. Passar perfekt att b&auml;ra under din tr&ouml;ja\/topp\/blus f&ouml;r att f&aring; en smickrande figur d&aring; den h&aring;ller in p&aring; ett sk&ouml;nt s&auml;tt.<\/p><p>Materialet &auml;r h&auml;rligt mjukt och stretchigt.<br>Tv&auml;tt: 40&deg; C<\/p>","protected":false},"excerpt":{"rendered":"<p>Linne\/top med shaping-effekt, dubbelt tyg i bodyn och spetsdetalj \u00f6ver byst. Justerbara axelband. Passar perfekt att b\u00e4ra under din tr\u00f6ja\/topp\/blus f\u00f6r att f\u00e5 en smickrande figur d\u00e5 den h\u00e5ller in p\u00e5 ett sk\u00f6nt s\u00e4tt.<\/p>","protected":false},"featured_media":69096,"comment_status":"open","ping_status":"closed","template":"","meta":[],"product_cat":[105],"product_tag":[],"yoast_head":"<!-- This site is optimized with the Yoast SEO plugin v24.5 - https:\/\/yoast.com\/wordpress\/plugins\/seo\/ -->\n<title>Hilma Top - Milook<\/title>\n<meta name=\"robots\" content=\"index, follow, max-snippet:-1, max-image-preview:large, max-video-preview:-1\" \/>\n<link rel=\"canonical\" href=\"https:\/\/milook.se\/en\/product\/hilma-top\/\" \/>\n<meta property=\"og:locale\" content=\"en_GB\" \/>\n<meta property=\"og:type\" content=\"article\" \/>\n<meta property=\"og:title\" content=\"Hilma Top - Milook\" \/>\n<meta property=\"og:description\" content=\"Linne\/top med shaping-effekt, dubbelt tyg i bodyn och spetsdetalj \u00f6ver byst. Justerbara axelband. Passar perfekt att b\u00e4ra under din tr\u00f6ja\/topp\/blus f\u00f6r att f\u00e5 en smickrande figur d\u00e5 den h\u00e5ller in p\u00e5 ett sk\u00f6nt s\u00e4tt.\" \/>\n<meta property=\"og:url\" content=\"https:\/\/milook.se\/en\/product\/hilma-top\/\" \/>\n<meta property=\"og:site_name\" content=\"Milook\" \/>\n<meta property=\"article:publisher\" content=\"https:\/\/sv-se.facebook.com\/milooksweden\/\" \/>\n<meta property=\"article:modified_time\" content=\"2025-07-08T07:37:21+00:00\" \/>\n<meta property=\"og:image\" content=\"https:\/\/milook.se\/wp-content\/uploads\/2022\/12\/524558657c82153c7ddf77da688685022df34e39.jpg\" \/>\n\t<meta property=\"og:image:width\" content=\"1039\" \/>\n\t<meta property=\"og:image:height\" content=\"1500\" \/>\n\t<meta property=\"og:image:type\" content=\"image\/jpeg\" \/>\n<meta name=\"twitter:card\" content=\"summary_large_image\" \/>\n<script type=\"application\/ld+json\" class=\"yoast-schema-graph\">{\"@context\":\"https:\/\/schema.org\",\"@graph\":[{\"@type\":\"WebPage\",\"@id\":\"https:\/\/milook.se\/product\/hilma-top\/\",\"url\":\"https:\/\/milook.se\/product\/hilma-top\/\",\"name\":\"Hilma Top - Milook\",\"isPartOf\":{\"@id\":\"https:\/\/milook.se\/#website\"},\"primaryImageOfPage\":{\"@id\":\"https:\/\/milook.se\/product\/hilma-top\/#primaryimage\"},\"image\":{\"@id\":\"https:\/\/milook.se\/product\/hilma-top\/#primaryimage\"},\"thumbnailUrl\":\"https:\/\/milook.se\/wp-content\/uploads\/2022\/12\/524558657c82153c7ddf77da688685022df34e39.jpg\",\"datePublished\":\"2022-12-01T16:44:38+00:00\",\"dateModified\":\"2025-07-08T07:37:21+00:00\",\"breadcrumb\":{\"@id\":\"https:\/\/milook.se\/product\/hilma-top\/#breadcrumb\"},\"inLanguage\":\"en-GB\",\"potentialAction\":[{\"@type\":\"ReadAction\",\"target\":[\"https:\/\/milook.se\/product\/hilma-top\/\"]}]},{\"@type\":\"ImageObject\",\"inLanguage\":\"en-GB\",\"@id\":\"https:\/\/milook.se\/product\/hilma-top\/#primaryimage\",\"url\":\"https:\/\/milook.se\/wp-content\/uploads\/2022\/12\/524558657c82153c7ddf77da688685022df34e39.jpg\",\"contentUrl\":\"https:\/\/milook.se\/wp-content\/uploads\/2022\/12\/524558657c82153c7ddf77da688685022df34e39.jpg\",\"width\":1039,\"height\":1500,\"caption\":\"Hilma Top\"},{\"@type\":\"BreadcrumbList\",\"@id\":\"https:\/\/milook.se\/product\/hilma-top\/#breadcrumb\",\"itemListElement\":[{\"@type\":\"ListItem\",\"position\":1,\"name\":\"Hem\",\"item\":\"https:\/\/milook.se\/\"},{\"@type\":\"ListItem\",\"position\":2,\"name\":\"V\u00e5r Webbutik\",\"item\":\"https:\/\/milook.se\/shop\/\"},{\"@type\":\"ListItem\",\"position\":3,\"name\":\"Hilma Top\"}]},{\"@type\":\"WebSite\",\"@id\":\"https:\/\/milook.se\/#website\",\"url\":\"https:\/\/milook.se\/\",\"name\":\"Milook\",\"description\":\"Kl\u00e4der i Kvalit\u00e9 och Design f\u00f6r Kvinnor\",\"publisher\":{\"@id\":\"https:\/\/milook.se\/#organization\"},\"potentialAction\":[{\"@type\":\"SearchAction\",\"target\":{\"@type\":\"EntryPoint\",\"urlTemplate\":\"https:\/\/milook.se\/?s={search_term_string}\"},\"query-input\":{\"@type\":\"PropertyValueSpecification\",\"valueRequired\":true,\"valueName\":\"search_term_string\"}}],\"inLanguage\":\"en-GB\"},{\"@type\":\"Organization\",\"@id\":\"https:\/\/milook.se\/#organization\",\"name\":\"Milook\",\"url\":\"https:\/\/milook.se\/\",\"logo\":{\"@type\":\"ImageObject\",\"inLanguage\":\"en-GB\",\"@id\":\"https:\/\/milook.se\/#\/schema\/logo\/image\/\",\"url\":\"https:\/\/milook.se\/wp-content\/uploads\/2021\/08\/milook-newlogo.png\",\"contentUrl\":\"https:\/\/milook.se\/wp-content\/uploads\/2021\/08\/milook-newlogo.png\",\"width\":190,\"height\":45,\"caption\":\"Milook\"},\"image\":{\"@id\":\"https:\/\/milook.se\/#\/schema\/logo\/image\/\"},\"sameAs\":[\"https:\/\/sv-se.facebook.com\/milooksweden\/\",\"https:\/\/www.instagram.com\/milookofficial\/\"]}]}<\/script>\n<!-- \/ Yoast SEO plugin. -->","yoast_head_json":{"title":"Hilma Top - Milook","robots":{"index":"index","follow":"follow","max-snippet":"max-snippet:-1","max-image-preview":"max-image-preview:large","max-video-preview":"max-video-preview:-1"},"canonical":"https:\/\/milook.se\/en\/product\/hilma-top\/","og_locale":"en_GB","og_type":"article","og_title":"Hilma Top - Milook","og_description":"Linne\/top med shaping-effekt, dubbelt tyg i bodyn och spetsdetalj \u00f6ver byst. Justerbara axelband. Passar perfekt att b\u00e4ra under din tr\u00f6ja\/topp\/blus f\u00f6r att f\u00e5 en smickrande figur d\u00e5 den h\u00e5ller in p\u00e5 ett sk\u00f6nt s\u00e4tt.","og_url":"https:\/\/milook.se\/en\/product\/hilma-top\/","og_site_name":"Milook","article_publisher":"https:\/\/sv-se.facebook.com\/milooksweden\/","article_modified_time":"2025-07-08T07:37:21+00:00","og_image":[{"width":1039,"height":1500,"url":"https:\/\/milook.se\/wp-content\/uploads\/2022\/12\/524558657c82153c7ddf77da688685022df34e39.jpg","type":"image\/jpeg"}],"twitter_card":"summary_large_image","schema":{"@context":"https:\/\/schema.org","@graph":[{"@type":"WebPage","@id":"https:\/\/milook.se\/product\/hilma-top\/","url":"https:\/\/milook.se\/product\/hilma-top\/","name":"Hilma Top - Milook","isPartOf":{"@id":"https:\/\/milook.se\/#website"},"primaryImageOfPage":{"@id":"https:\/\/milook.se\/product\/hilma-top\/#primaryimage"},"image":{"@id":"https:\/\/milook.se\/product\/hilma-top\/#primaryimage"},"thumbnailUrl":"https:\/\/milook.se\/wp-content\/uploads\/2022\/12\/524558657c82153c7ddf77da688685022df34e39.jpg","datePublished":"2022-12-01T16:44:38+00:00","dateModified":"2025-07-08T07:37:21+00:00","breadcrumb":{"@id":"https:\/\/milook.se\/product\/hilma-top\/#breadcrumb"},"inLanguage":"en-GB","potentialAction":[{"@type":"ReadAction","target":["https:\/\/milook.se\/product\/hilma-top\/"]}]},{"@type":"ImageObject","inLanguage":"en-GB","@id":"https:\/\/milook.se\/product\/hilma-top\/#primaryimage","url":"https:\/\/milook.se\/wp-content\/uploads\/2022\/12\/524558657c82153c7ddf77da688685022df34e39.jpg","contentUrl":"https:\/\/milook.se\/wp-content\/uploads\/2022\/12\/524558657c82153c7ddf77da688685022df34e39.jpg","width":1039,"height":1500,"caption":"Hilma Top"},{"@type":"BreadcrumbList","@id":"https:\/\/milook.se\/product\/hilma-top\/#breadcrumb","itemListElement":[{"@type":"ListItem","position":1,"name":"Hem","item":"https:\/\/milook.se\/"},{"@type":"ListItem","position":2,"name":"V\u00e5r Webbutik","item":"https:\/\/milook.se\/shop\/"},{"@type":"ListItem","position":3,"name":"Hilma Top"}]},{"@type":"WebSite","@id":"https:\/\/milook.se\/#website","url":"https:\/\/milook.se\/","name":"Milook","description":"Kl\u00e4der i Kvalit\u00e9 och Design f\u00f6r Kvinnor","publisher":{"@id":"https:\/\/milook.se\/#organization"},"potentialAction":[{"@type":"SearchAction","target":{"@type":"EntryPoint","urlTemplate":"https:\/\/milook.se\/?s={search_term_string}"},"query-input":{"@type":"PropertyValueSpecification","valueRequired":true,"valueName":"search_term_string"}}],"inLanguage":"en-GB"},{"@type":"Organization","@id":"https:\/\/milook.se\/#organization","name":"Milook","url":"https:\/\/milook.se\/","logo":{"@type":"ImageObject","inLanguage":"en-GB","@id":"https:\/\/milook.se\/#\/schema\/logo\/image\/","url":"https:\/\/milook.se\/wp-content\/uploads\/2021\/08\/milook-newlogo.png","contentUrl":"https:\/\/milook.se\/wp-content\/uploads\/2021\/08\/milook-newlogo.png","width":190,"height":45,"caption":"Milook"},"image":{"@id":"https:\/\/milook.se\/#\/schema\/logo\/image\/"},"sameAs":["https:\/\/sv-se.facebook.com\/milooksweden\/","https:\/\/www.instagram.com\/milookofficial\/"]}]}},"_links":{"self":[{"href":"https:\/\/milook.se\/en\/wp-json\/wp\/v2\/product\/69097"}],"collection":[{"href":"https:\/\/milook.se\/en\/wp-json\/wp\/v2\/product"}],"about":[{"href":"https:\/\/milook.se\/en\/wp-json\/wp\/v2\/types\/product"}],"replies":[{"embeddable":true,"href":"https:\/\/milook.se\/en\/wp-json\/wp\/v2\/comments?post=69097"}],"wp:featuredmedia":[{"embeddable":true,"href":"https:\/\/milook.se\/en\/wp-json\/wp\/v2\/media\/69096"}],"wp:attachment":[{"href":"https:\/\/milook.se\/en\/wp-json\/wp\/v2\/media?parent=69097"}],"wp:term":[{"taxonomy":"product_cat","embeddable":true,"href":"https:\/\/milook.se\/en\/wp-json\/wp\/v2\/product_cat?post=69097"},{"taxonomy":"product_tag","embeddable":true,"href":"https:\/\/milook.se\/en\/wp-json\/wp\/v2\/product_tag?post=69097"}],"curies":[{"name":"wp","href":"https:\/\/api.w.org\/{rel}","templated":true}]}}