{"id":69162,"date":"2022-12-05T13:59:38","date_gmt":"2022-12-05T12:59:38","guid":{"rendered":"https:\/\/milook.se\/product\/annelie-bomber-jacket\/"},"modified":"2025-07-08T09:37:20","modified_gmt":"2025-07-08T07:37:20","slug":"annelie-bomber-jacket","status":"publish","type":"product","link":"https:\/\/milook.se\/en\/product\/annelie-bomber-jacket\/","title":{"rendered":""},"content":{"rendered":"<p>Stylish bomber jacket in soft velour with jersey lining in cotton.<\/p><p>Zipper in gold for a luxurious look.<\/p><p>Jackan &auml;r perfekt att anv&auml;nda som alternativ till kofta eller kavaj, men ocks&aring; snygg att anv&auml;nda<\/p><p>till <a href=\"https:\/\/milook.se\/sv\/product\/josefina-trousers\/\">Josefina trousers<\/a><\/p><p>L&auml;ngd 65cm fr&aring;n axdel i storlek M<\/p><p>Tv&auml;tt: 40&deg; maskintv&auml;tt<\/p><p>&nbsp;<\/p>","protected":false},"excerpt":{"rendered":"<p>Snygg bomberjacka i mjuk velour som \u00e4r fodrad med jerseyfoder i bomull.<\/p><p>Dragkedja i guld f\u00f6r en lyxig look.<\/p><p>Jackan \u00e4r perfekt att anv\u00e4nda som alternativ till kofta eller kavaj.<\/p>","protected":false},"featured_media":69160,"comment_status":"open","ping_status":"closed","template":"","meta":[],"product_cat":[105],"product_tag":[],"yoast_head":"<!-- This site is optimized with the Yoast SEO plugin v24.5 - https:\/\/yoast.com\/wordpress\/plugins\/seo\/ -->\n<title>Annelie Bomber Jacket - Milook<\/title>\n<meta name=\"robots\" content=\"index, follow, max-snippet:-1, max-image-preview:large, max-video-preview:-1\" \/>\n<link rel=\"canonical\" href=\"https:\/\/milook.se\/en\/product\/annelie-bomber-jacket\/\" \/>\n<meta property=\"og:locale\" content=\"en_GB\" \/>\n<meta property=\"og:type\" content=\"article\" \/>\n<meta property=\"og:title\" content=\"Annelie Bomber Jacket - Milook\" \/>\n<meta property=\"og:description\" content=\"Snygg bomberjacka i mjuk velour som \u00e4r fodrad med jerseyfoder i bomull.Dragkedja i guld f\u00f6r en lyxig look.Jackan \u00e4r perfekt att anv\u00e4nda som alternativ till kofta eller kavaj.\" \/>\n<meta property=\"og:url\" content=\"https:\/\/milook.se\/en\/product\/annelie-bomber-jacket\/\" \/>\n<meta property=\"og:site_name\" content=\"Milook\" \/>\n<meta property=\"article:publisher\" content=\"https:\/\/sv-se.facebook.com\/milooksweden\/\" \/>\n<meta property=\"article:modified_time\" content=\"2025-07-08T07:37:20+00:00\" \/>\n<meta property=\"og:image\" content=\"https:\/\/milook.se\/wp-content\/uploads\/2022\/12\/52455720096e2925aa2a8b5d6f2ad0a5e56e4ac8.jpg\" \/>\n\t<meta property=\"og:image:width\" content=\"1154\" \/>\n\t<meta property=\"og:image:height\" content=\"1500\" \/>\n\t<meta property=\"og:image:type\" content=\"image\/jpeg\" \/>\n<meta name=\"twitter:card\" content=\"summary_large_image\" \/>\n<script type=\"application\/ld+json\" class=\"yoast-schema-graph\">{\"@context\":\"https:\/\/schema.org\",\"@graph\":[{\"@type\":\"WebPage\",\"@id\":\"https:\/\/milook.se\/product\/annelie-bomber-jacket\/\",\"url\":\"https:\/\/milook.se\/product\/annelie-bomber-jacket\/\",\"name\":\"Annelie Bomber Jacket - Milook\",\"isPartOf\":{\"@id\":\"https:\/\/milook.se\/#website\"},\"primaryImageOfPage\":{\"@id\":\"https:\/\/milook.se\/product\/annelie-bomber-jacket\/#primaryimage\"},\"image\":{\"@id\":\"https:\/\/milook.se\/product\/annelie-bomber-jacket\/#primaryimage\"},\"thumbnailUrl\":\"https:\/\/milook.se\/wp-content\/uploads\/2022\/12\/52455720096e2925aa2a8b5d6f2ad0a5e56e4ac8.jpg\",\"datePublished\":\"2022-12-05T12:59:38+00:00\",\"dateModified\":\"2025-07-08T07:37:20+00:00\",\"breadcrumb\":{\"@id\":\"https:\/\/milook.se\/product\/annelie-bomber-jacket\/#breadcrumb\"},\"inLanguage\":\"en-GB\",\"potentialAction\":[{\"@type\":\"ReadAction\",\"target\":[\"https:\/\/milook.se\/product\/annelie-bomber-jacket\/\"]}]},{\"@type\":\"ImageObject\",\"inLanguage\":\"en-GB\",\"@id\":\"https:\/\/milook.se\/product\/annelie-bomber-jacket\/#primaryimage\",\"url\":\"https:\/\/milook.se\/wp-content\/uploads\/2022\/12\/52455720096e2925aa2a8b5d6f2ad0a5e56e4ac8.jpg\",\"contentUrl\":\"https:\/\/milook.se\/wp-content\/uploads\/2022\/12\/52455720096e2925aa2a8b5d6f2ad0a5e56e4ac8.jpg\",\"width\":1154,\"height\":1500,\"caption\":\"Annelie Bomber Jacket\"},{\"@type\":\"BreadcrumbList\",\"@id\":\"https:\/\/milook.se\/product\/annelie-bomber-jacket\/#breadcrumb\",\"itemListElement\":[{\"@type\":\"ListItem\",\"position\":1,\"name\":\"Hem\",\"item\":\"https:\/\/milook.se\/\"},{\"@type\":\"ListItem\",\"position\":2,\"name\":\"V\u00e5r Webbutik\",\"item\":\"https:\/\/milook.se\/shop\/\"},{\"@type\":\"ListItem\",\"position\":3,\"name\":\"Annelie Bomber Jacket\"}]},{\"@type\":\"WebSite\",\"@id\":\"https:\/\/milook.se\/#website\",\"url\":\"https:\/\/milook.se\/\",\"name\":\"Milook\",\"description\":\"Kl\u00e4der i Kvalit\u00e9 och Design f\u00f6r Kvinnor\",\"publisher\":{\"@id\":\"https:\/\/milook.se\/#organization\"},\"potentialAction\":[{\"@type\":\"SearchAction\",\"target\":{\"@type\":\"EntryPoint\",\"urlTemplate\":\"https:\/\/milook.se\/?s={search_term_string}\"},\"query-input\":{\"@type\":\"PropertyValueSpecification\",\"valueRequired\":true,\"valueName\":\"search_term_string\"}}],\"inLanguage\":\"en-GB\"},{\"@type\":\"Organization\",\"@id\":\"https:\/\/milook.se\/#organization\",\"name\":\"Milook\",\"url\":\"https:\/\/milook.se\/\",\"logo\":{\"@type\":\"ImageObject\",\"inLanguage\":\"en-GB\",\"@id\":\"https:\/\/milook.se\/#\/schema\/logo\/image\/\",\"url\":\"https:\/\/milook.se\/wp-content\/uploads\/2021\/08\/milook-newlogo.png\",\"contentUrl\":\"https:\/\/milook.se\/wp-content\/uploads\/2021\/08\/milook-newlogo.png\",\"width\":190,\"height\":45,\"caption\":\"Milook\"},\"image\":{\"@id\":\"https:\/\/milook.se\/#\/schema\/logo\/image\/\"},\"sameAs\":[\"https:\/\/sv-se.facebook.com\/milooksweden\/\",\"https:\/\/www.instagram.com\/milookofficial\/\"]}]}<\/script>\n<!-- \/ Yoast SEO plugin. -->","yoast_head_json":{"title":"Annelie Bomber Jacket - Milook","robots":{"index":"index","follow":"follow","max-snippet":"max-snippet:-1","max-image-preview":"max-image-preview:large","max-video-preview":"max-video-preview:-1"},"canonical":"https:\/\/milook.se\/en\/product\/annelie-bomber-jacket\/","og_locale":"en_GB","og_type":"article","og_title":"Annelie Bomber Jacket - Milook","og_description":"Snygg bomberjacka i mjuk velour som \u00e4r fodrad med jerseyfoder i bomull.Dragkedja i guld f\u00f6r en lyxig look.Jackan \u00e4r perfekt att anv\u00e4nda som alternativ till kofta eller kavaj.","og_url":"https:\/\/milook.se\/en\/product\/annelie-bomber-jacket\/","og_site_name":"Milook","article_publisher":"https:\/\/sv-se.facebook.com\/milooksweden\/","article_modified_time":"2025-07-08T07:37:20+00:00","og_image":[{"width":1154,"height":1500,"url":"https:\/\/milook.se\/wp-content\/uploads\/2022\/12\/52455720096e2925aa2a8b5d6f2ad0a5e56e4ac8.jpg","type":"image\/jpeg"}],"twitter_card":"summary_large_image","schema":{"@context":"https:\/\/schema.org","@graph":[{"@type":"WebPage","@id":"https:\/\/milook.se\/product\/annelie-bomber-jacket\/","url":"https:\/\/milook.se\/product\/annelie-bomber-jacket\/","name":"Annelie Bomber Jacket - Milook","isPartOf":{"@id":"https:\/\/milook.se\/#website"},"primaryImageOfPage":{"@id":"https:\/\/milook.se\/product\/annelie-bomber-jacket\/#primaryimage"},"image":{"@id":"https:\/\/milook.se\/product\/annelie-bomber-jacket\/#primaryimage"},"thumbnailUrl":"https:\/\/milook.se\/wp-content\/uploads\/2022\/12\/52455720096e2925aa2a8b5d6f2ad0a5e56e4ac8.jpg","datePublished":"2022-12-05T12:59:38+00:00","dateModified":"2025-07-08T07:37:20+00:00","breadcrumb":{"@id":"https:\/\/milook.se\/product\/annelie-bomber-jacket\/#breadcrumb"},"inLanguage":"en-GB","potentialAction":[{"@type":"ReadAction","target":["https:\/\/milook.se\/product\/annelie-bomber-jacket\/"]}]},{"@type":"ImageObject","inLanguage":"en-GB","@id":"https:\/\/milook.se\/product\/annelie-bomber-jacket\/#primaryimage","url":"https:\/\/milook.se\/wp-content\/uploads\/2022\/12\/52455720096e2925aa2a8b5d6f2ad0a5e56e4ac8.jpg","contentUrl":"https:\/\/milook.se\/wp-content\/uploads\/2022\/12\/52455720096e2925aa2a8b5d6f2ad0a5e56e4ac8.jpg","width":1154,"height":1500,"caption":"Annelie Bomber Jacket"},{"@type":"BreadcrumbList","@id":"https:\/\/milook.se\/product\/annelie-bomber-jacket\/#breadcrumb","itemListElement":[{"@type":"ListItem","position":1,"name":"Hem","item":"https:\/\/milook.se\/"},{"@type":"ListItem","position":2,"name":"V\u00e5r Webbutik","item":"https:\/\/milook.se\/shop\/"},{"@type":"ListItem","position":3,"name":"Annelie Bomber Jacket"}]},{"@type":"WebSite","@id":"https:\/\/milook.se\/#website","url":"https:\/\/milook.se\/","name":"Milook","description":"Kl\u00e4der i Kvalit\u00e9 och Design f\u00f6r Kvinnor","publisher":{"@id":"https:\/\/milook.se\/#organization"},"potentialAction":[{"@type":"SearchAction","target":{"@type":"EntryPoint","urlTemplate":"https:\/\/milook.se\/?s={search_term_string}"},"query-input":{"@type":"PropertyValueSpecification","valueRequired":true,"valueName":"search_term_string"}}],"inLanguage":"en-GB"},{"@type":"Organization","@id":"https:\/\/milook.se\/#organization","name":"Milook","url":"https:\/\/milook.se\/","logo":{"@type":"ImageObject","inLanguage":"en-GB","@id":"https:\/\/milook.se\/#\/schema\/logo\/image\/","url":"https:\/\/milook.se\/wp-content\/uploads\/2021\/08\/milook-newlogo.png","contentUrl":"https:\/\/milook.se\/wp-content\/uploads\/2021\/08\/milook-newlogo.png","width":190,"height":45,"caption":"Milook"},"image":{"@id":"https:\/\/milook.se\/#\/schema\/logo\/image\/"},"sameAs":["https:\/\/sv-se.facebook.com\/milooksweden\/","https:\/\/www.instagram.com\/milookofficial\/"]}]}},"_links":{"self":[{"href":"https:\/\/milook.se\/en\/wp-json\/wp\/v2\/product\/69162"}],"collection":[{"href":"https:\/\/milook.se\/en\/wp-json\/wp\/v2\/product"}],"about":[{"href":"https:\/\/milook.se\/en\/wp-json\/wp\/v2\/types\/product"}],"replies":[{"embeddable":true,"href":"https:\/\/milook.se\/en\/wp-json\/wp\/v2\/comments?post=69162"}],"wp:featuredmedia":[{"embeddable":true,"href":"https:\/\/milook.se\/en\/wp-json\/wp\/v2\/media\/69160"}],"wp:attachment":[{"href":"https:\/\/milook.se\/en\/wp-json\/wp\/v2\/media?parent=69162"}],"wp:term":[{"taxonomy":"product_cat","embeddable":true,"href":"https:\/\/milook.se\/en\/wp-json\/wp\/v2\/product_cat?post=69162"},{"taxonomy":"product_tag","embeddable":true,"href":"https:\/\/milook.se\/en\/wp-json\/wp\/v2\/product_tag?post=69162"}],"curies":[{"name":"wp","href":"https:\/\/api.w.org\/{rel}","templated":true}]}}