{"id":69173,"date":"2022-12-05T14:00:56","date_gmt":"2022-12-05T13:00:56","guid":{"rendered":"https:\/\/milook.se\/product\/fanny-top\/"},"modified":"2025-07-08T09:37:20","modified_gmt":"2025-07-08T07:37:20","slug":"fanny-top","status":"publish","type":"product","link":"https:\/\/milook.se\/en\/product\/fanny-top\/","title":{"rendered":""},"content":{"rendered":"<p>&Auml;rml&ouml;s topp i 100% &nbsp;linne.<\/p><p>The top has a V-neck at the front and a round neck at the back and can be used both ways around.<\/p><p>The top is cut on bias, which means that it has a stretch effect gets a flattering fit.<\/p><p>L&auml;ngden p&aring; blusen i storlek M &auml;r 65cm fr&aring;n axeln.<\/p><p>Material: 100% lin<\/p><p>Tv&auml;ttr&aring;d: 40 grader maskintv&auml;tt<\/p>","protected":false},"excerpt":{"rendered":"<p>\u00c4rml\u00f6s topp i 100%  linne. Toppen har v-hals fram och rund hals bak som g\u00e5r att v\u00e4nda s\u00e5 att man anv\u00e4nder den runda ringningen fram. Blusen \u00e4r skuren p\u00e5 skr\u00e5dden vilket inneb\u00e4r att den f\u00e5r en stretcheffekt och d\u00e4rmed bra passform.<\/p>","protected":false},"featured_media":69167,"comment_status":"open","ping_status":"closed","template":"","meta":[],"product_cat":[105],"product_tag":[],"yoast_head":"<!-- This site is optimized with the Yoast SEO plugin v24.5 - https:\/\/yoast.com\/wordpress\/plugins\/seo\/ -->\n<title>Fanny Top - Milook<\/title>\n<meta name=\"robots\" content=\"index, follow, max-snippet:-1, max-image-preview:large, max-video-preview:-1\" \/>\n<link rel=\"canonical\" href=\"https:\/\/milook.se\/en\/product\/fanny-top\/\" \/>\n<meta property=\"og:locale\" content=\"en_GB\" \/>\n<meta property=\"og:type\" content=\"article\" \/>\n<meta property=\"og:title\" content=\"Fanny Top - Milook\" \/>\n<meta property=\"og:description\" content=\"\u00c4rml\u00f6s topp i 100% linne. Toppen har v-hals fram och rund hals bak som g\u00e5r att v\u00e4nda s\u00e5 att man anv\u00e4nder den runda ringningen fram. Blusen \u00e4r skuren p\u00e5 skr\u00e5dden vilket inneb\u00e4r att den f\u00e5r en stretcheffekt och d\u00e4rmed bra passform.\" \/>\n<meta property=\"og:url\" content=\"https:\/\/milook.se\/en\/product\/fanny-top\/\" \/>\n<meta property=\"og:site_name\" content=\"Milook\" \/>\n<meta property=\"article:publisher\" content=\"https:\/\/sv-se.facebook.com\/milooksweden\/\" \/>\n<meta property=\"article:modified_time\" content=\"2025-07-08T07:37:20+00:00\" \/>\n<meta property=\"og:image\" content=\"https:\/\/milook.se\/wp-content\/uploads\/2022\/12\/b5b9f35cebb207de606d539a34a4109b.jpg\" \/>\n\t<meta property=\"og:image:width\" content=\"1286\" \/>\n\t<meta property=\"og:image:height\" content=\"1500\" \/>\n\t<meta property=\"og:image:type\" content=\"image\/jpeg\" \/>\n<meta name=\"twitter:card\" content=\"summary_large_image\" \/>\n<script type=\"application\/ld+json\" class=\"yoast-schema-graph\">{\"@context\":\"https:\/\/schema.org\",\"@graph\":[{\"@type\":\"WebPage\",\"@id\":\"https:\/\/milook.se\/product\/fanny-top\/\",\"url\":\"https:\/\/milook.se\/product\/fanny-top\/\",\"name\":\"Fanny Top - Milook\",\"isPartOf\":{\"@id\":\"https:\/\/milook.se\/#website\"},\"primaryImageOfPage\":{\"@id\":\"https:\/\/milook.se\/product\/fanny-top\/#primaryimage\"},\"image\":{\"@id\":\"https:\/\/milook.se\/product\/fanny-top\/#primaryimage\"},\"thumbnailUrl\":\"https:\/\/milook.se\/wp-content\/uploads\/2022\/12\/b5b9f35cebb207de606d539a34a4109b.jpg\",\"datePublished\":\"2022-12-05T13:00:56+00:00\",\"dateModified\":\"2025-07-08T07:37:20+00:00\",\"breadcrumb\":{\"@id\":\"https:\/\/milook.se\/product\/fanny-top\/#breadcrumb\"},\"inLanguage\":\"en-GB\",\"potentialAction\":[{\"@type\":\"ReadAction\",\"target\":[\"https:\/\/milook.se\/product\/fanny-top\/\"]}]},{\"@type\":\"ImageObject\",\"inLanguage\":\"en-GB\",\"@id\":\"https:\/\/milook.se\/product\/fanny-top\/#primaryimage\",\"url\":\"https:\/\/milook.se\/wp-content\/uploads\/2022\/12\/b5b9f35cebb207de606d539a34a4109b.jpg\",\"contentUrl\":\"https:\/\/milook.se\/wp-content\/uploads\/2022\/12\/b5b9f35cebb207de606d539a34a4109b.jpg\",\"width\":1286,\"height\":1500,\"caption\":\"Fanny Top\"},{\"@type\":\"BreadcrumbList\",\"@id\":\"https:\/\/milook.se\/product\/fanny-top\/#breadcrumb\",\"itemListElement\":[{\"@type\":\"ListItem\",\"position\":1,\"name\":\"Hem\",\"item\":\"https:\/\/milook.se\/\"},{\"@type\":\"ListItem\",\"position\":2,\"name\":\"V\u00e5r Webbutik\",\"item\":\"https:\/\/milook.se\/shop\/\"},{\"@type\":\"ListItem\",\"position\":3,\"name\":\"Fanny Top\"}]},{\"@type\":\"WebSite\",\"@id\":\"https:\/\/milook.se\/#website\",\"url\":\"https:\/\/milook.se\/\",\"name\":\"Milook\",\"description\":\"Kl\u00e4der i Kvalit\u00e9 och Design f\u00f6r Kvinnor\",\"publisher\":{\"@id\":\"https:\/\/milook.se\/#organization\"},\"potentialAction\":[{\"@type\":\"SearchAction\",\"target\":{\"@type\":\"EntryPoint\",\"urlTemplate\":\"https:\/\/milook.se\/?s={search_term_string}\"},\"query-input\":{\"@type\":\"PropertyValueSpecification\",\"valueRequired\":true,\"valueName\":\"search_term_string\"}}],\"inLanguage\":\"en-GB\"},{\"@type\":\"Organization\",\"@id\":\"https:\/\/milook.se\/#organization\",\"name\":\"Milook\",\"url\":\"https:\/\/milook.se\/\",\"logo\":{\"@type\":\"ImageObject\",\"inLanguage\":\"en-GB\",\"@id\":\"https:\/\/milook.se\/#\/schema\/logo\/image\/\",\"url\":\"https:\/\/milook.se\/wp-content\/uploads\/2021\/08\/milook-newlogo.png\",\"contentUrl\":\"https:\/\/milook.se\/wp-content\/uploads\/2021\/08\/milook-newlogo.png\",\"width\":190,\"height\":45,\"caption\":\"Milook\"},\"image\":{\"@id\":\"https:\/\/milook.se\/#\/schema\/logo\/image\/\"},\"sameAs\":[\"https:\/\/sv-se.facebook.com\/milooksweden\/\",\"https:\/\/www.instagram.com\/milookofficial\/\"]}]}<\/script>\n<!-- \/ Yoast SEO plugin. -->","yoast_head_json":{"title":"Fanny Top - Milook","robots":{"index":"index","follow":"follow","max-snippet":"max-snippet:-1","max-image-preview":"max-image-preview:large","max-video-preview":"max-video-preview:-1"},"canonical":"https:\/\/milook.se\/en\/product\/fanny-top\/","og_locale":"en_GB","og_type":"article","og_title":"Fanny Top - Milook","og_description":"\u00c4rml\u00f6s topp i 100% linne. Toppen har v-hals fram och rund hals bak som g\u00e5r att v\u00e4nda s\u00e5 att man anv\u00e4nder den runda ringningen fram. Blusen \u00e4r skuren p\u00e5 skr\u00e5dden vilket inneb\u00e4r att den f\u00e5r en stretcheffekt och d\u00e4rmed bra passform.","og_url":"https:\/\/milook.se\/en\/product\/fanny-top\/","og_site_name":"Milook","article_publisher":"https:\/\/sv-se.facebook.com\/milooksweden\/","article_modified_time":"2025-07-08T07:37:20+00:00","og_image":[{"width":1286,"height":1500,"url":"https:\/\/milook.se\/wp-content\/uploads\/2022\/12\/b5b9f35cebb207de606d539a34a4109b.jpg","type":"image\/jpeg"}],"twitter_card":"summary_large_image","schema":{"@context":"https:\/\/schema.org","@graph":[{"@type":"WebPage","@id":"https:\/\/milook.se\/product\/fanny-top\/","url":"https:\/\/milook.se\/product\/fanny-top\/","name":"Fanny Top - Milook","isPartOf":{"@id":"https:\/\/milook.se\/#website"},"primaryImageOfPage":{"@id":"https:\/\/milook.se\/product\/fanny-top\/#primaryimage"},"image":{"@id":"https:\/\/milook.se\/product\/fanny-top\/#primaryimage"},"thumbnailUrl":"https:\/\/milook.se\/wp-content\/uploads\/2022\/12\/b5b9f35cebb207de606d539a34a4109b.jpg","datePublished":"2022-12-05T13:00:56+00:00","dateModified":"2025-07-08T07:37:20+00:00","breadcrumb":{"@id":"https:\/\/milook.se\/product\/fanny-top\/#breadcrumb"},"inLanguage":"en-GB","potentialAction":[{"@type":"ReadAction","target":["https:\/\/milook.se\/product\/fanny-top\/"]}]},{"@type":"ImageObject","inLanguage":"en-GB","@id":"https:\/\/milook.se\/product\/fanny-top\/#primaryimage","url":"https:\/\/milook.se\/wp-content\/uploads\/2022\/12\/b5b9f35cebb207de606d539a34a4109b.jpg","contentUrl":"https:\/\/milook.se\/wp-content\/uploads\/2022\/12\/b5b9f35cebb207de606d539a34a4109b.jpg","width":1286,"height":1500,"caption":"Fanny Top"},{"@type":"BreadcrumbList","@id":"https:\/\/milook.se\/product\/fanny-top\/#breadcrumb","itemListElement":[{"@type":"ListItem","position":1,"name":"Hem","item":"https:\/\/milook.se\/"},{"@type":"ListItem","position":2,"name":"V\u00e5r Webbutik","item":"https:\/\/milook.se\/shop\/"},{"@type":"ListItem","position":3,"name":"Fanny Top"}]},{"@type":"WebSite","@id":"https:\/\/milook.se\/#website","url":"https:\/\/milook.se\/","name":"Milook","description":"Kl\u00e4der i Kvalit\u00e9 och Design f\u00f6r Kvinnor","publisher":{"@id":"https:\/\/milook.se\/#organization"},"potentialAction":[{"@type":"SearchAction","target":{"@type":"EntryPoint","urlTemplate":"https:\/\/milook.se\/?s={search_term_string}"},"query-input":{"@type":"PropertyValueSpecification","valueRequired":true,"valueName":"search_term_string"}}],"inLanguage":"en-GB"},{"@type":"Organization","@id":"https:\/\/milook.se\/#organization","name":"Milook","url":"https:\/\/milook.se\/","logo":{"@type":"ImageObject","inLanguage":"en-GB","@id":"https:\/\/milook.se\/#\/schema\/logo\/image\/","url":"https:\/\/milook.se\/wp-content\/uploads\/2021\/08\/milook-newlogo.png","contentUrl":"https:\/\/milook.se\/wp-content\/uploads\/2021\/08\/milook-newlogo.png","width":190,"height":45,"caption":"Milook"},"image":{"@id":"https:\/\/milook.se\/#\/schema\/logo\/image\/"},"sameAs":["https:\/\/sv-se.facebook.com\/milooksweden\/","https:\/\/www.instagram.com\/milookofficial\/"]}]}},"_links":{"self":[{"href":"https:\/\/milook.se\/en\/wp-json\/wp\/v2\/product\/69173"}],"collection":[{"href":"https:\/\/milook.se\/en\/wp-json\/wp\/v2\/product"}],"about":[{"href":"https:\/\/milook.se\/en\/wp-json\/wp\/v2\/types\/product"}],"replies":[{"embeddable":true,"href":"https:\/\/milook.se\/en\/wp-json\/wp\/v2\/comments?post=69173"}],"wp:featuredmedia":[{"embeddable":true,"href":"https:\/\/milook.se\/en\/wp-json\/wp\/v2\/media\/69167"}],"wp:attachment":[{"href":"https:\/\/milook.se\/en\/wp-json\/wp\/v2\/media?parent=69173"}],"wp:term":[{"taxonomy":"product_cat","embeddable":true,"href":"https:\/\/milook.se\/en\/wp-json\/wp\/v2\/product_cat?post=69173"},{"taxonomy":"product_tag","embeddable":true,"href":"https:\/\/milook.se\/en\/wp-json\/wp\/v2\/product_tag?post=69173"}],"curies":[{"name":"wp","href":"https:\/\/api.w.org\/{rel}","templated":true}]}}