{"id":85514,"date":"2023-06-04T19:03:36","date_gmt":"2023-06-04T17:03:36","guid":{"rendered":"https:\/\/milook.se\/product\/anki-flower-bag\/"},"modified":"2025-09-11T11:49:27","modified_gmt":"2025-09-11T09:49:27","slug":"anki-flower-bag","status":"publish","type":"product","link":"https:\/\/milook.se\/en\/product\/anki-flower-bag\/","title":{"rendered":""},"content":{"rendered":"<p>Handmade straw bag in 100% jute with a nice decorative floral silver print around the entire bag.<\/p><p>Perfect to use as a beach bag, shopping bag or as an interior detail for storage.<\/p><p>Size:<\/p><ul>\n<li>Height: 32 cm<\/li>\n<li>Opening: 45 cm<\/li>\n<li>Bottom: 32 cm<\/li>\n<li>Handle: 50 cm<\/li>\n<\/ul><p>Material: 100% Jute<\/p><p>&nbsp;<\/p>","protected":false},"excerpt":{"rendered":"<p>Handgjord str\u00e5v\u00e4ska i 100% jute med fint dekorativt blommigt silvertryck runt om hela v\u00e4skan.<\/p><p>Perfekt att anv\u00e4nda som strandbag, shoppingv\u00e4ska eller som inredningsdetalj f\u00f6r f\u00f6rvaring.<\/p>","protected":false},"featured_media":0,"comment_status":"open","ping_status":"closed","template":"","meta":[],"product_cat":[105],"product_tag":[],"yoast_head":"<!-- This site is optimized with the Yoast SEO plugin v24.5 - https:\/\/yoast.com\/wordpress\/plugins\/seo\/ -->\n<title>Anki Flower Bag - Milook<\/title>\n<meta name=\"robots\" content=\"index, follow, max-snippet:-1, max-image-preview:large, max-video-preview:-1\" \/>\n<link rel=\"canonical\" href=\"https:\/\/milook.se\/en\/product\/anki-flower-bag\/\" \/>\n<meta property=\"og:locale\" content=\"en_GB\" \/>\n<meta property=\"og:type\" content=\"article\" \/>\n<meta property=\"og:title\" content=\"Anki Flower Bag - Milook\" \/>\n<meta property=\"og:description\" content=\"Handgjord str\u00e5v\u00e4ska i 100% jute med fint dekorativt blommigt silvertryck runt om hela v\u00e4skan.Perfekt att anv\u00e4nda som strandbag, shoppingv\u00e4ska eller som inredningsdetalj f\u00f6r f\u00f6rvaring.\" \/>\n<meta property=\"og:url\" content=\"https:\/\/milook.se\/en\/product\/anki-flower-bag\/\" \/>\n<meta property=\"og:site_name\" content=\"Milook\" \/>\n<meta property=\"article:publisher\" content=\"https:\/\/sv-se.facebook.com\/milooksweden\/\" \/>\n<meta property=\"article:modified_time\" content=\"2025-09-11T09:49:27+00:00\" \/>\n<meta property=\"og:image\" content=\"https:\/\/milook.se\/wp-content\/uploads\/2023\/06\/524557185b53476ebc33c58b86b9fe079ff75a94.jpg\" \/>\n\t<meta property=\"og:image:width\" content=\"1000\" \/>\n\t<meta property=\"og:image:height\" content=\"1000\" \/>\n\t<meta property=\"og:image:type\" content=\"image\/jpeg\" \/>\n<meta name=\"twitter:card\" content=\"summary_large_image\" \/>\n<script type=\"application\/ld+json\" class=\"yoast-schema-graph\">{\"@context\":\"https:\/\/schema.org\",\"@graph\":[{\"@type\":\"WebPage\",\"@id\":\"https:\/\/milook.se\/product\/anki-flower-bag\/\",\"url\":\"https:\/\/milook.se\/product\/anki-flower-bag\/\",\"name\":\"Anki Flower Bag - Milook\",\"isPartOf\":{\"@id\":\"https:\/\/milook.se\/#website\"},\"datePublished\":\"2023-06-04T17:03:36+00:00\",\"dateModified\":\"2025-09-11T09:49:27+00:00\",\"breadcrumb\":{\"@id\":\"https:\/\/milook.se\/product\/anki-flower-bag\/#breadcrumb\"},\"inLanguage\":\"en-GB\",\"potentialAction\":[{\"@type\":\"ReadAction\",\"target\":[\"https:\/\/milook.se\/product\/anki-flower-bag\/\"]}]},{\"@type\":\"BreadcrumbList\",\"@id\":\"https:\/\/milook.se\/product\/anki-flower-bag\/#breadcrumb\",\"itemListElement\":[{\"@type\":\"ListItem\",\"position\":1,\"name\":\"Hem\",\"item\":\"https:\/\/milook.se\/\"},{\"@type\":\"ListItem\",\"position\":2,\"name\":\"V\u00e5r Webbutik\",\"item\":\"https:\/\/milook.se\/shop\/\"},{\"@type\":\"ListItem\",\"position\":3,\"name\":\"Anki Flower Bag\"}]},{\"@type\":\"WebSite\",\"@id\":\"https:\/\/milook.se\/#website\",\"url\":\"https:\/\/milook.se\/\",\"name\":\"Milook\",\"description\":\"Kl\u00e4der i Kvalit\u00e9 och Design f\u00f6r Kvinnor\",\"publisher\":{\"@id\":\"https:\/\/milook.se\/#organization\"},\"potentialAction\":[{\"@type\":\"SearchAction\",\"target\":{\"@type\":\"EntryPoint\",\"urlTemplate\":\"https:\/\/milook.se\/?s={search_term_string}\"},\"query-input\":{\"@type\":\"PropertyValueSpecification\",\"valueRequired\":true,\"valueName\":\"search_term_string\"}}],\"inLanguage\":\"en-GB\"},{\"@type\":\"Organization\",\"@id\":\"https:\/\/milook.se\/#organization\",\"name\":\"Milook\",\"url\":\"https:\/\/milook.se\/\",\"logo\":{\"@type\":\"ImageObject\",\"inLanguage\":\"en-GB\",\"@id\":\"https:\/\/milook.se\/#\/schema\/logo\/image\/\",\"url\":\"https:\/\/milook.se\/wp-content\/uploads\/2021\/08\/milook-newlogo.png\",\"contentUrl\":\"https:\/\/milook.se\/wp-content\/uploads\/2021\/08\/milook-newlogo.png\",\"width\":190,\"height\":45,\"caption\":\"Milook\"},\"image\":{\"@id\":\"https:\/\/milook.se\/#\/schema\/logo\/image\/\"},\"sameAs\":[\"https:\/\/sv-se.facebook.com\/milooksweden\/\",\"https:\/\/www.instagram.com\/milookofficial\/\"]}]}<\/script>\n<!-- \/ Yoast SEO plugin. -->","yoast_head_json":{"title":"Anki Flower Bag - Milook","robots":{"index":"index","follow":"follow","max-snippet":"max-snippet:-1","max-image-preview":"max-image-preview:large","max-video-preview":"max-video-preview:-1"},"canonical":"https:\/\/milook.se\/en\/product\/anki-flower-bag\/","og_locale":"en_GB","og_type":"article","og_title":"Anki Flower Bag - Milook","og_description":"Handgjord str\u00e5v\u00e4ska i 100% jute med fint dekorativt blommigt silvertryck runt om hela v\u00e4skan.Perfekt att anv\u00e4nda som strandbag, shoppingv\u00e4ska eller som inredningsdetalj f\u00f6r f\u00f6rvaring.","og_url":"https:\/\/milook.se\/en\/product\/anki-flower-bag\/","og_site_name":"Milook","article_publisher":"https:\/\/sv-se.facebook.com\/milooksweden\/","article_modified_time":"2025-09-11T09:49:27+00:00","og_image":[{"width":1000,"height":1000,"url":"https:\/\/milook.se\/wp-content\/uploads\/2023\/06\/524557185b53476ebc33c58b86b9fe079ff75a94.jpg","type":"image\/jpeg"}],"twitter_card":"summary_large_image","schema":{"@context":"https:\/\/schema.org","@graph":[{"@type":"WebPage","@id":"https:\/\/milook.se\/product\/anki-flower-bag\/","url":"https:\/\/milook.se\/product\/anki-flower-bag\/","name":"Anki Flower Bag - Milook","isPartOf":{"@id":"https:\/\/milook.se\/#website"},"datePublished":"2023-06-04T17:03:36+00:00","dateModified":"2025-09-11T09:49:27+00:00","breadcrumb":{"@id":"https:\/\/milook.se\/product\/anki-flower-bag\/#breadcrumb"},"inLanguage":"en-GB","potentialAction":[{"@type":"ReadAction","target":["https:\/\/milook.se\/product\/anki-flower-bag\/"]}]},{"@type":"BreadcrumbList","@id":"https:\/\/milook.se\/product\/anki-flower-bag\/#breadcrumb","itemListElement":[{"@type":"ListItem","position":1,"name":"Hem","item":"https:\/\/milook.se\/"},{"@type":"ListItem","position":2,"name":"V\u00e5r Webbutik","item":"https:\/\/milook.se\/shop\/"},{"@type":"ListItem","position":3,"name":"Anki Flower Bag"}]},{"@type":"WebSite","@id":"https:\/\/milook.se\/#website","url":"https:\/\/milook.se\/","name":"Milook","description":"Kl\u00e4der i Kvalit\u00e9 och Design f\u00f6r Kvinnor","publisher":{"@id":"https:\/\/milook.se\/#organization"},"potentialAction":[{"@type":"SearchAction","target":{"@type":"EntryPoint","urlTemplate":"https:\/\/milook.se\/?s={search_term_string}"},"query-input":{"@type":"PropertyValueSpecification","valueRequired":true,"valueName":"search_term_string"}}],"inLanguage":"en-GB"},{"@type":"Organization","@id":"https:\/\/milook.se\/#organization","name":"Milook","url":"https:\/\/milook.se\/","logo":{"@type":"ImageObject","inLanguage":"en-GB","@id":"https:\/\/milook.se\/#\/schema\/logo\/image\/","url":"https:\/\/milook.se\/wp-content\/uploads\/2021\/08\/milook-newlogo.png","contentUrl":"https:\/\/milook.se\/wp-content\/uploads\/2021\/08\/milook-newlogo.png","width":190,"height":45,"caption":"Milook"},"image":{"@id":"https:\/\/milook.se\/#\/schema\/logo\/image\/"},"sameAs":["https:\/\/sv-se.facebook.com\/milooksweden\/","https:\/\/www.instagram.com\/milookofficial\/"]}]}},"_links":{"self":[{"href":"https:\/\/milook.se\/en\/wp-json\/wp\/v2\/product\/85514"}],"collection":[{"href":"https:\/\/milook.se\/en\/wp-json\/wp\/v2\/product"}],"about":[{"href":"https:\/\/milook.se\/en\/wp-json\/wp\/v2\/types\/product"}],"replies":[{"embeddable":true,"href":"https:\/\/milook.se\/en\/wp-json\/wp\/v2\/comments?post=85514"}],"wp:attachment":[{"href":"https:\/\/milook.se\/en\/wp-json\/wp\/v2\/media?parent=85514"}],"wp:term":[{"taxonomy":"product_cat","embeddable":true,"href":"https:\/\/milook.se\/en\/wp-json\/wp\/v2\/product_cat?post=85514"},{"taxonomy":"product_tag","embeddable":true,"href":"https:\/\/milook.se\/en\/wp-json\/wp\/v2\/product_tag?post=85514"}],"curies":[{"name":"wp","href":"https:\/\/api.w.org\/{rel}","templated":true}]}}