{"id":85788,"date":"2023-06-20T21:47:44","date_gmt":"2023-06-20T19:47:44","guid":{"rendered":"https:\/\/milook.se\/product\/tanya-top-2\/"},"modified":"2025-07-08T09:37:19","modified_gmt":"2025-07-08T07:37:19","slug":"tanya-top-2","status":"publish","type":"product","link":"https:\/\/milook.se\/en\/product\/tanya-top-2\/","title":{"rendered":""},"content":{"rendered":"<p>Stilren kort&auml;rmad blus med skorstenskrage. Modellen &auml;r l&auml;tt oversized och har rak passform.<\/p><p>The top has an opening at the back that is buttoned with 2 small mother-of-pearl buttons.<\/p><p>L&auml;ngden &auml;r 53cm fr&aring;n axel i storl.M<\/p><p>Passar perfekt till Vera-skirt, Nattie trousers eller Jenny shorts.<\/p><p>Storlekar: S-M-L<\/p><p>F&auml;rger:&nbsp;Light beige, Black, Off white, Navy, Denim, Khakigreen, Sand, Orange, Raspberryred<\/p><p>Material: 100% Linen<\/p><p>Pris: 795:-<\/p><p>Maskin tv&auml;tt 40&deg;C<\/p><p>&nbsp;<\/p>","protected":false},"excerpt":{"rendered":"<p>Stilren kort&auml;rmad blus med skorstenskrage. Modellen &auml;r l&auml;tt oversized och har rak passform. Toppen har en &ouml;ppning bak som kn&auml;pps med 2 sm&aring; &auml;kta p&auml;rlemorknappar. L&auml;ngden &auml;r 53cm fr&aring;n axel i storl.M Passar perfekt till Vera-skirt, Nattie trousers eller Jenny shorts. Storlekar: S-M-L F&auml;rger:&nbsp;Light beige, Black, Off white, Navy, Denim, Khakigreen, Sand, Orange, Raspberryred Material: 100% Linen Pris: 795:- Maskin tv&auml;tt 40&deg;C &nbsp;<\/p>","protected":false},"featured_media":0,"comment_status":"open","ping_status":"closed","template":"","meta":[],"product_cat":[105],"product_tag":[],"yoast_head":"<!-- This site is optimized with the Yoast SEO plugin v24.5 - https:\/\/yoast.com\/wordpress\/plugins\/seo\/ -->\n<title>Tanya Top - Milook<\/title>\n<meta name=\"robots\" content=\"index, follow, max-snippet:-1, max-image-preview:large, max-video-preview:-1\" \/>\n<link rel=\"canonical\" href=\"https:\/\/milook.se\/en\/product\/tanya-top-2\/\" \/>\n<meta property=\"og:locale\" content=\"en_GB\" \/>\n<meta property=\"og:type\" content=\"article\" \/>\n<meta property=\"og:title\" content=\"Tanya Top - Milook\" \/>\n<meta property=\"og:description\" content=\"Stilren kort&auml;rmad blus med skorstenskrage. Modellen &auml;r l&auml;tt oversized och har rak passform. Toppen har en &ouml;ppning bak som kn&auml;pps med 2 sm&aring; &auml;kta p&auml;rlemorknappar. L&auml;ngden &auml;r 53cm fr&aring;n axel i storl.M Passar perfekt till Vera-skirt, Nattie trousers eller Jenny shorts. Storlekar: S-M-L F&auml;rger:&nbsp;Light beige, Black, Off white, Navy, Denim, Khakigreen, Sand, Orange, Raspberryred Material: 100% Linen Pris: 795:- Maskin tv&auml;tt 40&deg;C &nbsp;\" \/>\n<meta property=\"og:url\" content=\"https:\/\/milook.se\/en\/product\/tanya-top-2\/\" \/>\n<meta property=\"og:site_name\" content=\"Milook\" \/>\n<meta property=\"article:publisher\" content=\"https:\/\/sv-se.facebook.com\/milooksweden\/\" \/>\n<meta property=\"article:modified_time\" content=\"2025-07-08T07:37:19+00:00\" \/>\n<meta property=\"og:image\" content=\"https:\/\/milook.se\/wp-content\/uploads\/2023\/06\/548421120e81362fc5defc12b122d40af5e9fc99.jpg\" \/>\n\t<meta property=\"og:image:width\" content=\"1500\" \/>\n\t<meta property=\"og:image:height\" content=\"1500\" \/>\n\t<meta property=\"og:image:type\" content=\"image\/jpeg\" \/>\n<meta name=\"twitter:card\" content=\"summary_large_image\" \/>\n<script type=\"application\/ld+json\" class=\"yoast-schema-graph\">{\"@context\":\"https:\/\/schema.org\",\"@graph\":[{\"@type\":\"WebPage\",\"@id\":\"https:\/\/milook.se\/product\/tanya-top-2\/\",\"url\":\"https:\/\/milook.se\/product\/tanya-top-2\/\",\"name\":\"Tanya Top - Milook\",\"isPartOf\":{\"@id\":\"https:\/\/milook.se\/#website\"},\"datePublished\":\"2023-06-20T19:47:44+00:00\",\"dateModified\":\"2025-07-08T07:37:19+00:00\",\"breadcrumb\":{\"@id\":\"https:\/\/milook.se\/product\/tanya-top-2\/#breadcrumb\"},\"inLanguage\":\"en-GB\",\"potentialAction\":[{\"@type\":\"ReadAction\",\"target\":[\"https:\/\/milook.se\/product\/tanya-top-2\/\"]}]},{\"@type\":\"BreadcrumbList\",\"@id\":\"https:\/\/milook.se\/product\/tanya-top-2\/#breadcrumb\",\"itemListElement\":[{\"@type\":\"ListItem\",\"position\":1,\"name\":\"Hem\",\"item\":\"https:\/\/milook.se\/\"},{\"@type\":\"ListItem\",\"position\":2,\"name\":\"V\u00e5r Webbutik\",\"item\":\"https:\/\/milook.se\/shop\/\"},{\"@type\":\"ListItem\",\"position\":3,\"name\":\"Tanya Top\"}]},{\"@type\":\"WebSite\",\"@id\":\"https:\/\/milook.se\/#website\",\"url\":\"https:\/\/milook.se\/\",\"name\":\"Milook\",\"description\":\"Kl\u00e4der i Kvalit\u00e9 och Design f\u00f6r Kvinnor\",\"publisher\":{\"@id\":\"https:\/\/milook.se\/#organization\"},\"potentialAction\":[{\"@type\":\"SearchAction\",\"target\":{\"@type\":\"EntryPoint\",\"urlTemplate\":\"https:\/\/milook.se\/?s={search_term_string}\"},\"query-input\":{\"@type\":\"PropertyValueSpecification\",\"valueRequired\":true,\"valueName\":\"search_term_string\"}}],\"inLanguage\":\"en-GB\"},{\"@type\":\"Organization\",\"@id\":\"https:\/\/milook.se\/#organization\",\"name\":\"Milook\",\"url\":\"https:\/\/milook.se\/\",\"logo\":{\"@type\":\"ImageObject\",\"inLanguage\":\"en-GB\",\"@id\":\"https:\/\/milook.se\/#\/schema\/logo\/image\/\",\"url\":\"https:\/\/milook.se\/wp-content\/uploads\/2021\/08\/milook-newlogo.png\",\"contentUrl\":\"https:\/\/milook.se\/wp-content\/uploads\/2021\/08\/milook-newlogo.png\",\"width\":190,\"height\":45,\"caption\":\"Milook\"},\"image\":{\"@id\":\"https:\/\/milook.se\/#\/schema\/logo\/image\/\"},\"sameAs\":[\"https:\/\/sv-se.facebook.com\/milooksweden\/\",\"https:\/\/www.instagram.com\/milookofficial\/\"]}]}<\/script>\n<!-- \/ Yoast SEO plugin. -->","yoast_head_json":{"title":"Tanya Top - Milook","robots":{"index":"index","follow":"follow","max-snippet":"max-snippet:-1","max-image-preview":"max-image-preview:large","max-video-preview":"max-video-preview:-1"},"canonical":"https:\/\/milook.se\/en\/product\/tanya-top-2\/","og_locale":"en_GB","og_type":"article","og_title":"Tanya Top - Milook","og_description":"Stilren kort&auml;rmad blus med skorstenskrage. Modellen &auml;r l&auml;tt oversized och har rak passform. Toppen har en &ouml;ppning bak som kn&auml;pps med 2 sm&aring; &auml;kta p&auml;rlemorknappar. L&auml;ngden &auml;r 53cm fr&aring;n axel i storl.M Passar perfekt till Vera-skirt, Nattie trousers eller Jenny shorts. Storlekar: S-M-L F&auml;rger:&nbsp;Light beige, Black, Off white, Navy, Denim, Khakigreen, Sand, Orange, Raspberryred Material: 100% Linen Pris: 795:- Maskin tv&auml;tt 40&deg;C &nbsp;","og_url":"https:\/\/milook.se\/en\/product\/tanya-top-2\/","og_site_name":"Milook","article_publisher":"https:\/\/sv-se.facebook.com\/milooksweden\/","article_modified_time":"2025-07-08T07:37:19+00:00","og_image":[{"width":1500,"height":1500,"url":"https:\/\/milook.se\/wp-content\/uploads\/2023\/06\/548421120e81362fc5defc12b122d40af5e9fc99.jpg","type":"image\/jpeg"}],"twitter_card":"summary_large_image","schema":{"@context":"https:\/\/schema.org","@graph":[{"@type":"WebPage","@id":"https:\/\/milook.se\/product\/tanya-top-2\/","url":"https:\/\/milook.se\/product\/tanya-top-2\/","name":"Tanya Top - Milook","isPartOf":{"@id":"https:\/\/milook.se\/#website"},"datePublished":"2023-06-20T19:47:44+00:00","dateModified":"2025-07-08T07:37:19+00:00","breadcrumb":{"@id":"https:\/\/milook.se\/product\/tanya-top-2\/#breadcrumb"},"inLanguage":"en-GB","potentialAction":[{"@type":"ReadAction","target":["https:\/\/milook.se\/product\/tanya-top-2\/"]}]},{"@type":"BreadcrumbList","@id":"https:\/\/milook.se\/product\/tanya-top-2\/#breadcrumb","itemListElement":[{"@type":"ListItem","position":1,"name":"Hem","item":"https:\/\/milook.se\/"},{"@type":"ListItem","position":2,"name":"V\u00e5r Webbutik","item":"https:\/\/milook.se\/shop\/"},{"@type":"ListItem","position":3,"name":"Tanya Top"}]},{"@type":"WebSite","@id":"https:\/\/milook.se\/#website","url":"https:\/\/milook.se\/","name":"Milook","description":"Kl\u00e4der i Kvalit\u00e9 och Design f\u00f6r Kvinnor","publisher":{"@id":"https:\/\/milook.se\/#organization"},"potentialAction":[{"@type":"SearchAction","target":{"@type":"EntryPoint","urlTemplate":"https:\/\/milook.se\/?s={search_term_string}"},"query-input":{"@type":"PropertyValueSpecification","valueRequired":true,"valueName":"search_term_string"}}],"inLanguage":"en-GB"},{"@type":"Organization","@id":"https:\/\/milook.se\/#organization","name":"Milook","url":"https:\/\/milook.se\/","logo":{"@type":"ImageObject","inLanguage":"en-GB","@id":"https:\/\/milook.se\/#\/schema\/logo\/image\/","url":"https:\/\/milook.se\/wp-content\/uploads\/2021\/08\/milook-newlogo.png","contentUrl":"https:\/\/milook.se\/wp-content\/uploads\/2021\/08\/milook-newlogo.png","width":190,"height":45,"caption":"Milook"},"image":{"@id":"https:\/\/milook.se\/#\/schema\/logo\/image\/"},"sameAs":["https:\/\/sv-se.facebook.com\/milooksweden\/","https:\/\/www.instagram.com\/milookofficial\/"]}]}},"_links":{"self":[{"href":"https:\/\/milook.se\/en\/wp-json\/wp\/v2\/product\/85788"}],"collection":[{"href":"https:\/\/milook.se\/en\/wp-json\/wp\/v2\/product"}],"about":[{"href":"https:\/\/milook.se\/en\/wp-json\/wp\/v2\/types\/product"}],"replies":[{"embeddable":true,"href":"https:\/\/milook.se\/en\/wp-json\/wp\/v2\/comments?post=85788"}],"wp:attachment":[{"href":"https:\/\/milook.se\/en\/wp-json\/wp\/v2\/media?parent=85788"}],"wp:term":[{"taxonomy":"product_cat","embeddable":true,"href":"https:\/\/milook.se\/en\/wp-json\/wp\/v2\/product_cat?post=85788"},{"taxonomy":"product_tag","embeddable":true,"href":"https:\/\/milook.se\/en\/wp-json\/wp\/v2\/product_tag?post=85788"}],"curies":[{"name":"wp","href":"https:\/\/api.w.org\/{rel}","templated":true}]}}